{"id":3397,"date":"2022-06-30T15:21:58","date_gmt":"2022-06-30T13:21:58","guid":{"rendered":"https:\/\/metalperformances.com\/protecciones\/"},"modified":"2022-10-17T08:48:27","modified_gmt":"2022-10-17T06:48:27","slug":"protecciones","status":"publish","type":"page","link":"https:\/\/metalperformances.com\/es\/protecciones\/","title":{"rendered":"Protecciones"},"content":{"rendered":"<div class=\"wpb-content-wrapper\"><p>[vc_row row_type=&#8221;full_width&#8221; type=&#8221;container&#8221; bg_select=&#8221;bg_parallax&#8221; parallax_speed=&#8221;4&#8243; parallax_repeat=&#8221;cover&#8221; bg_image_postions=&#8221;center bottom&#8221; parallax_img=&#8221;4150&#8243; parallax_overlay=&#8221;#404040&#8243; el_class=&#8221;bg-pages&#8221;][vc_column][vc_raw_html][\/vc_raw_html][\/vc_column][\/vc_row][vc_row row_type=&#8221;full_width&#8221; type=&#8221;container&#8221; bg_color=&#8221;#fbfbfb&#8221; el_class=&#8221;h1-pages&#8221;][vc_column el_class=&#8221;heading-pages&#8221;]<div class=\"wbc-heading clearfix\"><h1 class=\"special-heading-3 xs-responsive-text-30 sm-responsive-text-40 md-responsive-text-45\" style=\"font-size:90px;line-height:60px;text-align:center;\">PROTECCIONES<\/h1><\/div><div class=\"wbc-heading clearfix\"><h3 class=\"default-heading\" style=\"font-size:30px;color:#dc3d3f;text-align:center;padding-top:5rem;\">Protecci\u00f3n duradera contra impactos<\/h3><\/div>[vc_single_image image=&#8221;2203&#8243; img_size=&#8221;full&#8221; alignment=&#8221;center&#8221;][vc_column_text]<\/p>\n<p style=\"font-size: 1.5rem; text-align: center;\"><strong>Nuestras soluciones a medida se adaptan a su entorno.  <\/strong><\/p>\n<p>[\/vc_column_text][vc_raw_html]PGRpdiBzdHlsZT0idGV4dC1hbGlnbjogY2VudGVyOyI+PGEgc3R5bGU9Im1hcmdpbjogMnJlbTsgYmFja2dyb3VuZC1jb2xvcjogI2I0YjQwMDsgYm9yZGVyLWNvbG9yOiAjYjRiNDAwOyIgY2xhc3M9ImJ0bi1qb2JzIHdiYy1idXR0b24gYnV0dG9uIGJ0bi1wcmltYXJ5IG5vLWhvdmVyIiBocmVmPSIjcXVvdGUtcmVxdWVzdCI+U29saWNpdGFyIHVuIHByZXN1cHVlc3RvPC9hPjwvZGl2Pg==[\/vc_raw_html][\/vc_column][\/vc_row][vc_row match_height=&#8221;yes&#8221; vertical_center=&#8221;yes&#8221;][vc_column width=&#8221;1\/2&#8243; content_align=&#8221;text-left&#8221; p_top=&#8221;10rem&#8221; p_bottom=&#8221;10rem&#8221; p_left=&#8221;10%&#8221; p_right=&#8221;20%&#8221; el_class=&#8221;text-position-right&#8221;]<div class=\"wbc-heading clearfix\"><h5 class=\"default-heading\" style=\"color:#5a5a5a;\"><\/h5><\/div><div class=\"wbc-heading clearfix\"><h3 class=\"default-heading\" style=\"color:#b4b400;\">Una soluci\u00f3n sostenible<\/h3><\/div><div class=\"wbc-team-box clearfix\" style=\"color:#646464;\"><div class=\"wbc-team-content\"><div class=\"team-name\"><h5 >Jane <span class=\"wbc-color\" >Candy<\/span><\/h5><span>\"Lead Coder\"<\/span><\/div><div class=\"member-details\">Nuestras protecciones ofrecen soluciones duraderas para sus equipos e instalaciones. Protegen sus tabiques, puertas de m\u00e1quinas, tabiques aislados y al personal. Nuestro procedimiento de instalaci\u00f3n nos permite cumplir los requisitos de higiene y seguridad exigidos por nuestros clientes, y somos capaces de satisfacer las necesidades de diversos sectores de actividad:<\/p>\n<ul>\n<li>Agroalimentario<\/li>\n<li>Farmac\u00e9utica<\/li>\n<li>Comunidades<\/li>\n<li>Hospitales<\/li>\n<li>Plataforma log\u00edstica<\/li>\n<li>Cosm\u00e9ticos<\/li>\n<li>Cocina central<\/li>\n<\/ul>\n<p><\/div><div class=\"team-icons\"><\/div><\/div><\/div>[\/vc_column][vc_column width=&#8221;1\/2&#8243; parallax_repeat=&#8221;cover&#8221; bg_image_postions=&#8221;center center&#8221; parallax_img=&#8221;4154&#8243; offset=&#8221;vc_hidden-xs&#8221; el_class=&#8221;cover-position&#8221;][vc_raw_html][\/vc_raw_html][\/vc_column][\/vc_row][vc_row match_height=&#8221;yes&#8221; vertical_center=&#8221;yes&#8221;][vc_column width=&#8221;1\/2&#8243; parallax_repeat=&#8221;cover&#8221; bg_image_postions=&#8221;center center&#8221; p_top=&#8221;10rem&#8221; p_bottom=&#8221;10rem&#8221; parallax_img=&#8221;4158&#8243; offset=&#8221;vc_hidden-xs&#8221; el_class=&#8221;cover-position-right&#8221;][vc_raw_html][\/vc_raw_html][\/vc_column][vc_column width=&#8221;1\/2&#8243; content_align=&#8221;text-right&#8221; p_top=&#8221;10rem&#8221; p_bottom=&#8221;10rem&#8221; p_left=&#8221;20%&#8221; p_right=&#8221;10%&#8221; el_class=&#8221;text-position&#8221;]<div class=\"wbc-heading clearfix\"><h5 class=\"default-heading\" style=\"color:#5a5a5a;text-align:left;\"><\/h5><\/div><div class=\"wbc-heading clearfix\"><h3 class=\"default-heading\" style=\"color:#b4b400;text-align:left;\">Ofrecemos varias gamas de bordes<\/h3><\/div><div class=\"wbc-team-box clearfix\" ><div class=\"wbc-team-content\"><div class=\"team-name\"><h5 >Jane <span class=\"wbc-color\" >Candy<\/span><\/h5><span>\"Lead Coder\"<\/span><\/div><div class=\"member-details\">En un proyecto de obra nueva o de renovaci\u00f3n, le ofrecemos soluciones adaptadas a sus condiciones de tr\u00e1fico, pero tambi\u00e9n a sus normas de higiene y frecuencias de lavado. Gracias a nuestra experiencia, podemos recomendarle el producto adecuado para su uso:<\/p>\n<ul>\n<li>Borde de acero inoxidable relleno de hormig\u00f3n (banco)<\/li>\n<li>Bordes de bancos de hormig\u00f3n<\/li>\n<li>Z\u00f3calo plano, 1 o 2 protuberancias<\/li>\n<\/ul>\n<p>Protecci\u00f3n tubular fijada al suelo mediante perforaci\u00f3n de n\u00facleo o mediante esp\u00e1rragos de anclaje:<\/p>\n<ul>\n<li>Poste o quilla de protecci\u00f3n<\/li>\n<li>Barrera\/arco simple o de alambre<\/li>\n<li>Protecci\u00f3n personalizada (RIA, m\u00e1quina)<\/li>\n<\/ul>\n<p><\/div><div class=\"team-icons\"><\/div><\/div><\/div>[\/vc_column][\/vc_row][vc_row match_height=&#8221;yes&#8221; vertical_center=&#8221;yes&#8221;][vc_column width=&#8221;1\/2&#8243; p_top=&#8221;10rem&#8221; p_bottom=&#8221;10rem&#8221; p_left=&#8221;10%&#8221; p_right=&#8221;20%&#8221; el_class=&#8221;text-position-right&#8221;]<div class=\"wbc-heading clearfix\"><h5 class=\"default-heading\" style=\"color:#5a5a5a;\"><\/h5><\/div><div class=\"wbc-heading clearfix\"><h3 class=\"default-heading\" style=\"color:#b4b400;\">Bordillos y bancos de acero inoxidable<\/h3><\/div><div class=\"wbc-team-box clearfix\" ><div class=\"wbc-team-content\"><div class=\"team-name\"><h5 >Jane <span class=\"wbc-color\" >Candy<\/span><\/h5><span>\"Lead Coder\"<\/span><\/div><div class=\"member-details\">Ofrecemos bordillos de acero inoxidable rellenos de hormig\u00f3n (est\u00e1ndar, con ranura de resina, con tapajuntas de resina y con revestimiento). Este equipo le permite proteger sus paneles isot\u00e9rmicos. El relleno de hormig\u00f3n aumenta la resistencia y proporciona as\u00ed una protecci\u00f3n duradera contra el impacto de varios carros. La estanqueidad de nuestros bordillos facilita su mantenimiento y limpieza.<\/div><div class=\"team-icons\"><\/div><\/div><\/div>[\/vc_column][vc_column width=&#8221;1\/2&#8243; parallax_repeat=&#8221;cover&#8221; bg_image_postions=&#8221;center center&#8221; parallax_img=&#8221;4162&#8243; offset=&#8221;vc_hidden-xs&#8221; el_class=&#8221;cover-position&#8221;][vc_raw_html][\/vc_raw_html][\/vc_column][\/vc_row][vc_row match_height=&#8221;yes&#8221; vertical_center=&#8221;yes&#8221;][vc_column width=&#8221;1\/2&#8243; parallax_repeat=&#8221;cover&#8221; bg_image_postions=&#8221;center center&#8221; parallax_img=&#8221;3509&#8243; offset=&#8221;vc_hidden-xs&#8221; el_class=&#8221;cover-position-right&#8221;][vc_raw_html][\/vc_raw_html][\/vc_column][vc_column width=&#8221;1\/2&#8243; p_top=&#8221;10rem&#8221; p_bottom=&#8221;10rem&#8221; p_left=&#8221;10%&#8221; p_right=&#8221;20%&#8221; el_class=&#8221;text-position&#8221;]<div class=\"wbc-heading clearfix\"><h5 class=\"default-heading\" style=\"color:#5a5a5a;\"><\/h5><\/div><div class=\"wbc-heading clearfix\"><h3 class=\"default-heading\" style=\"color:#b4b400;\">Rodapi\u00e9s de acero inoxidable<\/h3><\/div><div class=\"wbc-team-box clearfix\" ><div class=\"wbc-team-content\"><div class=\"team-name\"><h5 >Jane <span class=\"wbc-color\" >Candy<\/span><\/h5><span>\"Lead Coder\"<\/span><\/div><div class=\"member-details\">El z\u00f3calo de acero inoxidable protege los paneles isot\u00e9rmicos de los impactos de sus equipos de manipulaci\u00f3n (contenedores europeos, rodillos para contenedores y carros manuales). El rodapi\u00e9 puede ser simple, doble o plano. Este producto es ideal para asegurar y optimizar el espacio en sus salones sociales y pasillos.<\/div><div class=\"team-icons\"><\/div><\/div><\/div>[\/vc_column][\/vc_row][vc_row match_height=&#8221;yes&#8221; vertical_center=&#8221;yes&#8221;][vc_column width=&#8221;1\/2&#8243; p_top=&#8221;10rem&#8221; p_bottom=&#8221;10rem&#8221; p_left=&#8221;10%&#8221; p_right=&#8221;20%&#8221; el_class=&#8221;text-position-right&#8221;]<div class=\"wbc-heading clearfix\"><h5 class=\"default-heading\" style=\"color:#5a5a5a;\"><\/h5><\/div><div class=\"wbc-heading clearfix\"><h3 class=\"default-heading\" style=\"color:#b4b400;\">Protecciones tubulares<\/h3><\/div><div class=\"wbc-team-box clearfix\" ><div class=\"wbc-team-content\"><div class=\"team-name\"><h5 >Jane <span class=\"wbc-color\" >Candy<\/span><\/h5><span>\"Lead Coder\"<\/span><\/div><div class=\"member-details\">Nuestras protecciones tubulares rellenas o no de hormig\u00f3n (poste, barrera, alambre\/protecci\u00f3n especial) protegen las puertas y los paneles aislados en las f\u00e1bricas.<\/p>\n<p>La fijaci\u00f3n puede ser sobre una placa o mediante perforaci\u00f3n en el suelo, existiendo diferentes di\u00e1metros. Ofrecemos diferentes acabados: acero inoxidable decapado, acero pintado o galvanizado.<\/div><div class=\"team-icons\"><\/div><\/div><\/div>[\/vc_column][vc_column width=&#8221;1\/2&#8243; parallax_repeat=&#8221;cover&#8221; bg_image_postions=&#8221;center center&#8221; parallax_img=&#8221;3585&#8243; offset=&#8221;vc_hidden-xs&#8221; el_class=&#8221;cover-position&#8221;][vc_raw_html][\/vc_raw_html][\/vc_column][\/vc_row][vc_row row_type=&#8221;full_width&#8221; type=&#8221;container&#8221; bg_select=&#8221;bg_color_section&#8221; bg_color=&#8221;#2b2b2b&#8221; anchor=&#8221;quote-request&#8221;][vc_column]<div class=\"wbc-heading clearfix\"><h3 class=\"special-heading-3\" style=\"font-size:45px;color:#ffffff;text-align:center;margin-top:4rem;\">SOLICITUD DE PRESUPUESTO<\/h3><\/div>[vc_single_image image=&#8221;2203&#8243; alignment=&#8221;center&#8221;]\n<div class=\"wpcf7 no-js\" id=\"wpcf7-f2716-o1\" lang=\"\" dir=\"ltr\" data-wpcf7-id=\"2716\">\n<div class=\"screen-reader-response\"><p role=\"status\" aria-live=\"polite\" aria-atomic=\"true\"><\/p> <ul><\/ul><\/div>\n<form action=\"\/es\/wp-json\/wp\/v2\/pages\/3397#wpcf7-f2716-o1\" method=\"post\" class=\"wpcf7-form init\" aria-label=\"Contact form\" enctype=\"multipart\/form-data\" novalidate=\"novalidate\" data-status=\"init\">\n<fieldset class=\"hidden-fields-container\"><input type=\"hidden\" name=\"_wpcf7\" value=\"2716\" \/><input type=\"hidden\" name=\"_wpcf7_version\" value=\"6.1.4\" \/><input type=\"hidden\" name=\"_wpcf7_locale\" value=\"\" \/><input type=\"hidden\" name=\"_wpcf7_unit_tag\" value=\"wpcf7-f2716-o1\" \/><input type=\"hidden\" name=\"_wpcf7_container_post\" value=\"0\" \/><input type=\"hidden\" name=\"_wpcf7_posted_data_hash\" value=\"\" \/><input type=\"hidden\" name=\"_wpcf7_recaptcha_response\" value=\"\" \/>\n<\/fieldset>\n<div class=\"row\">\n\t<div class=\"col-sm-6\">\n\t\t<p><br \/>\n<label> Votre pr\u00e9nom et votre nom <\/label><br \/>\n<span class=\"wpcf7-form-control-wrap\" data-name=\"your-name\"><input size=\"40\" maxlength=\"400\" class=\"wpcf7-form-control wpcf7-text wpcf7-validates-as-required\" aria-required=\"true\" aria-invalid=\"false\" value=\"\" type=\"text\" name=\"your-name\" \/><\/span>\n\t\t<\/p>\n\t<\/div>\n\t<div class=\"col-sm-6\">\n\t\t<p><br \/>\n<label> Votre e-mail <\/label><br \/>\n<span class=\"wpcf7-form-control-wrap\" data-name=\"your-email\"><input size=\"40\" maxlength=\"400\" class=\"wpcf7-form-control wpcf7-email wpcf7-validates-as-required wpcf7-text wpcf7-validates-as-email\" aria-required=\"true\" aria-invalid=\"false\" value=\"\" type=\"email\" name=\"your-email\" \/><\/span>\n\t\t<\/p>\n\t<\/div>\n\t<div class=\"col-sm-12\">\n\t\t<p><br \/>\n<label> Pi\u00e8ces jointes <\/label><br \/>\n<span class=\"wpcf7-form-control-wrap\" data-name=\"your-files\"><input size=\"40\" class=\"wpcf7-form-control wpcf7-file wpcf7-validates-as-required\" accept=\"image\/*,.txt,application\/pdf\" aria-required=\"true\" aria-invalid=\"false\" type=\"file\" name=\"your-files\" \/><\/span>\n\t\t<\/p>\n\t<\/div>\n\t<div class=\"col-sm-12\">\n\t\t<p><br \/>\n<label> Votre message <\/label><br \/>\n<span class=\"wpcf7-form-control-wrap\" data-name=\"your-message\"><textarea cols=\"40\" rows=\"10\" maxlength=\"2000\" class=\"wpcf7-form-control wpcf7-textarea wpcf7-validates-as-required\" aria-required=\"true\" aria-invalid=\"false\" name=\"your-message\"><\/textarea><\/span>\n\t\t<\/p>\n\t<\/div>\n\t<div class=\"col-sm-12\">\n\t\t<p><input class=\"wpcf7-form-control wpcf7-submit has-spinner\" type=\"submit\" value=\"Envoyer\" \/>\n\t\t<\/p>\n\t<\/div>\n<\/div><div class=\"wpcf7-response-output\" aria-hidden=\"true\"><\/div>\n<\/form>\n<\/div>\n[\/vc_column][\/vc_row]<\/p>\n<\/div>","protected":false},"excerpt":{"rendered":"<p>[vc_row row_type=&#8221;full_width&#8221; type=&#8221;container&#8221; bg_select=&#8221;bg_parallax&#8221; parallax_speed=&#8221;4&#8243; parallax_repeat=&#8221;cover&#8221; bg_image_postions=&#8221;center bottom&#8221; parallax_img=&#8221;4150&#8243; parallax_overlay=&#8221;#404040&#8243; el_class=&#8221;bg-pages&#8221;][vc_column][vc_raw_html][\/vc_raw_html][\/vc_column][\/vc_row][vc_row row_type=&#8221;full_width&#8221; type=&#8221;container&#8221; bg_color=&#8221;#fbfbfb&#8221; el_class=&#8221;h1-pages&#8221;][vc_column el_class=&#8221;heading-pages&#8221;][vc_single_image image=&#8221;2203&#8243; img_size=&#8221;full&#8221; alignment=&#8221;center&#8221;][vc_column_text] Nuestras soluciones a medida se adaptan a su entorno. [\/vc_column_text][vc_raw_html]PGRpdiBzdHlsZT0idGV4dC1hbGlnbjogY2VudGVyOyI+PGEgc3R5bGU9Im1hcmdpbjogMnJlbTsgYmFja2dyb3VuZC1jb2xvcjogI2I0YjQwMDsgYm9yZGVyLWNvbG9yOiAjYjRiNDAwOyIgY2xhc3M9ImJ0bi1qb2JzIHdiYy1idXR0b24gYnV0dG9uIGJ0bi1wcmltYXJ5IG5vLWhvdmVyIiBocmVmPSIjcXVvdGUtcmVxdWVzdCI+U29saWNpdGFyIHVuIHByZXN1cHVlc3RvPC9hPjwvZGl2Pg==[\/vc_raw_html][\/vc_column][\/vc_row][vc_row match_height=&#8221;yes&#8221; vertical_center=&#8221;yes&#8221;][vc_column width=&#8221;1\/2&#8243; content_align=&#8221;text-left&#8221; p_top=&#8221;10rem&#8221; p_bottom=&#8221;10rem&#8221; p_left=&#8221;10%&#8221; p_right=&#8221;20%&#8221; el_class=&#8221;text-position-right&#8221;][\/vc_column][vc_column width=&#8221;1\/2&#8243; parallax_repeat=&#8221;cover&#8221; bg_image_postions=&#8221;center center&#8221; parallax_img=&#8221;4154&#8243; offset=&#8221;vc_hidden-xs&#8221; el_class=&#8221;cover-position&#8221;][vc_raw_html][\/vc_raw_html][\/vc_column][\/vc_row][vc_row match_height=&#8221;yes&#8221; vertical_center=&#8221;yes&#8221;][vc_column width=&#8221;1\/2&#8243; parallax_repeat=&#8221;cover&#8221; bg_image_postions=&#8221;center center&#8221; p_top=&#8221;10rem&#8221; p_bottom=&#8221;10rem&#8221; parallax_img=&#8221;4158&#8243; offset=&#8221;vc_hidden-xs&#8221; [&hellip;]<\/p>\n","protected":false},"author":1,"featured_media":0,"parent":0,"menu_order":0,"comment_status":"closed","ping_status":"closed","template":"template-page-full.php","meta":{"footnotes":""},"class_list":["post-3397","page","type-page","status-publish","hentry"],"_links":{"self":[{"href":"https:\/\/metalperformances.com\/es\/wp-json\/wp\/v2\/pages\/3397","targetHints":{"allow":["GET"]}}],"collection":[{"href":"https:\/\/metalperformances.com\/es\/wp-json\/wp\/v2\/pages"}],"about":[{"href":"https:\/\/metalperformances.com\/es\/wp-json\/wp\/v2\/types\/page"}],"author":[{"embeddable":true,"href":"https:\/\/metalperformances.com\/es\/wp-json\/wp\/v2\/users\/1"}],"replies":[{"embeddable":true,"href":"https:\/\/metalperformances.com\/es\/wp-json\/wp\/v2\/comments?post=3397"}],"version-history":[{"count":14,"href":"https:\/\/metalperformances.com\/es\/wp-json\/wp\/v2\/pages\/3397\/revisions"}],"predecessor-version":[{"id":4189,"href":"https:\/\/metalperformances.com\/es\/wp-json\/wp\/v2\/pages\/3397\/revisions\/4189"}],"wp:attachment":[{"href":"https:\/\/metalperformances.com\/es\/wp-json\/wp\/v2\/media?parent=3397"}],"curies":[{"name":"wp","href":"https:\/\/api.w.org\/{rel}","templated":true}]}}