{"id":3387,"date":"2022-06-30T15:20:15","date_gmt":"2022-06-30T13:20:15","guid":{"rendered":"https:\/\/metalperformances.com\/corte-por-laser\/"},"modified":"2022-10-17T09:00:42","modified_gmt":"2022-10-17T07:00:42","slug":"corte-por-laser","status":"publish","type":"page","link":"https:\/\/metalperformances.com\/es\/corte-por-laser\/","title":{"rendered":"Corte por l\u00e1ser"},"content":{"rendered":"<div class=\"wpb-content-wrapper\"><p>[vc_row row_type=&#8221;full_width&#8221; type=&#8221;container&#8221; bg_select=&#8221;bg_parallax&#8221; parallax_speed=&#8221;4&#8243; parallax_repeat=&#8221;cover&#8221; bg_image_postions=&#8221;center bottom&#8221; parallax_img=&#8221;3304&#8243; parallax_overlay=&#8221;#404040&#8243; el_class=&#8221;bg-pages&#8221;][vc_column][vc_raw_html][\/vc_raw_html][\/vc_column][\/vc_row][vc_row row_type=&#8221;full_width&#8221; type=&#8221;container&#8221; bg_color=&#8221;#fbfbfb&#8221; el_class=&#8221;h1-pages&#8221;][vc_column el_class=&#8221;heading-pages&#8221;]<div class=\"wbc-heading clearfix\"><h1 class=\"special-heading-3 xs-responsive-text-30 sm-responsive-text-40 md-responsive-text-45\" style=\"font-size:90px;line-height:60px;text-align:center;\">CORTE L\u00c1SER<\/h1><\/div><div class=\"wbc-heading clearfix\"><h3 class=\"default-heading\" style=\"font-size:30px;color:#dc3d3f;text-align:center;padding-top:5rem;\">Una nueva forma de trabajar en sus proyectos<\/h3><\/div>[vc_single_image image=&#8221;2203&#8243; img_size=&#8221;full&#8221; alignment=&#8221;center&#8221;][vc_column_text]<\/p>\n<p style=\"font-size: 1.5rem; text-align: center;\"><strong>Le apoyamos en sus proyectos de corte de chapa y tubos.<br \/>\n<\/strong><\/p>\n<p>[\/vc_column_text][vc_raw_html]PGRpdiBzdHlsZT0idGV4dC1hbGlnbjogY2VudGVyOyI+PGEgc3R5bGU9Im1hcmdpbjogMnJlbTsgYmFja2dyb3VuZC1jb2xvcjogI2I0YjQwMDsgYm9yZGVyLWNvbG9yOiAjYjRiNDAwOyIgY2xhc3M9ImJ0bi1qb2JzIHdiYy1idXR0b24gYnV0dG9uIGJ0bi1wcmltYXJ5IG5vLWhvdmVyIiBocmVmPSIjcXVvdGUtcmVxdWVzdCI+U29saWNpdGFyIHVuIHByZXN1cHVlc3RvPC9hPjwvZGl2Pg==[\/vc_raw_html][\/vc_column][\/vc_row][vc_row match_height=&#8221;yes&#8221; vertical_center=&#8221;yes&#8221;][vc_column width=&#8221;1\/2&#8243; content_align=&#8221;text-left&#8221; p_top=&#8221;10rem&#8221; p_bottom=&#8221;10rem&#8221; p_left=&#8221;10%&#8221; p_right=&#8221;20%&#8221; el_class=&#8221;text-position-right&#8221;]<div class=\"wbc-heading clearfix\"><h5 class=\"default-heading\" style=\"color:#5a5a5a;\">Respondemos a sus proyectos<\/h5><\/div><div class=\"wbc-heading clearfix\"><h3 class=\"default-heading\" style=\"color:#b4b400;\">Cortar, grabar y marcar<\/h3><\/div><div class=\"wbc-team-box clearfix\" style=\"color:#646464;\"><div class=\"wbc-team-content\"><div class=\"team-name\"><h5 >Jane <span class=\"wbc-color\" >Candy<\/span><\/h5><span>\"Lead Coder\"<\/span><\/div><div class=\"member-details\">Nuestra m\u00e1quina nos permite satisfacer sus requisitos m\u00e1s precisos y es capaz de trabajar los siguientes materiales<\/p>\n<ul>\n<li>Acero: 20 mm<\/li>\n<li>Acero inoxidable: 15 mm<\/li>\n<li>Aluminio: 20 mm<\/li>\n<\/ul>\n<p>Producimos piezas sueltas y series peque\u00f1as y medianas.<\/div><div class=\"team-icons\"><\/div><\/div><\/div>[\/vc_column][vc_column width=&#8221;1\/2&#8243; parallax_repeat=&#8221;cover&#8221; bg_image_postions=&#8221;center center&#8221; parallax_img=&#8221;4190&#8243; offset=&#8221;vc_hidden-xs&#8221; el_class=&#8221;cover-position&#8221;][vc_raw_html][\/vc_raw_html][\/vc_column][\/vc_row][vc_row match_height=&#8221;yes&#8221; vertical_center=&#8221;yes&#8221;][vc_column width=&#8221;1\/2&#8243; parallax_repeat=&#8221;cover&#8221; bg_image_postions=&#8221;center center&#8221; p_top=&#8221;10rem&#8221; p_bottom=&#8221;10rem&#8221; parallax_img=&#8221;4194&#8243; offset=&#8221;vc_hidden-xs&#8221; el_class=&#8221;cover-position-right&#8221;][vc_raw_html][\/vc_raw_html][\/vc_column][vc_column width=&#8221;1\/2&#8243; content_align=&#8221;text-right&#8221; p_top=&#8221;10rem&#8221; p_bottom=&#8221;10rem&#8221; p_left=&#8221;20%&#8221; p_right=&#8221;10%&#8221; el_class=&#8221;text-position&#8221;]<div class=\"wbc-heading clearfix\"><h5 class=\"default-heading\" style=\"color:#5a5a5a;text-align:left;\"><\/h5><\/div><div class=\"wbc-heading clearfix\"><h3 class=\"default-heading\" style=\"color:#b4b400;text-align:left;\">\u00bfNuestro plus? \u00a1El tubo l\u00e1ser!<\/h3><\/div><div class=\"wbc-team-box clearfix\" ><div class=\"wbc-team-content\"><div class=\"team-name\"><h5 >Jane <span class=\"wbc-color\" >Candy<\/span><\/h5><span>\"Lead Coder\"<\/span><\/div><div class=\"member-details\">Tambi\u00e9n podemos ofrecerle el corte de tubos para sus proyectos de tuber\u00edas y carpinter\u00eda met\u00e1lica. Nuestra m\u00e1quina puede cortar tubos redondos de hasta \u00d8219 mm y m\u00e1s de 6 m de longitud, as\u00ed como tubos cuadrados, rectangulares y angulares. Optimizamos los pedidos de nuestros clientes manteniendo nuestro stock de perfiles actualizado de forma muy regular, lo que nos permite ser muy reactivos.<\/div><div class=\"team-icons\"><\/div><\/div><\/div>[\/vc_column][\/vc_row][vc_row match_height=&#8221;yes&#8221; vertical_center=&#8221;yes&#8221;][vc_column width=&#8221;1\/2&#8243; p_top=&#8221;10rem&#8221; p_bottom=&#8221;10rem&#8221; p_left=&#8221;10%&#8221; p_right=&#8221;20%&#8221; el_class=&#8221;text-position-right&#8221;]<div class=\"wbc-heading clearfix\"><h5 class=\"default-heading\" style=\"color:#5a5a5a;\"><\/h5><\/div><div class=\"wbc-heading clearfix\"><h3 class=\"default-heading\" style=\"color:#b4b400;\">\u00bfC\u00f3mo gestionamos sus proyectos?<\/h3><\/div><div class=\"wbc-team-box clearfix\" ><div class=\"wbc-team-content\"><div class=\"team-name\"><h5 >Jane <span class=\"wbc-color\" >Candy<\/span><\/h5><span>\"Lead Coder\"<\/span><\/div><div class=\"member-details\">Puede ponerse en contacto con nosotros para informarse sobre c\u00f3mo desarrollar su proyecto. A continuaci\u00f3n, le enviaremos un presupuesto. Nosotros<br \/>\nEstamos disponibles durante todo el proceso de fabricaci\u00f3n y podemos asesorarle sobre el material y el dise\u00f1o.<\/div><div class=\"team-icons\"><\/div><\/div><\/div>[\/vc_column][vc_column width=&#8221;1\/2&#8243; parallax_repeat=&#8221;cover&#8221; bg_image_postions=&#8221;center center&#8221; parallax_img=&#8221;4198&#8243; offset=&#8221;vc_hidden-xs&#8221; el_class=&#8221;cover-position&#8221;][vc_raw_html][\/vc_raw_html][\/vc_column][\/vc_row][vc_row match_height=&#8221;yes&#8221; vertical_center=&#8221;yes&#8221;][vc_column width=&#8221;1\/2&#8243; parallax_repeat=&#8221;cover&#8221; bg_image_postions=&#8221;center center&#8221; p_top=&#8221;10rem&#8221; p_bottom=&#8221;10rem&#8221; parallax_img=&#8221;4202&#8243; offset=&#8221;vc_hidden-xs&#8221; el_class=&#8221;cover-position-right&#8221;][vc_raw_html][\/vc_raw_html][\/vc_column][vc_column width=&#8221;1\/2&#8243; p_top=&#8221;10rem&#8221; p_bottom=&#8221;10rem&#8221; p_left=&#8221;20%&#8221; p_right=&#8221;10%&#8221; el_class=&#8221;text-position&#8221;]<div class=\"wbc-heading clearfix\"><h5 class=\"default-heading\" style=\"color:#5a5a5a;text-align:left;\"><\/h5><\/div><div class=\"wbc-heading clearfix\"><h3 class=\"default-heading\" style=\"color:#b4b400;text-align:left;\">Sobre la entrega<\/h3><\/div><div class=\"wbc-team-box clearfix\" ><div class=\"wbc-team-content\"><div class=\"team-name\"><h5 >Jane <span class=\"wbc-color\" >Candy<\/span><\/h5><span>\"Lead Coder\"<\/span><\/div><div class=\"member-details\">Damos forma a sus piezas en nuestros talleres, situados en Breta\u00f1a, en el municipio de Beignon (56), a 45 minutos de Vannes y 30 minutos de Rennes. Puede recoger sus piezas in situ o podemos organizar la entrega.<\/div><div class=\"team-icons\"><\/div><\/div><\/div>[\/vc_column][\/vc_row][vc_row match_height=&#8221;yes&#8221; vertical_center=&#8221;yes&#8221; p_bottom=&#8221;40&#8243;][vc_column width=&#8221;1\/2&#8243; p_top=&#8221;10rem&#8221; p_bottom=&#8221;10rem&#8221; p_left=&#8221;10%&#8221; p_right=&#8221;20%&#8221; el_class=&#8221;text-position-right&#8221;]<div class=\"wbc-heading clearfix\"><h5 class=\"default-heading\" style=\"color:#5a5a5a;\"><\/h5><\/div><div class=\"wbc-heading clearfix\"><h3 class=\"default-heading\" style=\"color:#b4b400;\">La calidad de sus proyectos es nuestra prioridad<\/h3><\/div><div class=\"wbc-team-box clearfix\" ><div class=\"wbc-team-content\"><div class=\"team-name\"><h5 >Jane <span class=\"wbc-color\" >Candy<\/span><\/h5><span>\"Lead Coder\"<\/span><\/div><div class=\"member-details\">Adem\u00e1s de los distintos acabados ofrecidos, nuestros equipos est\u00e1n formados y realizan controles de calidad, as\u00ed como el desbarbado de sus piezas. Para optimizar la calidad de sus piezas, podemos proporcionarle certificados de calidad del material (CCPU).<\/div><div class=\"team-icons\"><\/div><\/div><\/div>[\/vc_column][vc_column width=&#8221;1\/2&#8243; parallax_repeat=&#8221;cover&#8221; bg_image_postions=&#8221;center center&#8221; parallax_img=&#8221;4216&#8243; offset=&#8221;vc_hidden-xs&#8221; el_class=&#8221;cover-position&#8221;][vc_raw_html][\/vc_raw_html][\/vc_column][\/vc_row][vc_row row_type=&#8221;full_width&#8221; type=&#8221;container&#8221; bg_select=&#8221;bg_color_section&#8221; p_top=&#8221;60&#8243; border_color=&#8221;#ebebeb&#8221; el_class=&#8221;particulier&#8221;][vc_column]<div class=\"wbc-heading clearfix\"><div class=\"default-heading\" style=\"font-size:35px;color:#5a5a5a;text-align:center;\">Hacemos realidad sus ideas de regalo.<\/div><\/div><div class=\"wbc-heading clearfix\"><h3 class=\"default-heading\" style=\"font-size:15px;color:#b4b400;text-align:center;\"><\/h3><\/div>[vc_single_image image=&#8221;2203&#8243; img_size=&#8221;full&#8221; alignment=&#8221;center&#8221;][\/vc_column][vc_column width=&#8221;1\/3&#8243; content_align=&#8221;text-center&#8221; el_class=&#8221;lienlien&#8221;]<div class=\"wbc-team-box clearfix\" style=\"color:#646464;\"><img loading=\"lazy\" decoding=\"async\" width=\"267\" height=\"350\" src=\"https:\/\/metalperformances.com\/content\/uploads\/2022\/06\/illus-decoupelaser-visuel06-mp.jpg\" class=\"attachment-full size-full\" alt=\"Impresi\u00f3n gr\u00e1fica met\u00e1lica\" srcset=\"https:\/\/metalperformances.com\/content\/uploads\/2022\/06\/illus-decoupelaser-visuel06-mp.jpg 267w, https:\/\/metalperformances.com\/content\/uploads\/2022\/06\/illus-decoupelaser-visuel06-mp-229x300.jpg 229w\" sizes=\"auto, (max-width: 267px) 100vw, 267px\" \/><div class=\"wbc-team-content\"><div class=\"team-name\"><h5 >Impresi\u00f3n gr\u00e1fica met\u00e1lica<\/h5><span>\"Lead Coder\"<\/span><\/div><div class=\"member-details\"><\/div><div class=\"team-icons\"><\/div><\/div><\/div>[\/vc_column][vc_column width=&#8221;1\/3&#8243; content_align=&#8221;text-center&#8221; el_class=&#8221;lienlien&#8221;]<div class=\"wbc-team-box clearfix\" style=\"color:#646464;\"><img loading=\"lazy\" decoding=\"async\" width=\"267\" height=\"350\" src=\"https:\/\/metalperformances.com\/content\/uploads\/2022\/06\/illus-decoupelaser-visuel07-mp.jpg\" class=\"attachment-full size-full\" alt=\"Cortar a medida\" srcset=\"https:\/\/metalperformances.com\/content\/uploads\/2022\/06\/illus-decoupelaser-visuel07-mp.jpg 267w, https:\/\/metalperformances.com\/content\/uploads\/2022\/06\/illus-decoupelaser-visuel07-mp-229x300.jpg 229w\" sizes=\"auto, (max-width: 267px) 100vw, 267px\" \/><div class=\"wbc-team-content\"><div class=\"team-name\"><h5 >Cortar a medida<\/h5><span>\"Lead Coder\"<\/span><\/div><div class=\"member-details\"><\/div><div class=\"team-icons\"><\/div><\/div><\/div>[\/vc_column][vc_column width=&#8221;1\/3&#8243; content_align=&#8221;text-center&#8221; el_class=&#8221;lienlien&#8221;]<div class=\"wbc-team-box clearfix\" style=\"color:#646464;\"><img loading=\"lazy\" decoding=\"async\" width=\"267\" height=\"350\" src=\"https:\/\/metalperformances.com\/content\/uploads\/2022\/06\/illus-decoupelaser-visuel08-mp.jpg\" class=\"attachment-full size-full\" alt=\"Ideas para regalar\" srcset=\"https:\/\/metalperformances.com\/content\/uploads\/2022\/06\/illus-decoupelaser-visuel08-mp.jpg 267w, https:\/\/metalperformances.com\/content\/uploads\/2022\/06\/illus-decoupelaser-visuel08-mp-229x300.jpg 229w\" sizes=\"auto, (max-width: 267px) 100vw, 267px\" \/><div class=\"wbc-team-content\"><div class=\"team-name\"><h5 >Ideas para regalar<\/h5><span>\"Lead Coder\"<\/span><\/div><div class=\"member-details\"><\/div><div class=\"team-icons\"><\/div><\/div><\/div>[\/vc_column][\/vc_row][vc_row row_type=&#8221;full_width&#8221; type=&#8221;container&#8221; bg_select=&#8221;bg_color_section&#8221; bg_color=&#8221;#2b2b2b&#8221; anchor=&#8221;quote-request&#8221;][vc_column]<div class=\"wbc-heading clearfix\"><h3 class=\"special-heading-3\" style=\"font-size:45px;color:#ffffff;text-align:center;margin-top:4rem;\">SOLICITUD DE PRESUPUESTO<\/h3><\/div>[vc_single_image image=&#8221;2203&#8243; alignment=&#8221;center&#8221;]\n<div class=\"wpcf7 no-js\" id=\"wpcf7-f2715-o1\" lang=\"\" dir=\"ltr\" data-wpcf7-id=\"2715\">\n<div class=\"screen-reader-response\"><p role=\"status\" aria-live=\"polite\" aria-atomic=\"true\"><\/p> <ul><\/ul><\/div>\n<form action=\"\/es\/wp-json\/wp\/v2\/pages\/3387#wpcf7-f2715-o1\" method=\"post\" class=\"wpcf7-form init\" aria-label=\"Contact form\" enctype=\"multipart\/form-data\" novalidate=\"novalidate\" data-status=\"init\">\n<fieldset class=\"hidden-fields-container\"><input type=\"hidden\" name=\"_wpcf7\" value=\"2715\" \/><input type=\"hidden\" name=\"_wpcf7_version\" value=\"6.1.4\" \/><input type=\"hidden\" name=\"_wpcf7_locale\" value=\"\" \/><input type=\"hidden\" name=\"_wpcf7_unit_tag\" value=\"wpcf7-f2715-o1\" \/><input type=\"hidden\" name=\"_wpcf7_container_post\" value=\"0\" \/><input type=\"hidden\" name=\"_wpcf7_posted_data_hash\" value=\"\" \/><input type=\"hidden\" name=\"_wpcf7_recaptcha_response\" value=\"\" \/>\n<\/fieldset>\n<div class=\"row\">\n\t<div class=\"col-sm-4\">\n\t\t<p><br \/>\n<label> Votre pr\u00e9nom et votre nom <\/label><br \/>\n<span class=\"wpcf7-form-control-wrap\" data-name=\"your-name\"><input size=\"40\" maxlength=\"400\" class=\"wpcf7-form-control wpcf7-text wpcf7-validates-as-required\" aria-required=\"true\" aria-invalid=\"false\" value=\"\" type=\"text\" name=\"your-name\" \/><\/span>\n\t\t<\/p>\n\t<\/div>\n\t<div class=\"col-sm-4\">\n\t\t<p><br \/>\n<label> Votre e-mail <\/label><br \/>\n<span class=\"wpcf7-form-control-wrap\" data-name=\"your-email\"><input size=\"40\" maxlength=\"400\" class=\"wpcf7-form-control wpcf7-email wpcf7-validates-as-required wpcf7-text wpcf7-validates-as-email\" aria-required=\"true\" aria-invalid=\"false\" value=\"\" type=\"email\" name=\"your-email\" \/><\/span>\n\t\t<\/p>\n\t<\/div>\n\t<div class=\"col-sm-4\">\n\t\t<p><br \/>\n<label> Votre t\u00e9l\u00e9phone<\/label><br \/>\n<span class=\"wpcf7-form-control-wrap\" data-name=\"your-phone\"><input size=\"40\" maxlength=\"400\" class=\"wpcf7-form-control wpcf7-tel wpcf7-validates-as-required wpcf7-text wpcf7-validates-as-tel\" aria-required=\"true\" aria-invalid=\"false\" value=\"\" type=\"tel\" name=\"your-phone\" \/><\/span>\n\t\t<\/p>\n\t<\/div>\n\t<div class=\"col-sm-12\">\n\t\t<p><br \/>\n<label> Pi\u00e8ces jointes <\/label><br \/>\n<span class=\"wpcf7-form-control-wrap\" data-name=\"your-files\"><input size=\"40\" class=\"wpcf7-form-control wpcf7-file wpcf7-validates-as-required\" accept=\"image\/*,.txt,application\/pdf\" aria-required=\"true\" aria-invalid=\"false\" type=\"file\" name=\"your-files\" \/><\/span>\n\t\t<\/p>\n\t<\/div>\n\t<div class=\"col-sm-12\">\n\t\t<p><br \/>\n<label> Votre message <\/label><br \/>\n<span class=\"wpcf7-form-control-wrap\" data-name=\"your-message\"><textarea cols=\"40\" rows=\"10\" maxlength=\"2000\" class=\"wpcf7-form-control wpcf7-textarea wpcf7-validates-as-required\" aria-required=\"true\" aria-invalid=\"false\" name=\"your-message\"><\/textarea><\/span>\n\t\t<\/p>\n\t<\/div>\n\t<div class=\"col-sm-12\">\n\t\t<p><input class=\"wpcf7-form-control wpcf7-submit has-spinner\" type=\"submit\" value=\"Envoyer\" \/>\n\t\t<\/p>\n\t<\/div>\n<\/div><div class=\"wpcf7-response-output\" aria-hidden=\"true\"><\/div>\n<\/form>\n<\/div>\n[\/vc_column][\/vc_row]<\/p>\n<\/div>","protected":false},"excerpt":{"rendered":"<p>[vc_row row_type=&#8221;full_width&#8221; type=&#8221;container&#8221; bg_select=&#8221;bg_parallax&#8221; parallax_speed=&#8221;4&#8243; parallax_repeat=&#8221;cover&#8221; bg_image_postions=&#8221;center bottom&#8221; parallax_img=&#8221;3304&#8243; parallax_overlay=&#8221;#404040&#8243; el_class=&#8221;bg-pages&#8221;][vc_column][vc_raw_html][\/vc_raw_html][\/vc_column][\/vc_row][vc_row row_type=&#8221;full_width&#8221; type=&#8221;container&#8221; bg_color=&#8221;#fbfbfb&#8221; el_class=&#8221;h1-pages&#8221;][vc_column el_class=&#8221;heading-pages&#8221;][vc_single_image image=&#8221;2203&#8243; img_size=&#8221;full&#8221; alignment=&#8221;center&#8221;][vc_column_text] Le apoyamos en sus proyectos de corte de chapa y tubos. [\/vc_column_text][vc_raw_html]PGRpdiBzdHlsZT0idGV4dC1hbGlnbjogY2VudGVyOyI+PGEgc3R5bGU9Im1hcmdpbjogMnJlbTsgYmFja2dyb3VuZC1jb2xvcjogI2I0YjQwMDsgYm9yZGVyLWNvbG9yOiAjYjRiNDAwOyIgY2xhc3M9ImJ0bi1qb2JzIHdiYy1idXR0b24gYnV0dG9uIGJ0bi1wcmltYXJ5IG5vLWhvdmVyIiBocmVmPSIjcXVvdGUtcmVxdWVzdCI+U29saWNpdGFyIHVuIHByZXN1cHVlc3RvPC9hPjwvZGl2Pg==[\/vc_raw_html][\/vc_column][\/vc_row][vc_row match_height=&#8221;yes&#8221; vertical_center=&#8221;yes&#8221;][vc_column width=&#8221;1\/2&#8243; content_align=&#8221;text-left&#8221; p_top=&#8221;10rem&#8221; p_bottom=&#8221;10rem&#8221; p_left=&#8221;10%&#8221; p_right=&#8221;20%&#8221; el_class=&#8221;text-position-right&#8221;][\/vc_column][vc_column width=&#8221;1\/2&#8243; parallax_repeat=&#8221;cover&#8221; bg_image_postions=&#8221;center center&#8221; parallax_img=&#8221;4190&#8243; offset=&#8221;vc_hidden-xs&#8221; el_class=&#8221;cover-position&#8221;][vc_raw_html][\/vc_raw_html][\/vc_column][\/vc_row][vc_row match_height=&#8221;yes&#8221; vertical_center=&#8221;yes&#8221;][vc_column width=&#8221;1\/2&#8243; parallax_repeat=&#8221;cover&#8221; bg_image_postions=&#8221;center center&#8221; p_top=&#8221;10rem&#8221; p_bottom=&#8221;10rem&#8221; [&hellip;]<\/p>\n","protected":false},"author":1,"featured_media":0,"parent":0,"menu_order":0,"comment_status":"closed","ping_status":"closed","template":"template-page-full.php","meta":{"footnotes":""},"class_list":["post-3387","page","type-page","status-publish","hentry"],"_links":{"self":[{"href":"https:\/\/metalperformances.com\/es\/wp-json\/wp\/v2\/pages\/3387","targetHints":{"allow":["GET"]}}],"collection":[{"href":"https:\/\/metalperformances.com\/es\/wp-json\/wp\/v2\/pages"}],"about":[{"href":"https:\/\/metalperformances.com\/es\/wp-json\/wp\/v2\/types\/page"}],"author":[{"embeddable":true,"href":"https:\/\/metalperformances.com\/es\/wp-json\/wp\/v2\/users\/1"}],"replies":[{"embeddable":true,"href":"https:\/\/metalperformances.com\/es\/wp-json\/wp\/v2\/comments?post=3387"}],"version-history":[{"count":12,"href":"https:\/\/metalperformances.com\/es\/wp-json\/wp\/v2\/pages\/3387\/revisions"}],"predecessor-version":[{"id":4229,"href":"https:\/\/metalperformances.com\/es\/wp-json\/wp\/v2\/pages\/3387\/revisions\/4229"}],"wp:attachment":[{"href":"https:\/\/metalperformances.com\/es\/wp-json\/wp\/v2\/media?parent=3387"}],"curies":[{"name":"wp","href":"https:\/\/api.w.org\/{rel}","templated":true}]}}