{"id":2590,"date":"2022-01-20T11:38:16","date_gmt":"2022-01-20T10:38:16","guid":{"rendered":"https:\/\/metalperformances.com\/caldereria\/"},"modified":"2022-10-17T08:09:48","modified_gmt":"2022-10-17T06:09:48","slug":"caldereria","status":"publish","type":"page","link":"https:\/\/metalperformances.com\/es\/caldereria\/","title":{"rendered":"Calderer\u00eda"},"content":{"rendered":"<div class=\"wpb-content-wrapper\"><p>[vc_row row_type=&#8221;full_width&#8221; type=&#8221;container&#8221; bg_select=&#8221;bg_parallax&#8221; parallax_speed=&#8221;4&#8243; parallax_repeat=&#8221;cover&#8221; bg_image_postions=&#8221;center bottom&#8221; parallax_img=&#8221;3537&#8243; parallax_overlay=&#8221;#404040&#8243; el_class=&#8221;bg-pages&#8221;][vc_column][vc_raw_html][\/vc_raw_html][\/vc_column][\/vc_row][vc_row row_type=&#8221;full_width&#8221; type=&#8221;container&#8221; bg_color=&#8221;#fbfbfb&#8221; el_class=&#8221;h1-pages&#8221;][vc_column el_class=&#8221;heading-pages&#8221;]<div class=\"wbc-heading clearfix\"><h1 class=\"special-heading-3 xs-responsive-text-30 sm-responsive-text-40 md-responsive-text-45\" style=\"font-size:90px;line-height:60px;text-align:center;margin-bottom:20px;\">Calderer\u00eda<\/h1><\/div><div class=\"wbc-heading clearfix\"><h3 class=\"default-heading\" style=\"font-size:30px;color:#dc3d3f;text-align:center;padding-top:5rem;\"><\/h3><\/div>[vc_single_image image=&#8221;2203&#8243; img_size=&#8221;full&#8221; alignment=&#8221;center&#8221;][vc_column_text][\/vc_column_text][\/vc_column][\/vc_row][vc_row match_height=&#8221;yes&#8221; vertical_center=&#8221;yes&#8221;][vc_column width=&#8221;1\/2&#8243; parallax_repeat=&#8221;cover&#8221; bg_image_postions=&#8221;center center&#8221; parallax_img=&#8221;4040&#8243; offset=&#8221;vc_hidden-xs&#8221; el_class=&#8221;cover-position-right&#8221;][vc_raw_html][\/vc_raw_html][\/vc_column][vc_column width=&#8221;1\/2&#8243; content_align=&#8221;text-left&#8221; p_top=&#8221;10rem&#8221; p_bottom=&#8221;10rem&#8221; p_left=&#8221;10%&#8221; p_right=&#8221;20%&#8221; el_class=&#8221;text-position&#8221;]<div class=\"wbc-heading clearfix\"><h5 class=\"default-heading\" style=\"color:#5a5a5a;\">Calderer\u00eda<\/h5><\/div><div class=\"wbc-heading clearfix\"><h3 class=\"default-heading\" style=\"color:#b4b400;\">Nuestro negocio principal<\/h3><\/div><div class=\"wbc-team-box clearfix\" style=\"color:#646464;\"><div class=\"wbc-team-content\"><div class=\"team-name\"><h5 >Jane <span class=\"wbc-color\" >Candy<\/span><\/h5><span>\"Lead Coder\"<\/span><\/div><div class=\"member-details\">Nuestra experiencia nos permite cumplir con las especificaciones de las industrias m\u00e1s exigentes (alimentaria, enol\u00f3gica, qu\u00edmica, cosm\u00e9tica, farmac\u00e9utica, tratamiento de aguas, sala de calderas, etc.). Fabricamos los dispositivos de caldera que se integrar\u00e1n en sus procesos: almacenamiento, transferencia, mezcla, molienda, filtraci\u00f3n, tamizado, cocci\u00f3n. Trabajamos sobre el proyecto y contamos con personal calificado que act\u00faa sobre las caracter\u00edsticas de las soldaduras, las condiciones superficiales y los tratamientos de acabado para entregar productos terminados compatibles con sus requerimientos de higiene, alimentaci\u00f3n y seguridad.<\/div><div class=\"team-icons\"><\/div><\/div><\/div>[\/vc_column][\/vc_row][vc_row match_height=&#8221;yes&#8221; vertical_center=&#8221;yes&#8221;][vc_column width=&#8221;1\/2&#8243; content_align=&#8221;text-right&#8221; p_top=&#8221;10rem&#8221; p_bottom=&#8221;10rem&#8221; p_left=&#8221;20%&#8221; p_right=&#8221;10%&#8221; el_class=&#8221;text-position-right&#8221;]<div class=\"wbc-heading clearfix\"><h5 class=\"default-heading\" style=\"color:#5a5a5a;text-align:left;\">Una herramienta de producci\u00f3n actualizada<\/h5><\/div><div class=\"wbc-heading clearfix\"><h3 class=\"default-heading\" style=\"color:#b4b400;text-align:left;\">Nuestro taller de calderer\u00eda<\/h3><\/div><div class=\"wbc-team-box clearfix\" ><div class=\"wbc-team-content\"><div class=\"team-name\"><h5 >Jane <span class=\"wbc-color\" >Candy<\/span><\/h5><span>\"Lead Coder\"<\/span><\/div><div class=\"member-details\">Con una superficie interior total de 2500m2 repartidos en nuestros diferentes talleres, somos capaces de producir productos unitarios, en peque\u00f1as y medianas series. Los 2 puentes gr\u00faa de 5T y una altura bajo ganchos de 9,2m permiten la construcci\u00f3n de dep\u00f3sitos de hasta 100 m3. Invertimos regularmente en nuevas herramientas de producci\u00f3n de formaci\u00f3n y ensamblaje: corte por plasma, cizallas, m\u00e1quina plegadora, bordeadora inferior, banco de trituraci\u00f3n de soldadura. Este equipo nos permite ofrecerle el suministro de piezas completas o semielaboradas, controlando los plazos de entrega y la calidad de fabricaci\u00f3n.<\/div><div class=\"team-icons\"><\/div><\/div><\/div>[\/vc_column][vc_column width=&#8221;1\/2&#8243; parallax_repeat=&#8221;cover&#8221; bg_image_postions=&#8221;center center&#8221; p_top=&#8221;10rem&#8221; p_bottom=&#8221;10rem&#8221; parallax_img=&#8221;3456&#8243; offset=&#8221;vc_hidden-xs&#8221; el_class=&#8221;cover-position&#8221;][vc_raw_html][\/vc_raw_html][\/vc_column][\/vc_row][vc_row match_height=&#8221;yes&#8221; vertical_center=&#8221;yes&#8221;][vc_column width=&#8221;1\/2&#8243; parallax_repeat=&#8221;cover&#8221; bg_image_postions=&#8221;center center&#8221; parallax_img=&#8221;4044&#8243; offset=&#8221;vc_hidden-xs&#8221; el_class=&#8221;cover-position-right&#8221;][vc_raw_html][\/vc_raw_html][\/vc_column][vc_column width=&#8221;1\/2&#8243; p_top=&#8221;10rem&#8221; p_bottom=&#8221;10rem&#8221; p_left=&#8221;10%&#8221; p_right=&#8221;20%&#8221; el_class=&#8221;text-position&#8221;]<div class=\"wbc-heading clearfix\"><h5 class=\"default-heading\" style=\"color:#5a5a5a;\">Nuestros logros en calderer\u00eda<\/h5><\/div><div class=\"wbc-heading clearfix\"><h3 class=\"default-heading\" style=\"color:#b4b400;\">Producciones a medida<\/h3><\/div><div class=\"wbc-team-box clearfix\" ><div class=\"wbc-team-content\"><div class=\"team-name\"><h5 >Jane <span class=\"wbc-color\" >Candy<\/span><\/h5><span>\"Lead Coder\"<\/span><\/div><div class=\"member-details\">Realizamos en nuestros talleres:<\/p>\n<ul>\n<li>tanque (con camisa simple, doble y triple, aislado, atmosf\u00e9rico, a presi\u00f3n, al vac\u00edo, agitado)<\/li>\n<li>vaina, tolva, campana, cono, transformaciones, silo<\/li>\n<li>cocina, autoclave, batidora, amasadora, reactor, tanque de agua fr\u00eda<\/li>\n<li>intercambiador, inquilino<\/li>\n<li>transportador, canal, barrena, tornillo de transferencia<\/li>\n<\/ul>\n<p>Dependiendo de sus necesidades, ofrecemos diferentes acabados: desengrasado, decapado, pasivado, lijado (diferente Ra), pulido, electropulido, pulido espejo, microgranallado.<\/div><div class=\"team-icons\"><\/div><\/div><\/div>[\/vc_column][\/vc_row][vc_row match_height=&#8221;yes&#8221; vertical_center=&#8221;yes&#8221;][vc_column width=&#8221;1\/2&#8243; p_top=&#8221;10rem&#8221; p_bottom=&#8221;10rem&#8221; p_left=&#8221;20%&#8221; p_right=&#8221;10%&#8221; el_class=&#8221;text-position-right&#8221;]<div class=\"wbc-heading clearfix\"><h5 class=\"default-heading\" style=\"color:#5a5a5a;text-align:left;\">Nuestros recursos de soldadura<\/h5><\/div><div class=\"wbc-heading clearfix\"><h3 class=\"default-heading\" style=\"color:#b4b400;text-align:left;\">Experiencia demostrada en soldadura.<\/h3><\/div><div class=\"wbc-team-box clearfix\" ><div class=\"wbc-team-content\"><div class=\"team-name\"><h5 >Jane <span class=\"wbc-color\" >Candy<\/span><\/h5><span>\"Lead Coder\"<\/span><\/div><div class=\"member-details\">Con nuestra experiencia en soldadura, le brindamos nuestra experiencia para procesos manuales y autom\u00e1ticos TIG, MIG\/MAG. Estamos equipados con bancos de soldadura autom\u00e1ticos con sistema de gas inverso integrado para soldar sobre chapa plana, as\u00ed como para soldaduras circulares, sobre mesas giratorias, rotadores y posicionadores. Para montajes sujetos a normativas espec\u00edficas, nuestros soldadores cuentan con la cualificaci\u00f3n adecuada (QMOS) y trabajan seg\u00fan procedimientos operativos espec\u00edficos (DMOS). Cuando las especificaciones lo requieran, podemos realizar ensayos no destructivos: penetrantes, radio control.<\/div><div class=\"team-icons\"><\/div><\/div><\/div>[\/vc_column][vc_column width=&#8221;1\/2&#8243; parallax_repeat=&#8221;cover&#8221; bg_image_postions=&#8221;center center&#8221; p_top=&#8221;10rem&#8221; p_bottom=&#8221;10rem&#8221; parallax_img=&#8221;4048&#8243; offset=&#8221;vc_hidden-xs&#8221; el_class=&#8221;cover-position&#8221;][vc_raw_html][\/vc_raw_html][\/vc_column][\/vc_row][vc_row match_height=&#8221;yes&#8221; vertical_center=&#8221;yes&#8221;][vc_column width=&#8221;1\/2&#8243; parallax_repeat=&#8221;cover&#8221; bg_image_postions=&#8221;center center&#8221; parallax_img=&#8221;4052&#8243; offset=&#8221;vc_hidden-xs&#8221; el_class=&#8221;cover-position-right&#8221;][vc_raw_html][\/vc_raw_html][\/vc_column][vc_column width=&#8221;1\/2&#8243; p_top=&#8221;10rem&#8221; p_bottom=&#8221;10rem&#8221; p_left=&#8221;10%&#8221; p_right=&#8221;20%&#8221; el_class=&#8221;text-position&#8221;]<div class=\"wbc-heading clearfix\"><h5 class=\"default-heading\" style=\"color:#5a5a5a;\">Ambiente de seguridad de calidad<\/h5><\/div><div class=\"wbc-heading clearfix\"><h3 class=\"default-heading\" style=\"color:#b4b400;\">Un enfoque de calidad global<\/h3><\/div><div class=\"wbc-team-box clearfix\" ><div class=\"wbc-team-content\"><div class=\"team-name\"><h5 >Jane <span class=\"wbc-color\" >Candy<\/span><\/h5><span>\"Lead Coder\"<\/span><\/div><div class=\"member-details\">M\u00e9tal Performances ha sabido desarrollar su experiencia en calderer\u00eda industrial manteniendo un alto nivel de calidad, trazabilidad de materiales y metales de aportaci\u00f3n, equipos de medida adaptados a los controles (dimensionales, rugosidad, soldaduras, ensayos). Se ponen en marcha medidas importantes para la seguridad del personal, uso de puentes gr\u00faa, formaci\u00f3n de operadores de puentes y eslingaje, optimizaci\u00f3n de flujos de taller y controles peri\u00f3dicos de m\u00e1quinas y EPI. El respeto por el medio ambiente tambi\u00e9n es una de nuestras preocupaciones, por lo que se ha realizado una inversi\u00f3n en equipos para el tratamiento de superficies.<\/div><div class=\"team-icons\"><\/div><\/div><\/div>[\/vc_column][\/vc_row]<\/p>\n<\/div>","protected":false},"excerpt":{"rendered":"<p>[vc_row row_type=&#8221;full_width&#8221; type=&#8221;container&#8221; bg_select=&#8221;bg_parallax&#8221; parallax_speed=&#8221;4&#8243; parallax_repeat=&#8221;cover&#8221; bg_image_postions=&#8221;center bottom&#8221; parallax_img=&#8221;3537&#8243; parallax_overlay=&#8221;#404040&#8243; el_class=&#8221;bg-pages&#8221;][vc_column][vc_raw_html][\/vc_raw_html][\/vc_column][\/vc_row][vc_row row_type=&#8221;full_width&#8221; type=&#8221;container&#8221; bg_color=&#8221;#fbfbfb&#8221; el_class=&#8221;h1-pages&#8221;][vc_column el_class=&#8221;heading-pages&#8221;][vc_single_image image=&#8221;2203&#8243; img_size=&#8221;full&#8221; alignment=&#8221;center&#8221;][vc_column_text][\/vc_column_text][\/vc_column][\/vc_row][vc_row match_height=&#8221;yes&#8221; vertical_center=&#8221;yes&#8221;][vc_column width=&#8221;1\/2&#8243; parallax_repeat=&#8221;cover&#8221; bg_image_postions=&#8221;center center&#8221; parallax_img=&#8221;4040&#8243; offset=&#8221;vc_hidden-xs&#8221; el_class=&#8221;cover-position-right&#8221;][vc_raw_html][\/vc_raw_html][\/vc_column][vc_column width=&#8221;1\/2&#8243; content_align=&#8221;text-left&#8221; p_top=&#8221;10rem&#8221; p_bottom=&#8221;10rem&#8221; p_left=&#8221;10%&#8221; p_right=&#8221;20%&#8221; el_class=&#8221;text-position&#8221;][\/vc_column][\/vc_row][vc_row match_height=&#8221;yes&#8221; vertical_center=&#8221;yes&#8221;][vc_column width=&#8221;1\/2&#8243; content_align=&#8221;text-right&#8221; p_top=&#8221;10rem&#8221; p_bottom=&#8221;10rem&#8221; p_left=&#8221;20%&#8221; p_right=&#8221;10%&#8221; el_class=&#8221;text-position-right&#8221;][\/vc_column][vc_column width=&#8221;1\/2&#8243; parallax_repeat=&#8221;cover&#8221; bg_image_postions=&#8221;center center&#8221; p_top=&#8221;10rem&#8221; p_bottom=&#8221;10rem&#8221; parallax_img=&#8221;3456&#8243; offset=&#8221;vc_hidden-xs&#8221; el_class=&#8221;cover-position&#8221;][vc_raw_html][\/vc_raw_html][\/vc_column][\/vc_row][vc_row match_height=&#8221;yes&#8221; vertical_center=&#8221;yes&#8221;][vc_column [&hellip;]<\/p>\n","protected":false},"author":1,"featured_media":0,"parent":0,"menu_order":0,"comment_status":"closed","ping_status":"closed","template":"template-page-full.php","meta":{"footnotes":""},"class_list":["post-2590","page","type-page","status-publish","hentry"],"_links":{"self":[{"href":"https:\/\/metalperformances.com\/es\/wp-json\/wp\/v2\/pages\/2590","targetHints":{"allow":["GET"]}}],"collection":[{"href":"https:\/\/metalperformances.com\/es\/wp-json\/wp\/v2\/pages"}],"about":[{"href":"https:\/\/metalperformances.com\/es\/wp-json\/wp\/v2\/types\/page"}],"author":[{"embeddable":true,"href":"https:\/\/metalperformances.com\/es\/wp-json\/wp\/v2\/users\/1"}],"replies":[{"embeddable":true,"href":"https:\/\/metalperformances.com\/es\/wp-json\/wp\/v2\/comments?post=2590"}],"version-history":[{"count":23,"href":"https:\/\/metalperformances.com\/es\/wp-json\/wp\/v2\/pages\/2590\/revisions"}],"predecessor-version":[{"id":4064,"href":"https:\/\/metalperformances.com\/es\/wp-json\/wp\/v2\/pages\/2590\/revisions\/4064"}],"wp:attachment":[{"href":"https:\/\/metalperformances.com\/es\/wp-json\/wp\/v2\/media?parent=2590"}],"curies":[{"name":"wp","href":"https:\/\/api.w.org\/{rel}","templated":true}]}}