{"id":2574,"date":"2022-01-20T11:35:43","date_gmt":"2022-01-20T10:35:43","guid":{"rendered":"https:\/\/metalperformances.com\/notas-legales\/"},"modified":"2022-10-13T17:33:26","modified_gmt":"2022-10-13T15:33:26","slug":"notas-legales","status":"publish","type":"page","link":"https:\/\/metalperformances.com\/es\/notas-legales\/","title":{"rendered":"Notas legales"},"content":{"rendered":"<div class=\"wpb-content-wrapper\"><p>[vc_row row_type=&#8221;full_width&#8221; type=&#8221;container&#8221; bg_select=&#8221;bg_parallax&#8221; parallax_speed=&#8221;4&#8243; bg_image_postions=&#8221;center bottom&#8221; parallax_img=&#8221;1591&#8243; parallax_overlay=&#8221;#404040&#8243; el_class=&#8221;bg-pages&#8221;][vc_column][vc_raw_html][\/vc_raw_html][\/vc_column][\/vc_row][vc_row row_type=&#8221;full_width&#8221; type=&#8221;container&#8221; bg_color=&#8221;#fbfbfb&#8221; el_class=&#8221;h1-pages&#8221;][vc_column el_class=&#8221;heading-pages&#8221;]<div class=\"wbc-heading clearfix\"><h1 class=\"special-heading-3 xs-responsive-text-30 sm-responsive-text-40 md-responsive-text-45\" style=\"font-size:90px;line-height:60px;text-align:center;\">NOTAS LEGALES<\/h1><\/div>[vc_raw_html css=&#8221;.vc_custom_1665655062580{margin-top: 2rem !important;}&#8221;]PHA+PHN0cm9uZz48ZW0+IOKAnERlIGNvbmZvcm1pZGFkIGNvbiBsb3MgYXJ0w61jdWxvcyAzOSB5IHNpZ3VpZW50ZXMgZGUgbGEgbGV5IG7CsDc4LTE3IGRlbCA2IGRlIGVuZXJvIGRlIDE5NzggbW9kaWZpY2FkYSBlbiAyMDA0IHJlbGF0aXZhIGFsIHRyYXRhbWllbnRvIGRlIGRhdG9zLCBhcmNoaXZvcyB5IGxpYmVydGFkZXMsIGN1YWxxdWllciBwZXJzb25hIHB1ZWRlIG9idGVuZXIgbGEgY29tdW5pY2FjacOzbiB5LCBlbiBzdSBjYXNvLCBsYSByZWN0aWZpY2FjacOzbiBvIHN1cHJlc2nDs24gZGUgbGEgaW5mb3JtYWNpw7NuIHF1ZSBsZSBjb25jaWVybmUuICwgcG9uacOpbmRvc2UgZW4gY29udGFjdG8gY29uIGxhIG9maWNpbmEgY2VudHJhbCBkZSBudWVzdHJhIGZpcm1hLiDCuzwvZW0+PC9zdHJvbmc+ICA8L3A+Cgo8cD5Fc3RlIHNpdGlvIGhhIHNpZG8gZGVjbGFyYWRvIGEgbGEgQ05JTCBlbiBsYSBmZWNoYSBxdWUgbGxldmEgZWwgbsO6bWVybyA8c3Ryb25nPjIwMDk0NDQ8L3N0cm9uZz4gIDwvcD4KCjxwPjxzdHJvbmc+RGlyZWN0b3IgZGUgcHVibGljYWNpw7NuPC9zdHJvbmc+IDogU3IuIDxzdHJvbmc+RGlkaWVyIEZhdWNob3V4PC9zdHJvbmc+IHBhcmEgbGEgZW1wcmVzYSA8c3Ryb25nPk3DqXRhbCBQZXJmb3JtYW5jZXM8L3N0cm9uZz48L3A+Cgo8cD48aW1nIHNyYz0iL2NvbnRlbnQvdGhlbWVzL25pbmV6ZXJvc2V2ZW4tY2hpbGQvaW1nL2xvZ28tbWV0YWwtcnMuanBnIiBhbHQ9IkxvZ290aXBvIGRlIG1ldGFsIGRlIHJlbmRpbWllbnRvIj48L3A+Cgo8cD5TQVMgY29uIHVuIGNhcGl0YWwgZGUgPHN0cm9uZz4yODUyNTA8L3N0cm9uZz4gZXVyb3M8YnI+ClNJUkVUOiA8c3Ryb25nPjQ4NSAwMjIgMDE2IDAwMDExPC9zdHJvbmc+IOKAkyBSQ1M6IDxzdHJvbmc+VsOhbHZ1bGFzPC9zdHJvbmc+IOKAkyBDw7NkaWdvIE5BRjogPHN0cm9uZz4zMzIwQTwvc3Ryb25nPjxicj4KT2ZpY2luYSBjZW50cmFsOiA8c3Ryb25nPlpvbmUgZOKAmUFjdGl2aXTDqSBkdSBDaGVuw7R0LCBydWUgZGVzIENow6puZXMsIDU2MzgwIEJlaWdub248L3N0cm9uZz4gLSBUZWw6IDxzdHJvbmc+KzMzICgwKTIgOTcgNzUgNzMgOTM8L3N0cm9uZz48YnI+CkNvcnJlbyBlbGVjdHLDs25pY286IGNvbnRhY3RAbWV0YWxwZXJmb3JtYW5jZXMuY29tPGJyPgpXZWI6IDxhIGhyZWY9Im1ldGFscGVyZm9ybWFuY2VzLmNvbSI+d3d3Lm1ldGFscGVyZm9ybWFuY2VzLmNvbTwvYT48L3A+Cgo8cD48c3Ryb25nPlRleHRvcyBkZSBhdXRvcjo8L3N0cm9uZz4gT2xpdmllciBUaG91YXVsdCwgSmltbXkgRmF1Y2hvdXgsIEpvw6tsIFBvdGllciB5IENocmlzdG9waGUgTGFzc2FpczwvcD4KCjxoMiBpZD0idG9jXzAiPlJlYWxpemFjacOzbiBkZWwgc2l0aW8gd2ViPC9oMj4KCjxwPjxpbWcgc3JjPSIvY29udGVudC90aGVtZXMvbmluZXplcm9zZXZlbi1jaGlsZC9pbWcvbWVkaWFmYXVuZS1sb2dvLnBuZyIgYWx0PSJMb2dvdGlwbyBkZSBNZWRpYWZhdW5lIj48L3A+Cgo8cD48c3Ryb25nPkFnZW5jaWEgTWVkaWFmYXVuZTwvc3Ryb25nPjxicj4KU2FybCBjb24gdW4gY2FwaXRhbCBkZSAzMDAwIGV1cm9zPGJyPgpTSVJFVDogNTM5IDU3MSA2ODcgMDAwMTggLSBSQ1M6IE5pemEgLSBDw7NkaWdvIE5BRjogNTkxMUE8YnI+Ck9maWNpbmEgY2VudHJhbDogMTggYmlzIHJ1ZSBkZXMgTGlsYXMsIDA2MTAwIE5pemEgLSBUZWw6ICszMygwKTQgOTIgMjkgMDcgODg8YnI+CldlYjogPGEgaHJlZj0iZmF1bmUubmV0Ij5mYXVuYS5uZXQ8L2E+IC0gPGEgaHJlZj0ibWVkaWFmYXVuZS5jb20iPm1lZGlhZmF1bmUuY29tPC9hPjwvcD4KCjxoMiBpZD0idG9jXzEiPkFsb2phbWllbnRvPC9oMj4KCjxwPjxzdHJvbmc+Tm9tYnJlIGRlIGRvbWluaW8geSBob3NwZWRhamU6PC9zdHJvbmc+PGJyPgpPVkg8YnI+ClNBUyBjb24gY2FwaXRhbCBkZSAxMC4wMDAuMDAw4oKsPGJyPgpTSVJFVDogNDI0IDc2MSA0MTkgMDAwNDUgLSBSQ1M6IFJvdWJhaXgvVG91cmNvaW5nIC0gQ8OzZGlnbyBBUEU6IDYyMDJBPGJyPgpOw7ptZXJvIGRlIElWQTogRlIgMjIgNDI0IDc2MSA0MTk8YnI+ClNlZGUgc29jaWFsOiAyIHJ1ZSBLZWxsZXJtYW5uLCA1OTEwMCBSb3ViYWl4IC0gRnJhbmNpYS48YnI+ClBhcmEgY29udGFjdGFyIGNvbiBPVkg6IDxhIGhyZWY9Imh0dHA6Ly93d3cub3ZoLmNvbS9mci9zdXBwb3J0Ij5vdmguY29tPC9hPgogPC9wPgoKPGgyIGlkPSJ0b2NfMiI+Q29uZmlkZW5jaWFsaWRhZCBkZSBsYSBpbmZvcm1hY2nDs24gcGVyc29uYWw8L2gyPgoKPHA+UGFyYSBnYXJhbnRpemFybGUgdW4gc2VydmljaW8gYSBsYSBhbHR1cmEgZGUgc3VzIGV4cGVjdGF0aXZhcywgaGFjZW1vcyB1biB1c28gY2xhcm8geSBwcm9mZXNpb25hbCBkZSB0b2RhIGxhIGluZm9ybWFjacOzbiBxdWUgbm9zIGVudsOtYS48L3A+Cgo8dWw+CjxsaT5ObyBzZSByZWNvcGlsYSBpbmZvcm1hY2nDs24gcGVyc29uYWwgc2luIHN1IGNvbm9jaW1pZW50by48L2xpPgo8bGk+Tm8gc2UgZGl2dWxnYSBpbmZvcm1hY2nDs24gcGVyc29uYWwgYSB0ZXJjZXJvcy48L2xpPgo8bGk+TmluZ3VuYSBpbmZvcm1hY2nDs24gcGVyc29uYWwgc2UgdXRpbGl6YSBwYXJhIGZpbmVzIG5vIGRlc2VhZG9zLjwvbGk+CjwvdWw+Cgo8cD5MYSBpbmZvcm1hY2nDs24gcXVlIHNlIGxlIHNvbGljaXRhIGR1cmFudGUgZWwgcmVnaXN0cm8gZXMgZXNlbmNpYWwuIFN1IMO6bmljbyBkZXN0aW5hdGFyaW8gZXMgZWwgZGVwYXJ0YW1lbnRvIGRlIGdlc3Rpw7NuIGRlIGxhIGVtcHJlc2EgPHN0cm9uZz5Nw6l0YWwgUGVyZm9ybWFuY2VzPC9zdHJvbmc+ICwgZGVzZGUgZG9uZGUgc2UgcHVlZGVuIGVqZXJjZXIgbG9zIGRlcmVjaG9zIGRlIGFjY2VzbyB5IHJlY3RpZmljYWNpw7NuLiA8L3A+Cgo8cD5Qb3IgdGFudG8sIHRpZW5lIGRlcmVjaG8gYSBhY2NlZGVyLCBtb2RpZmljYXIsIHJlY3RpZmljYXIgeSBzdXByaW1pciBsb3MgZGF0b3MgcXVlIGxlIGNvbmNpZXJuZW4gKGFydC4gMzQgZGUgbGEgbGV5IOKAnEluZm9ybWF0aXF1ZSBldCBMaWJlcnTDqXPigJ0gZGVsIDYgZGUgZW5lcm8gZGUgMTk3OCkuIFBhcmEgZWplcmNlciBlc3RlIGRlcmVjaG8sIHRvZG8gbG8gcXVlIHRpZW5lIHF1ZSBoYWNlciBlcyBlbnZpYXIgdW5hIGNhcnRhIGEgbnVlc3RybyBkZXBhcnRhbWVudG8gZGUgZ2VzdGnDs24gZW4gPHN0cm9uZz5Nw6l0YWwgUGVyZm9ybWFuY2VzPC9zdHJvbmc+IC4KIAogPC9wPgoKPGgyIGlkPSJ0b2NfMyI+RW5sYWNlcyBhIHNvY2lvcyBjb21lcmNpYWxlcyB5IG90cm9zIHNpdGlvczwvaDI+Cgo8cD5FbiBlbCBzaXRpbyB3ZWIgPHN0cm9uZz5kZSBNZXRhbCBQZXJmb3JtYW5jZXM8L3N0cm9uZz4gLCBoYXkgdmFyaW9zIGVubGFjZXMgYSBzaXRpb3MgYXNvY2lhZG9zLiBObyBwb2RlbW9zIGhhY2Vybm9zIHJlc3BvbnNhYmxlcyBkZSBsYXMgcG9sw610aWNhcyBkZSBwcml2YWNpZGFkIGFwbGljYWRhcyBwb3IgZW1wcmVzYXMgbyBhc29jaWFjaW9uZXMgZGUgdGVyY2Vyb3MuIExlIGFuaW1hbW9zIGEgbGVlciBlc3RhcyBwb2zDrXRpY2FzIHF1ZSBwdWVkZW4gZGlmZXJpciBkZSBsYXMgbnVlc3RyYXMuPC9wPgoKPHA+VGFtYmnDqW4gcHJvcG9yY2lvbmFtb3MgZW5sYWNlcyBhIHVubyBvIG3DoXMgc29jaW9zIGNvbWVyY2lhbGVzLiBMYSBwb2zDrXRpY2EgZGUgcHJpdmFjaWRhZCBkZSBlc3RvcyBzb2Npb3MgdGFtYmnDqW4gcHVlZGUgZGlmZXJpciBkZSBsYSBudWVzdHJhLgogCiA8L3A+Cgo8aDIgaWQ9InRvY180Ij5EZXJlY2hvIGRlIEF1dG9yIHkgTWFyY2FzPC9oMj4KCjxwPlRvZG8gZXN0ZSBzaXRpbyBlc3TDoSBzdWpldG8gYSBsYSBsZWdpc2xhY2nDs24gZnJhbmNlc2Egc29icmUgZGVyZWNob3MgZGUgYXV0b3IgeSBwcm9waWVkYWQgaW50ZWxlY3R1YWwuIFRvZG9zIGxvcyBkZXJlY2hvcyBkZSByZXByb2R1Y2Npw7NuIGVzdMOhbiByZXNlcnZhZG9zLCBpbmNsdWlkb3MgbG9zIGRvY3VtZW50b3MgZGVzY2FyZ2FibGVzIHkgbGFzIHJlcHJlc2VudGFjaW9uZXMgaWNvbm9ncsOhZmljYXMgeSBmb3RvZ3LDoWZpY2FzLiA8L3A+Cgo8cD5RdWVkYSB0ZXJtaW5hbnRlbWVudGUgcHJvaGliaWRhIGxhIHJlcHJvZHVjY2nDs24gdG90YWwgbyBwYXJjaWFsIGRlIGVzdGUgc2l0aW8gZW4gY3VhbHF1aWVyIG1lZGlvIGVsZWN0csOzbmljbyBzaW4gbGEgYXV0b3JpemFjacOzbiBleHByZXNhIGRlIGxhIGVtcHJlc2EgPHN0cm9uZz5Nw6l0YWwgUGVyZm9ybWFuY2VzPC9zdHJvbmc+IC4gCkNvbW8gdGFsIHkgZGUgY29uZm9ybWlkYWQgY29uIGxvIGRpc3B1ZXN0byBlbiBlbCBDw7NkaWdvIGRlIGxhIFByb3BpZWRhZCBJbnRlbGVjdHVhbCwgc8OzbG8gc2UgYXV0b3JpemFuIGxvcyB1c29zIHBhcmEgdXNvIHByaXZhZG8gbyBlc3RyaWN0YW1lbnRlIHBlcnNvbmFsLiA8L3A+Cgo8cD5BIGZhbHRhIGRlIGF1dG9yaXphY2nDs24gcHJldmlhIGNvbXVuaWNhZGEgcG9yIGVzY3JpdG8gcG9yIGxhIGVtcHJlc2EgPHN0cm9uZz5Nw6l0YWwgUGVyZm9ybWFuY2VzPC9zdHJvbmc+ICwgY3VhbHF1aWVyIG90cm8gdXNvIGNvbnN0aXR1eWUgZmFsc2lmaWNhY2nDs24geSBlc3TDoSBzYW5jaW9uYWRvIHBvciBlbCBDw7NkaWdvIGRlIFByb3BpZWRhZCBJbnRlbGVjdHVhbC4gPC9wPgoKPHA+TGEgbWFyY2EgPHN0cm9uZz5NUCBNZXRhbCBQZXJmb3JtYW5jZXM8L3N0cm9uZz4geSBzdSBsb2dvIGVzIHVuYSBtYXJjYSByZWdpc3RyYWRhIHkgcHJvdGVnaWRhIGNvbW8gdGFsIHBvciBsYSBsZXkgZGUgbWFyY2FzIHB1YmxpY2FkYSBlbiA8c3Ryb25nPkJPUEkgMjAxNS0yMjwvc3Ryb25nPiBiYWpvIGVsIG7Dum1lcm8gbmFjaW9uYWwgPHN0cm9uZz4xNSA0IDE1NCA2NTA8L3N0cm9uZz4gLiBFcyBwcm9waWVkYWQgZXhjbHVzaXZhIGRlIGxhIGVtcHJlc2EgPHN0cm9uZz5Nw6l0YWwgUGVyZm9ybWFuY2VzPC9zdHJvbmc+IGNvbiBlbCBTci4gPHN0cm9uZz5EaWRpZXIgRmF1Y2hvdXg8L3N0cm9uZz4gY29tbyBhZ2VudGUuIDwvcD4KCjxwPkxhIG1hcmNhIEZBVU5FIHkgc3UgbG9nb3RpcG8gZXMgdW5hIG1hcmNhIHJlZ2lzdHJhZGEgeSBwcm90ZWdpZGEgY29tbyB0YWwgcG9yIGxhIGxleSBkZSBtYXJjYXMgcHVibGljYWRhIGVuIGVsIDxzdHJvbmc+Qk9QSSAyMDA5LTUxPC9zdHJvbmc+IGNvbiBlbCBuw7ptZXJvIG5hY2lvbmFsIDxzdHJvbmc+OTk3OTA5NTE8L3N0cm9uZz4gLiBFcyBwcm9waWVkYWQgZXhjbHVzaXZhIGRlbCBTci4gT2xpdmllciBUaG91YXVsdCB5IGVzdMOhIG9wZXJhZG8gcG9yIGxhIGVtcHJlc2EgQWdlbmNlIE1lZGlhZmF1bmUuIDwvcD4KCjxwPlBhcmEgY3VhbHF1aWVyIGluZm9ybWFjacOzbiBhZGljaW9uYWwsIGZhdm9yIGRlIGVudmlhciB1bmEgY2FydGEgYSBsYSBhdGVuY2nDs24gZGU6PGJyPgpMYSBlbXByZXNhIDxzdHJvbmc+TcOpdGFsIFBlcmZvcm1hbmNlczwvc3Ryb25nPiAtIENoZW5vdCBBY3Rpdml0eSBab25lLCBydWUgZGVzIENow6puZXMsIDU2MzgwIEJlaWdub248L3A+Cgo8cD4yMDIyIC0gQWdlbmNpYSBNZWRpYWZhdW5lIC8gTWV0YWwgUGVyZm9ybWFuY2VzPC9wPg==[\/vc_raw_html][\/vc_column][\/vc_row][vc_row disable_element=&#8221;yes&#8221; row_type=&#8221;full_width&#8221; type=&#8221;container&#8221; bg_select=&#8221;bg_color_section&#8221;][vc_column]<div class=\"wbc-heading clearfix\"><div class=\"default-heading\" style=\"font-size:15px;color:#DC3D3F;text-align:center;\">VIABILIDAD E INGENIER\u00cdA<\/div><\/div><div class=\"wbc-heading clearfix\"><h3 class=\"special-heading-3\" style=\"font-size:45px;color:#5a5a5a;text-align:center;\">LA GESTI\u00d3N DE TUS PROYECTOS<\/h3><\/div>[vc_single_image image=&#8221;2203&#8243; img_size=&#8221;full&#8221; alignment=&#8221;center&#8221;]<div class=\"wbc-heading clearfix\"><div class=\"default-heading\" style=\"font-size:15px;text-align:center;margin-bottom:35px;margin-right:auto;margin-top:15px;margin-left:auto;max-width:960px;\">Intervenimos en todo el ciclo de vida de sus proyectos de conexi\u00f3n y montaje mec\u00e1nico (elementos - subconjuntos y conjuntos): desde las fases de estudio y dise\u00f1o hasta las de desarrollo e industrializaci\u00f3n. Te ofrecemos mejoras y soluciones innovadoras.<\/div><\/div>[\/vc_column][\/vc_row]<\/p>\n<\/div>","protected":false},"excerpt":{"rendered":"<p>[vc_row row_type=&#8221;full_width&#8221; type=&#8221;container&#8221; bg_select=&#8221;bg_parallax&#8221; parallax_speed=&#8221;4&#8243; bg_image_postions=&#8221;center bottom&#8221; parallax_img=&#8221;1591&#8243; parallax_overlay=&#8221;#404040&#8243; el_class=&#8221;bg-pages&#8221;][vc_column][vc_raw_html][\/vc_raw_html][\/vc_column][\/vc_row][vc_row row_type=&#8221;full_width&#8221; type=&#8221;container&#8221; bg_color=&#8221;#fbfbfb&#8221; el_class=&#8221;h1-pages&#8221;][vc_column el_class=&#8221;heading-pages&#8221;][vc_raw_html css=&#8221;.vc_custom_1665655062580{margin-top: 2rem !important;}&#8221;]PHA+PHN0cm9uZz48ZW0+IOKAnERlIGNvbmZvcm1pZGFkIGNvbiBsb3MgYXJ0w61jdWxvcyAzOSB5IHNpZ3VpZW50ZXMgZGUgbGEgbGV5IG7CsDc4LTE3IGRlbCA2IGRlIGVuZXJvIGRlIDE5NzggbW9kaWZpY2FkYSBlbiAyMDA0IHJlbGF0aXZhIGFsIHRyYXRhbWllbnRvIGRlIGRhdG9zLCBhcmNoaXZvcyB5IGxpYmVydGFkZXMsIGN1YWxxdWllciBwZXJzb25hIHB1ZWRlIG9idGVuZXIgbGEgY29tdW5pY2FjacOzbiB5LCBlbiBzdSBjYXNvLCBsYSByZWN0aWZpY2FjacOzbiBvIHN1cHJlc2nDs24gZGUgbGEgaW5mb3JtYWNpw7NuIHF1ZSBsZSBjb25jaWVybmUuICwgcG9uacOpbmRvc2UgZW4gY29udGFjdG8gY29uIGxhIG9maWNpbmEgY2VudHJhbCBkZSBudWVzdHJhIGZpcm1hLiDCuzwvZW0+PC9zdHJvbmc+ICA8L3A+Cgo8cD5Fc3RlIHNpdGlvIGhhIHNpZG8gZGVjbGFyYWRvIGEgbGEgQ05JTCBlbiBsYSBmZWNoYSBxdWUgbGxldmEgZWwgbsO6bWVybyA8c3Ryb25nPjIwMDk0NDQ8L3N0cm9uZz4gIDwvcD4KCjxwPjxzdHJvbmc+RGlyZWN0b3IgZGUgcHVibGljYWNpw7NuPC9zdHJvbmc+IDogU3IuIDxzdHJvbmc+RGlkaWVyIEZhdWNob3V4PC9zdHJvbmc+IHBhcmEgbGEgZW1wcmVzYSA8c3Ryb25nPk3DqXRhbCBQZXJmb3JtYW5jZXM8L3N0cm9uZz48L3A+Cgo8cD48aW1nIHNyYz0iL2NvbnRlbnQvdGhlbWVzL25pbmV6ZXJvc2V2ZW4tY2hpbGQvaW1nL2xvZ28tbWV0YWwtcnMuanBnIiBhbHQ9IkxvZ290aXBvIGRlIG1ldGFsIGRlIHJlbmRpbWllbnRvIj48L3A+Cgo8cD5TQVMgY29uIHVuIGNhcGl0YWwgZGUgPHN0cm9uZz4yODUyNTA8L3N0cm9uZz4gZXVyb3M8YnI+ClNJUkVUOiA8c3Ryb25nPjQ4NSAwMjIgMDE2IDAwMDExPC9zdHJvbmc+IOKAkyBSQ1M6IDxzdHJvbmc+VsOhbHZ1bGFzPC9zdHJvbmc+IOKAkyBDw7NkaWdvIE5BRjogPHN0cm9uZz4zMzIwQTwvc3Ryb25nPjxicj4KT2ZpY2luYSBjZW50cmFsOiA8c3Ryb25nPlpvbmUgZOKAmUFjdGl2aXTDqSBkdSBDaGVuw7R0LCBydWUgZGVzIENow6puZXMsIDU2MzgwIEJlaWdub248L3N0cm9uZz4gLSBUZWw6IDxzdHJvbmc+KzMzICgwKTIgOTcgNzUgNzMgOTM8L3N0cm9uZz48YnI+CkNvcnJlbyBlbGVjdHLDs25pY286IGNvbnRhY3RAbWV0YWxwZXJmb3JtYW5jZXMuY29tPGJyPgpXZWI6IDxhIGhyZWY9Im1ldGFscGVyZm9ybWFuY2VzLmNvbSI+d3d3Lm1ldGFscGVyZm9ybWFuY2VzLmNvbTwvYT48L3A+Cgo8cD48c3Ryb25nPlRleHRvcyBkZSBhdXRvcjo8L3N0cm9uZz4gT2xpdmllciBUaG91YXVsdCwgSmltbXkgRmF1Y2hvdXgsIEpvw6tsIFBvdGllciB5IENocmlzdG9waGUgTGFzc2FpczwvcD4KCjxoMiBpZD0idG9jXzAiPlJlYWxpemFjacOzbiBkZWwgc2l0aW8gd2ViPC9oMj4KCjxwPjxpbWcgc3JjPSIvY29udGVudC90aGVtZXMvbmluZXplcm9zZXZlbi1jaGlsZC9pbWcvbWVkaWFmYXVuZS1sb2dvLnBuZyIgYWx0PSJMb2dvdGlwbyBkZSBNZWRpYWZhdW5lIj48L3A+Cgo8cD48c3Ryb25nPkFnZW5jaWEgTWVkaWFmYXVuZTwvc3Ryb25nPjxicj4KU2FybCBjb24gdW4gY2FwaXRhbCBkZSAzMDAwIGV1cm9zPGJyPgpTSVJFVDogNTM5IDU3MSA2ODcgMDAwMTggLSBSQ1M6IE5pemEgLSBDw7NkaWdvIE5BRjogNTkxMUE8YnI+Ck9maWNpbmEgY2VudHJhbDogMTggYmlzIHJ1ZSBkZXMgTGlsYXMsIDA2MTAwIE5pemEgLSBUZWw6ICszMygwKTQgOTIgMjkgMDcgODg8YnI+CldlYjogPGEgaHJlZj0iZmF1bmUubmV0Ij5mYXVuYS5uZXQ8L2E+IC0gPGEgaHJlZj0ibWVkaWFmYXVuZS5jb20iPm1lZGlhZmF1bmUuY29tPC9hPjwvcD4KCjxoMiBpZD0idG9jXzEiPkFsb2phbWllbnRvPC9oMj4KCjxwPjxzdHJvbmc+Tm9tYnJlIGRlIGRvbWluaW8geSBob3NwZWRhamU6PC9zdHJvbmc+PGJyPgpPVkg8YnI+ClNBUyBjb24gY2FwaXRhbCBkZSAxMC4wMDAuMDAw4oKsPGJyPgpTSVJFVDogNDI0IDc2MSA0MTkgMDAwNDUgLSBSQ1M6IFJvdWJhaXgvVG91cmNvaW5nIC0gQ8OzZGlnbyBBUEU6IDYyMDJBPGJyPgpOw7ptZXJvIGRlIElWQTogRlIgMjIgNDI0IDc2MSA0MTk8YnI+ClNlZGUgc29jaWFsOiAyIHJ1ZSBLZWxsZXJtYW5uLCA1OTEwMCBSb3ViYWl4IC0gRnJhbmNpYS48YnI+ClBhcmEgY29udGFjdGFyIGNvbiBPVkg6IDxhIGhyZWY9Imh0dHA6Ly93d3cub3ZoLmNvbS9mci9zdXBwb3J0Ij5vdmguY29tPC9hPgogPC9wPgoKPGgyIGlkPSJ0b2NfMiI+Q29uZmlkZW5jaWFsaWRhZCBkZSBsYSBpbmZvcm1hY2nDs24gcGVyc29uYWw8L2gyPgoKPHA+UGFyYSBnYXJhbnRpemFybGUgdW4gc2VydmljaW8gYSBsYSBhbHR1cmEgZGUgc3VzIGV4cGVjdGF0aXZhcywgaGFjZW1vcyB1biB1c28gY2xhcm8geSBwcm9mZXNpb25hbCBkZSB0b2RhIGxhIGluZm9ybWFjacOzbiBxdWUgbm9zIGVudsOtYS48L3A+Cgo8dWw+CjxsaT5ObyBzZSByZWNvcGlsYSBpbmZvcm1hY2nDs24gcGVyc29uYWwgc2luIHN1IGNvbm9jaW1pZW50by48L2xpPgo8bGk+Tm8gc2UgZGl2dWxnYSBpbmZvcm1hY2nDs24gcGVyc29uYWwgYSB0ZXJjZXJvcy48L2xpPgo8bGk+TmluZ3VuYSBpbmZvcm1hY2nDs24gcGVyc29uYWwgc2UgdXRpbGl6YSBwYXJhIGZpbmVzIG5vIGRlc2VhZG9zLjwvbGk+CjwvdWw+Cgo8cD5MYSBpbmZvcm1hY2nDs24gcXVlIHNlIGxlIHNvbGljaXRhIGR1cmFudGUgZWwgcmVnaXN0cm8gZXMgZXNlbmNpYWwuIFN1IMO6bmljbyBkZXN0aW5hdGFyaW8gZXMgZWwgZGVwYXJ0YW1lbnRvIGRlIGdlc3Rpw7NuIGRlIGxhIGVtcHJlc2EgPHN0cm9uZz5Nw6l0YWwgUGVyZm9ybWFuY2VzPC9zdHJvbmc+ICwgZGVzZGUgZG9uZGUgc2UgcHVlZGVuIGVqZXJjZXIgbG9zIGRlcmVjaG9zIGRlIGFjY2VzbyB5IHJlY3RpZmljYWNpw7NuLiA8L3A+Cgo8cD5Qb3IgdGFudG8sIHRpZW5lIGRlcmVjaG8gYSBhY2NlZGVyLCBtb2RpZmljYXIsIHJlY3RpZmljYXIgeSBzdXByaW1pciBsb3MgZGF0b3MgcXVlIGxlIGNvbmNpZXJuZW4gKGFydC4gMzQgZGUgbGEgbGV5IOKAnEluZm9ybWF0aXF1ZSBldCBMaWJlcnTDqXPigJ0gZGVsIDYgZGUgZW5lcm8gZGUgMTk3OCkuIFBhcmEgZWplcmNlciBlc3RlIGRlcmVjaG8sIHRvZG8gbG8gcXVlIHRpZW5lIHF1ZSBoYWNlciBlcyBlbnZpYXIgdW5hIGNhcnRhIGEgbnVlc3RybyBkZXBhcnRhbWVudG8gZGUgZ2VzdGnDs24gZW4gPHN0cm9uZz5Nw6l0YWwgUGVyZm9ybWFuY2VzPC9zdHJvbmc+IC4KIAogPC9wPgoKPGgyIGlkPSJ0b2NfMyI+RW5sYWNlcyBhIHNvY2lvcyBjb21lcmNpYWxlcyB5IG90cm9zIHNpdGlvczwvaDI+Cgo8cD5FbiBlbCBzaXRpbyB3ZWIgPHN0cm9uZz5kZSBNZXRhbCBQZXJmb3JtYW5jZXM8L3N0cm9uZz4gLCBoYXkgdmFyaW9zIGVubGFjZXMgYSBzaXRpb3MgYXNvY2lhZG9zLiBObyBwb2RlbW9zIGhhY2Vybm9zIHJlc3BvbnNhYmxlcyBkZSBsYXMgcG9sw610aWNhcyBkZSBwcml2YWNpZGFkIGFwbGljYWRhcyBwb3IgZW1wcmVzYXMgbyBhc29jaWFjaW9uZXMgZGUgdGVyY2Vyb3MuIExlIGFuaW1hbW9zIGEgbGVlciBlc3RhcyBwb2zDrXRpY2FzIHF1ZSBwdWVkZW4gZGlmZXJpciBkZSBsYXMgbnVlc3RyYXMuPC9wPgoKPHA+VGFtYmnDqW4gcHJvcG9yY2lvbmFtb3MgZW5sYWNlcyBhIHVubyBvIG3DoXMgc29jaW9zIGNvbWVyY2lhbGVzLiBMYSBwb2zDrXRpY2EgZGUgcHJpdmFjaWRhZCBkZSBlc3RvcyBzb2Npb3MgdGFtYmnDqW4gcHVlZGUgZGlmZXJpciBkZSBsYSBudWVzdHJhLgogCiA8L3A+Cgo8aDIgaWQ9InRvY180Ij5EZXJlY2hvIGRlIEF1dG9yIHkgTWFyY2FzPC9oMj4KCjxwPlRvZG8gZXN0ZSBzaXRpbyBlc3TDoSBzdWpldG8gYSBsYSBsZWdpc2xhY2nDs24gZnJhbmNlc2Egc29icmUgZGVyZWNob3MgZGUgYXV0b3IgeSBwcm9waWVkYWQgaW50ZWxlY3R1YWwuIFRvZG9zIGxvcyBkZXJlY2hvcyBkZSByZXByb2R1Y2Npw7NuIGVzdMOhbiByZXNlcnZhZG9zLCBpbmNsdWlkb3MgbG9zIGRvY3VtZW50b3MgZGVzY2FyZ2FibGVzIHkgbGFzIHJlcHJlc2VudGFjaW9uZXMgaWNvbm9ncsOhZmljYXMgeSBmb3RvZ3LDoWZpY2FzLiA8L3A+Cgo8cD5RdWVkYSB0ZXJtaW5hbnRlbWVudGUgcHJvaGliaWRhIGxhIHJlcHJvZHVjY2nDs24gdG90YWwgbyBwYXJjaWFsIGRlIGVzdGUgc2l0aW8gZW4gY3VhbHF1aWVyIG1lZGlvIGVsZWN0csOzbmljbyBzaW4gbGEgYXV0b3JpemFjacOzbiBleHByZXNhIGRlIGxhIGVtcHJlc2EgPHN0cm9uZz5Nw6l0YWwgUGVyZm9ybWFuY2VzPC9zdHJvbmc+IC4gCkNvbW8gdGFsIHkgZGUgY29uZm9ybWlkYWQgY29uIGxvIGRpc3B1ZXN0byBlbiBlbCBDw7NkaWdvIGRlIGxhIFByb3BpZWRhZCBJbnRlbGVjdHVhbCwgc8OzbG8gc2UgYXV0b3JpemFuIGxvcyB1c29zIHBhcmEgdXNvIHByaXZhZG8gbyBlc3RyaWN0YW1lbnRlIHBlcnNvbmFsLiA8L3A+Cgo8cD5BIGZhbHRhIGRlIGF1dG9yaXphY2nDs24gcHJldmlhIGNvbXVuaWNhZGEgcG9yIGVzY3JpdG8gcG9yIGxhIGVtcHJlc2EgPHN0cm9uZz5Nw6l0YWwgUGVyZm9ybWFuY2VzPC9zdHJvbmc+ICwgY3VhbHF1aWVyIG90cm8gdXNvIGNvbnN0aXR1eWUgZmFsc2lmaWNhY2nDs24geSBlc3TDoSBzYW5jaW9uYWRvIHBvciBlbCBDw7NkaWdvIGRlIFByb3BpZWRhZCBJbnRlbGVjdHVhbC4gPC9wPgoKPHA+TGEgbWFyY2EgPHN0cm9uZz5NUCBNZXRhbCBQZXJmb3JtYW5jZXM8L3N0cm9uZz4geSBzdSBsb2dvIGVzIHVuYSBtYXJjYSByZWdpc3RyYWRhIHkgcHJvdGVnaWRhIGNvbW8gdGFsIHBvciBsYSBsZXkgZGUgbWFyY2FzIHB1YmxpY2FkYSBlbiA8c3Ryb25nPkJPUEkgMjAxNS0yMjwvc3Ryb25nPiBiYWpvIGVsIG7Dum1lcm8gbmFjaW9uYWwgPHN0cm9uZz4xNSA0IDE1NCA2NTA8L3N0cm9uZz4gLiBFcyBwcm9waWVkYWQgZXhjbHVzaXZhIGRlIGxhIGVtcHJlc2EgPHN0cm9uZz5Nw6l0YWwgUGVyZm9ybWFuY2VzPC9zdHJvbmc+IGNvbiBlbCBTci4gPHN0cm9uZz5EaWRpZXIgRmF1Y2hvdXg8L3N0cm9uZz4gY29tbyBhZ2VudGUuIDwvcD4KCjxwPkxhIG1hcmNhIEZBVU5FIHkgc3UgbG9nb3RpcG8gZXMgdW5hIG1hcmNhIHJlZ2lzdHJhZGEgeSBwcm90ZWdpZGEgY29tbyB0YWwgcG9yIGxhIGxleSBkZSBtYXJjYXMgcHVibGljYWRhIGVuIGVsIDxzdHJvbmc+Qk9QSSAyMDA5LTUxPC9zdHJvbmc+IGNvbiBlbCBuw7ptZXJvIG5hY2lvbmFsIDxzdHJvbmc+OTk3OTA5NTE8L3N0cm9uZz4gLiBFcyBwcm9waWVkYWQgZXhjbHVzaXZhIGRlbCBTci4gT2xpdmllciBUaG91YXVsdCB5IGVzdMOhIG9wZXJhZG8gcG9yIGxhIGVtcHJlc2EgQWdlbmNlIE1lZGlhZmF1bmUuIDwvcD4KCjxwPlBhcmEgY3VhbHF1aWVyIGluZm9ybWFjacOzbiBhZGljaW9uYWwsIGZhdm9yIGRlIGVudmlhciB1bmEgY2FydGEgYSBsYSBhdGVuY2nDs24gZGU6PGJyPgpMYSBlbXByZXNhIDxzdHJvbmc+TcOpdGFsIFBlcmZvcm1hbmNlczwvc3Ryb25nPiAtIENoZW5vdCBBY3Rpdml0eSBab25lLCBydWUgZGVzIENow6puZXMsIDU2MzgwIEJlaWdub248L3A+Cgo8cD4yMDIyIC0gQWdlbmNpYSBNZWRpYWZhdW5lIC8gTWV0YWwgUGVyZm9ybWFuY2VzPC9wPg==[\/vc_raw_html][\/vc_column][\/vc_row][vc_row disable_element=&#8221;yes&#8221; row_type=&#8221;full_width&#8221; type=&#8221;container&#8221; bg_select=&#8221;bg_color_section&#8221;][vc_column][vc_single_image image=&#8221;2203&#8243; img_size=&#8221;full&#8221; alignment=&#8221;center&#8221;][\/vc_column][\/vc_row]<\/p>\n","protected":false},"author":1,"featured_media":0,"parent":0,"menu_order":0,"comment_status":"closed","ping_status":"closed","template":"template-page-full.php","meta":{"footnotes":""},"class_list":["post-2574","page","type-page","status-publish","hentry"],"_links":{"self":[{"href":"https:\/\/metalperformances.com\/es\/wp-json\/wp\/v2\/pages\/2574","targetHints":{"allow":["GET"]}}],"collection":[{"href":"https:\/\/metalperformances.com\/es\/wp-json\/wp\/v2\/pages"}],"about":[{"href":"https:\/\/metalperformances.com\/es\/wp-json\/wp\/v2\/types\/page"}],"author":[{"embeddable":true,"href":"https:\/\/metalperformances.com\/es\/wp-json\/wp\/v2\/users\/1"}],"replies":[{"embeddable":true,"href":"https:\/\/metalperformances.com\/es\/wp-json\/wp\/v2\/comments?post=2574"}],"version-history":[{"count":10,"href":"https:\/\/metalperformances.com\/es\/wp-json\/wp\/v2\/pages\/2574\/revisions"}],"predecessor-version":[{"id":3985,"href":"https:\/\/metalperformances.com\/es\/wp-json\/wp\/v2\/pages\/2574\/revisions\/3985"}],"wp:attachment":[{"href":"https:\/\/metalperformances.com\/es\/wp-json\/wp\/v2\/media?parent=2574"}],"curies":[{"name":"wp","href":"https:\/\/api.w.org\/{rel}","templated":true}]}}