{"id":2566,"date":"2022-01-20T11:34:38","date_gmt":"2022-01-20T10:34:38","guid":{"rendered":"https:\/\/metalperformances.com\/metalisteria\/"},"modified":"2022-10-17T08:38:08","modified_gmt":"2022-10-17T06:38:08","slug":"metalisteria","status":"publish","type":"page","link":"https:\/\/metalperformances.com\/es\/metalisteria\/","title":{"rendered":"Metalister\u00eda"},"content":{"rendered":"<div class=\"wpb-content-wrapper\"><p>[vc_row row_type=&#8221;full_width&#8221; type=&#8221;container&#8221; bg_select=&#8221;bg_parallax&#8221; parallax_speed=&#8221;4&#8243; parallax_repeat=&#8221;cover&#8221; bg_image_postions=&#8221;center bottom&#8221; parallax_img=&#8221;4111&#8243; parallax_overlay=&#8221;#404040&#8243; el_class=&#8221;bg-pages&#8221;][vc_column][vc_raw_html][\/vc_raw_html][\/vc_column][\/vc_row][vc_row row_type=&#8221;full_width&#8221; type=&#8221;container&#8221; bg_color=&#8221;#fbfbfb&#8221; el_class=&#8221;h1-pages&#8221;][vc_column el_class=&#8221;heading-pages&#8221;]<div class=\"wbc-heading clearfix\"><h1 class=\"special-heading-3 xs-responsive-text-30 sm-responsive-text-40 md-responsive-text-45\" style=\"font-size:90px;line-height:60px;text-align:center;\">METALISTER\u00cdA<\/h1><\/div><div class=\"wbc-heading clearfix\"><h3 class=\"default-heading\" style=\"font-size:30px;color:#dc3d3f;text-align:center;padding-top:5rem;\">Proyectos a medida<\/h3><\/div>[vc_single_image image=&#8221;2203&#8243; img_size=&#8221;full&#8221; alignment=&#8221;center&#8221;][vc_column_text]<\/p>\n<p style=\"font-size: 1.5rem; text-align: center;\"><strong>Le ofrecemos una soluci\u00f3n de la A a la Z: dise\u00f1o, fabricaci\u00f3n e instalaci\u00f3n.<\/strong><\/p>\n<p>[\/vc_column_text][\/vc_column][\/vc_row][vc_row match_height=&#8221;yes&#8221; vertical_center=&#8221;yes&#8221;][vc_column width=&#8221;1\/2&#8243; parallax_repeat=&#8221;cover&#8221; bg_image_postions=&#8221;center center&#8221; parallax_img=&#8221;4115&#8243; offset=&#8221;vc_hidden-xs&#8221; el_class=&#8221;cover-position-right&#8221;][vc_raw_html][\/vc_raw_html][\/vc_column][vc_column width=&#8221;1\/2&#8243; content_align=&#8221;text-left&#8221; p_top=&#8221;10rem&#8221; p_bottom=&#8221;10rem&#8221; p_left=&#8221;10%&#8221; p_right=&#8221;20%&#8221; el_class=&#8221;text-position&#8221;]<div class=\"wbc-heading clearfix\"><h5 class=\"default-heading\" style=\"color:#5a5a5a;\">Metalister\u00eda<\/h5><\/div><div class=\"wbc-heading clearfix\"><h3 class=\"default-heading\" style=\"color:#b4b400;\">Conjuntos soldados mec\u00e1nicamente y chapa fina<\/h3><\/div><div class=\"wbc-team-box clearfix\" style=\"color:#646464;\"><div class=\"wbc-team-content\"><div class=\"team-name\"><h5 >Jane <span class=\"wbc-color\" >Candy<\/span><\/h5><span>\"Lead Coder\"<\/span><\/div><div class=\"member-details\">M\u00e9tal Performances fabrica piezas soldadas mec\u00e1nicamente de todo tipo, individuales o en serie, en acero inoxidable, aluminio o acero (en bruto, pintado o galvanizado):<\/p>\n<ul>\n<li>chasis, marco, carro, mesa sobre ruedas<\/li>\n<li>caja, bandeja, alacena, escritorio, carcasa<\/li>\n<li>apoyo<\/li>\n<\/ul>\n<p>Dise\u00f1amos, fabricamos e implementamos soluciones ergon\u00f3micas que cumplen los requisitos normativos en materia de accesibilidad y seguridad:<\/p>\n<ul>\n<li>pasarelas, plataformas met\u00e1licas<\/li>\n<li>acceso seguro de usuario<\/li>\n<li>mejora de puestos de trabajo<\/li>\n<\/ul>\n<p><\/div><div class=\"team-icons\"><\/div><\/div><\/div>[\/vc_column][\/vc_row][vc_row disable_element=&#8221;yes&#8221; match_height=&#8221;yes&#8221; vertical_center=&#8221;yes&#8221;][vc_column width=&#8221;1\/2&#8243; content_align=&#8221;text-right&#8221; p_top=&#8221;10rem&#8221; p_bottom=&#8221;10rem&#8221; p_left=&#8221;20%&#8221; p_right=&#8221;10%&#8221;]<div class=\"wbc-heading clearfix\"><h5 class=\"default-heading\" style=\"color:#5a5a5a;text-align:left;\">Guardias de acero inoxidable<\/h5><\/div><div class=\"wbc-heading clearfix\"><h3 class=\"default-heading\" style=\"color:#b4b400;text-align:left;\">Una soluci\u00f3n duradera e higi\u00e9nica<\/h3><\/div><div class=\"wbc-team-box clearfix\" ><div class=\"wbc-team-content\"><div class=\"team-name\"><h5 >Jane <span class=\"wbc-color\" >Candy<\/span><\/h5><span>\"Lead Coder\"<\/span><\/div><div class=\"member-details\"><\/div><div class=\"team-icons\"><\/div><\/div><\/div>[\/vc_column][vc_column width=&#8221;1\/2&#8243; parallax_repeat=&#8221;cover&#8221; bg_image_postions=&#8221;center center&#8221; p_top=&#8221;10rem&#8221; p_bottom=&#8221;10rem&#8221; parallax_img=&#8221;1415&#8243; offset=&#8221;vc_hidden-xs&#8221;][vc_raw_html][\/vc_raw_html][\/vc_column][\/vc_row][vc_row match_height=&#8221;yes&#8221; vertical_center=&#8221;yes&#8221;][vc_column width=&#8221;1\/2&#8243; content_align=&#8221;text-left&#8221; p_top=&#8221;10rem&#8221; p_bottom=&#8221;10rem&#8221; p_left=&#8221;10%&#8221; p_right=&#8221;20%&#8221; el_class=&#8221;text-position-right&#8221;]<div class=\"wbc-heading clearfix\"><h5 class=\"default-heading\" style=\"color:#5a5a5a;\">Cerrajero<\/h5><\/div><div class=\"wbc-heading clearfix\"><h3 class=\"default-heading\" style=\"color:#b4b400;\">Edificios p\u00fablicos y terciarios<\/h3><\/div><div class=\"wbc-team-box clearfix\" style=\"color:#646464;\"><div class=\"wbc-team-content\"><div class=\"team-name\"><h5 >Jane <span class=\"wbc-color\" >Candy<\/span><\/h5><span>\"Lead Coder\"<\/span><\/div><div class=\"member-details\">Estamos a disposici\u00f3n de arquitectos y contratistas para llevar a cabo sus proyectos de construcci\u00f3n, ampliaci\u00f3n o renovaci\u00f3n. Fabricamos trabajos est\u00e9ticos a medida adaptados a cada configuraci\u00f3n.<br \/>\nNuestros equipos de instaladores y nuestros supervisores de obra le brindan soluciones t\u00e9cnicas y controlan el progreso de su trabajo:<\/p>\n<ul>\n<li>escalera<\/li>\n<li>barandilla<\/li>\n<li>mobiliario urbano<\/li>\n<li>rejilla, rejilla<\/li>\n<li>puerta, bloque de puerta<\/li>\n<li>bloqueador solar<\/li>\n<\/ul>\n<p><\/div><div class=\"team-icons\"><\/div><\/div><\/div>[\/vc_column][vc_column width=&#8221;1\/2&#8243; parallax_repeat=&#8221;cover&#8221; bg_image_postions=&#8221;center center&#8221; parallax_img=&#8221;4119&#8243; offset=&#8221;vc_hidden-xs&#8221; el_class=&#8221;cover-position&#8221;][vc_raw_html][\/vc_raw_html][\/vc_column][\/vc_row][vc_row match_height=&#8221;yes&#8221; vertical_center=&#8221;yes&#8221;][vc_column width=&#8221;1\/2&#8243; parallax_repeat=&#8221;cover&#8221; bg_image_postions=&#8221;center center&#8221; p_top=&#8221;10rem&#8221; p_bottom=&#8221;10rem&#8221; parallax_img=&#8221;4123&#8243; offset=&#8221;vc_hidden-xs&#8221; el_class=&#8221;cover-position-right&#8221;][vc_raw_html][\/vc_raw_html][\/vc_column][vc_column width=&#8221;1\/2&#8243; content_align=&#8221;text-right&#8221; p_top=&#8221;10rem&#8221; p_bottom=&#8221;10rem&#8221; p_left=&#8221;20%&#8221; p_right=&#8221;10%&#8221; el_class=&#8221;text-position&#8221;]<div class=\"wbc-heading clearfix\"><h5 class=\"default-heading\" style=\"color:#5a5a5a;text-align:left;\">Personas y comunidades<\/h5><\/div><div class=\"wbc-heading clearfix\"><h3 class=\"default-heading\" style=\"color:#b4b400;text-align:left;\">Para sus proyectos espec\u00edficos<\/h3><\/div><div class=\"wbc-team-box clearfix\" ><div class=\"wbc-team-content\"><div class=\"team-name\"><h5 >Jane <span class=\"wbc-color\" >Candy<\/span><\/h5><span>\"Lead Coder\"<\/span><\/div><div class=\"member-details\">M\u00e9tal Performances comparte su experiencia al servicio de las personas y las comunidades. Para realzar tus interiores y exteriores, dise\u00f1amos y fabricamos piezas \u00fanicas combinando modernidad y adaptaci\u00f3n a lo antiguo:<\/p>\n<ul>\n<li>escalera interior y exterior, recta, giratoria, torcida, helicoidal<\/li>\n<li>guardaespaldas<\/li>\n<li>pasamanos<\/li>\n<li>portales<\/li>\n<li>marquesinas<\/li>\n<li>muebles<\/li>\n<li>p\u00e9rgolas<\/li>\n<li>decoraci\u00f3n<\/li>\n<\/ul>\n<p>Para crear obras de dise\u00f1o, mezclamos diferentes materiales: acero, acero inoxidable, aluminio, madera, resina, hormig\u00f3n, vidrio.<\/div><div class=\"team-icons\"><\/div><\/div><\/div>[\/vc_column][\/vc_row][vc_row match_height=&#8221;yes&#8221; vertical_center=&#8221;yes&#8221;][vc_column width=&#8221;1\/2&#8243; content_align=&#8221;text-left&#8221; p_top=&#8221;10rem&#8221; p_bottom=&#8221;10rem&#8221; p_left=&#8221;10%&#8221; p_right=&#8221;20%&#8221; el_class=&#8221;text-position-right&#8221;]<div class=\"wbc-heading clearfix\"><h5 class=\"default-heading\" style=\"color:#5a5a5a;\">Corte y plegado<\/h5><\/div><div class=\"wbc-heading clearfix\"><h3 class=\"default-heading\" style=\"color:#b4b400;\">Perfiles y chapas dobladas<\/h3><\/div><div class=\"wbc-team-box clearfix\" style=\"color:#646464;\"><div class=\"wbc-team-content\"><div class=\"team-name\"><h5 >Jane <span class=\"wbc-color\" >Candy<\/span><\/h5><span>\"Lead Coder\"<\/span><\/div><div class=\"member-details\">Nuestro stock de materiales nos permite suministrarle en plazos cortos piezas cortadas a medida o dobladas: solapas, \u00e1ngulos, chapas planas, piezas dentadas:<\/p>\n<ul>\n<li>chapa de aluminio lacado (130 colores)<\/li>\n<li>hoja de aluminio en bruto, a cuadros o cepillada<\/li>\n<li>Hoja de acero inoxidable 304L y 316L en bruto, perforada, cepillada, gofrada o taponada<\/li>\n<li>chapa de acero en bruto, lacada, perforada, en forma de l\u00e1grima<\/li>\n<li>Secci\u00f3n de acero: tubo redondo, cuadrado, rect\u00e1ngulo, \u00e1ngulo, T, plano, redondo completo, IPN, UPN, H<\/li>\n<li>perfil de acero inoxidable: tubo redondo, cuadrado, rect\u00e1ngulo, \u00e1ngulo, plano, redondo completo<\/li>\n<\/ul>\n<p><\/div><div class=\"team-icons\"><\/div><\/div><\/div>[\/vc_column][vc_column width=&#8221;1\/2&#8243; parallax_repeat=&#8221;cover&#8221; bg_image_postions=&#8221;center bottom&#8221; parallax_img=&#8221;4127&#8243; offset=&#8221;vc_hidden-xs&#8221; el_class=&#8221;cover-position&#8221;][vc_raw_html][\/vc_raw_html][\/vc_column][\/vc_row]<\/p>\n<\/div>","protected":false},"excerpt":{"rendered":"<p>[vc_row row_type=&#8221;full_width&#8221; type=&#8221;container&#8221; bg_select=&#8221;bg_parallax&#8221; parallax_speed=&#8221;4&#8243; parallax_repeat=&#8221;cover&#8221; bg_image_postions=&#8221;center bottom&#8221; parallax_img=&#8221;4111&#8243; parallax_overlay=&#8221;#404040&#8243; el_class=&#8221;bg-pages&#8221;][vc_column][vc_raw_html][\/vc_raw_html][\/vc_column][\/vc_row][vc_row row_type=&#8221;full_width&#8221; type=&#8221;container&#8221; bg_color=&#8221;#fbfbfb&#8221; el_class=&#8221;h1-pages&#8221;][vc_column el_class=&#8221;heading-pages&#8221;][vc_single_image image=&#8221;2203&#8243; img_size=&#8221;full&#8221; alignment=&#8221;center&#8221;][vc_column_text] Le ofrecemos una soluci\u00f3n de la A a la Z: dise\u00f1o, fabricaci\u00f3n e instalaci\u00f3n. [\/vc_column_text][\/vc_column][\/vc_row][vc_row match_height=&#8221;yes&#8221; vertical_center=&#8221;yes&#8221;][vc_column width=&#8221;1\/2&#8243; parallax_repeat=&#8221;cover&#8221; bg_image_postions=&#8221;center center&#8221; parallax_img=&#8221;4115&#8243; offset=&#8221;vc_hidden-xs&#8221; el_class=&#8221;cover-position-right&#8221;][vc_raw_html][\/vc_raw_html][\/vc_column][vc_column width=&#8221;1\/2&#8243; content_align=&#8221;text-left&#8221; p_top=&#8221;10rem&#8221; p_bottom=&#8221;10rem&#8221; p_left=&#8221;10%&#8221; p_right=&#8221;20%&#8221; el_class=&#8221;text-position&#8221;][\/vc_column][\/vc_row][vc_row disable_element=&#8221;yes&#8221; match_height=&#8221;yes&#8221; vertical_center=&#8221;yes&#8221;][vc_column width=&#8221;1\/2&#8243; content_align=&#8221;text-right&#8221; [&hellip;]<\/p>\n","protected":false},"author":1,"featured_media":0,"parent":0,"menu_order":0,"comment_status":"closed","ping_status":"closed","template":"template-page-full.php","meta":{"footnotes":""},"class_list":["post-2566","page","type-page","status-publish","hentry"],"_links":{"self":[{"href":"https:\/\/metalperformances.com\/es\/wp-json\/wp\/v2\/pages\/2566","targetHints":{"allow":["GET"]}}],"collection":[{"href":"https:\/\/metalperformances.com\/es\/wp-json\/wp\/v2\/pages"}],"about":[{"href":"https:\/\/metalperformances.com\/es\/wp-json\/wp\/v2\/types\/page"}],"author":[{"embeddable":true,"href":"https:\/\/metalperformances.com\/es\/wp-json\/wp\/v2\/users\/1"}],"replies":[{"embeddable":true,"href":"https:\/\/metalperformances.com\/es\/wp-json\/wp\/v2\/comments?post=2566"}],"version-history":[{"count":12,"href":"https:\/\/metalperformances.com\/es\/wp-json\/wp\/v2\/pages\/2566\/revisions"}],"predecessor-version":[{"id":4139,"href":"https:\/\/metalperformances.com\/es\/wp-json\/wp\/v2\/pages\/2566\/revisions\/4139"}],"wp:attachment":[{"href":"https:\/\/metalperformances.com\/es\/wp-json\/wp\/v2\/media?parent=2566"}],"curies":[{"name":"wp","href":"https:\/\/api.w.org\/{rel}","templated":true}]}}