{"id":3367,"date":"2022-06-30T15:16:35","date_gmt":"2022-06-30T13:16:35","guid":{"rendered":"https:\/\/metalperformances.com\/careers\/"},"modified":"2025-03-10T05:11:55","modified_gmt":"2025-03-10T04:11:55","slug":"careers","status":"publish","type":"page","link":"https:\/\/metalperformances.com\/en\/careers\/","title":{"rendered":"Careers"},"content":{"rendered":"<div class=\"wpb-content-wrapper\"><p>[vc_row row_type=&#8221;full_width&#8221; type=&#8221;container&#8221; bg_select=&#8221;bg_parallax&#8221; parallax_speed=&#8221;4&#8243; parallax_repeat=&#8221;cover&#8221; bg_image_postions=&#8221;center bottom&#8221; parallax_img=&#8221;2895&#8243; parallax_overlay=&#8221;#404040&#8243; el_class=&#8221;bg-pages&#8221;][vc_column][vc_raw_html][\/vc_raw_html][\/vc_column][\/vc_row][vc_row row_type=&#8221;full_width&#8221; type=&#8221;container&#8221; bg_color=&#8221;#fbfbfb&#8221; el_class=&#8221;h1-pages&#8221;][vc_column el_class=&#8221;heading-pages&#8221;]<div class=\"wbc-heading clearfix\"><h1 class=\"special-heading-3 xs-responsive-text-30 sm-responsive-text-40 md-responsive-text-45\" style=\"font-size:90px;line-height:60px;text-align:center;\">CAREERS<\/h1><\/div><div class=\"wbc-heading clearfix\"><h3 class=\"default-heading\" style=\"font-size:30px;color:#dc3d3f;text-align:center;padding-top:5rem;\">Are you ready for a new adventure?<\/h3><\/div>[vc_single_image image=&#8221;1828&#8243; img_size=&#8221;full&#8221; alignment=&#8221;center&#8221;][vc_column_text]<\/p>\n<p style=\"font-size: 1.5rem; text-align: center;\"><strong>Vacancies: workshop, worksites and support functions<\/strong><\/p>\n<p>[\/vc_column_text][\/vc_column][\/vc_row][vc_row match_height=&#8221;yes&#8221; row_type=&#8221;full_width&#8221; type=&#8221;container&#8221; bg_select=&#8221;bg_color_section&#8221; bg_color=&#8221;#5a5a5a&#8221;][vc_column content_align=&#8221;text-right&#8221; p_top=&#8221;8rem&#8221; p_bottom=&#8221;8rem&#8221; p_left=&#8221;8rem&#8221; p_right=&#8221;8rem&#8221;]<div class=\"wbc-heading clearfix\"><h2 class=\"default-heading\" style=\"color:#ffffff;text-align:center;\">Our job offers<\/h2><\/div>[vc_single_image image=&#8221;1828&#8243; alignment=&#8221;center&#8221; css=&#8221;.vc_custom_1653731351344{padding-bottom: 5rem !important;}&#8221;]<div class=\"cat-jobs\" style=\"display: flex; justify-content: space-between;\"><p style=\"font-size: 14px; margin: 0 auto; color: #ffffff;\">There are no jobs at this time. Please come back later.<\/p><\/div>[\/vc_column][\/vc_row][vc_row match_height=&#8221;yes&#8221; vertical_center=&#8221;yes&#8221;][vc_column width=&#8221;1\/2&#8243; content_align=&#8221;text-left&#8221; p_top=&#8221;10rem&#8221; p_bottom=&#8221;10rem&#8221; p_left=&#8221;10%&#8221; p_right=&#8221;20%&#8221; el_class=&#8221;text-position-right&#8221; m_top=&#8221;4rem&#8221;]<div class=\"wbc-heading clearfix\"><h5 class=\"default-heading\" style=\"color:#5a5a5a;\"><\/h5><\/div><div class=\"wbc-heading clearfix\"><h3 class=\"default-heading\" style=\"color:#b4b400;\">No experience? We\u2019ll train you!<\/h3><\/div><div class=\"wbc-team-box clearfix\" style=\"color:#646464;\"><div class=\"wbc-team-content\"><div class=\"team-name\"><h5 >Jane <span class=\"wbc-color\" >Candy<\/span><\/h5><span>\"Lead Coder\"<\/span><\/div><div class=\"member-details\">You\u2019d like to come and work for us but have no knowledge of metallurgy?<\/p>\n<p>Our in-house training school can train you in the various trades: pipe-fitting, boilermaking, welding, metalworking, fitting and welding.<\/p>\n<p>We offer theory and practical training as well as mentoring to give you the best possible start.<br \/>\nOnce you\u2019ve completed the training we will guide you towards the area most suited to your abilities. Whether in pipe fitting, boilermaking, welding or erection, we will follow your progress throughout your career.<\/div><div class=\"team-icons\"><\/div><\/div><\/div>[\/vc_column][vc_column width=&#8221;1\/2&#8243; parallax_repeat=&#8221;cover&#8221; bg_image_postions=&#8221;center center&#8221; parallax_img=&#8221;3579&#8243; el_class=&#8221;cover-position&#8221;][vc_raw_html][\/vc_raw_html][\/vc_column][\/vc_row][vc_row match_height=&#8221;yes&#8221; vertical_center=&#8221;yes&#8221; m_top=&#8221;10rem&#8221; m_bottom=&#8221;10rem&#8221;][vc_column width=&#8221;1\/2&#8243; parallax_repeat=&#8221;cover&#8221; bg_image_postions=&#8221;center center&#8221; offset=&#8221;vc_hidden-xs&#8221;]<div class=\"wbc-testimonial-wrap\"><div class=\"wbc-testimonail-carousel\" data-item-height=\"auto\" data-item-speed=\"7000\" ><div><div class=\"wbc-testimonial\"><span class=\"testimonial-message\">``J'ai effectu\u00e9 ma reconversion professionnelle chez M\u00e9tal Performances. J'ai eu l'occasion d\u2019\u00eatre form\u00e9e dans les deux ateliers, j'ai un r\u00e9f\u00e9rent tr\u00e8s int\u00e9ressant qui prend le temps de m'apprendre.``<\/span><img loading=\"lazy\" decoding=\"async\" width=\"150\" height=\"150\" src=\"https:\/\/metalperformances.com\/content\/uploads\/2022\/05\/audrey-150x150.jpg\" class=\"attachment-thumbnail size-thumbnail\" alt=\"audrey\" srcset=\"https:\/\/metalperformances.com\/content\/uploads\/2022\/05\/audrey-150x150.jpg 150w, https:\/\/metalperformances.com\/content\/uploads\/2022\/05\/audrey-500x500.jpg 500w\" sizes=\"auto, (max-width: 150px) 100vw, 150px\" \/><div class=\"testimonial-info\"><div class=\"testimonial-name\">Audrey<\/div><small><\/small><\/div><\/div><\/div><div><div class=\"wbc-testimonial\"><span class=\"testimonial-message\">``En 7 ans chez M\u00e9tal Performances, j'ai appris \u00e0 me servir du banc de soudage, du plasma et maintenant je suis le responsable de la machine laser.``<\/span><img loading=\"lazy\" decoding=\"async\" width=\"150\" height=\"150\" src=\"https:\/\/metalperformances.com\/content\/uploads\/2022\/05\/jonathan-1-150x150.jpg\" class=\"attachment-thumbnail size-thumbnail\" alt=\"jonathan\" srcset=\"https:\/\/metalperformances.com\/content\/uploads\/2022\/05\/jonathan-1-150x150.jpg 150w, https:\/\/metalperformances.com\/content\/uploads\/2022\/05\/jonathan-1-500x500.jpg 500w\" sizes=\"auto, (max-width: 150px) 100vw, 150px\" \/><div class=\"testimonial-info\"><div class=\"testimonial-name\">Jonathan<\/div><small><\/small><\/div><\/div><\/div><div><div class=\"wbc-testimonial\"><span class=\"testimonial-message\">``J'ai fait mon BTS NRC en alternance chez M\u00e9tal Performances, j'ai progressivement \u00e9volu\u00e9. D\u00e9sormais, je suis responsable protections.``<\/span><img loading=\"lazy\" decoding=\"async\" width=\"150\" height=\"150\" src=\"https:\/\/metalperformances.com\/content\/uploads\/2022\/05\/antoine-150x150.jpg\" class=\"attachment-thumbnail size-thumbnail\" alt=\"antoine\" srcset=\"https:\/\/metalperformances.com\/content\/uploads\/2022\/05\/antoine-150x150.jpg 150w, https:\/\/metalperformances.com\/content\/uploads\/2022\/05\/antoine-500x500.jpg 500w\" sizes=\"auto, (max-width: 150px) 100vw, 150px\" \/><div class=\"testimonial-info\"><div class=\"testimonial-name\">Antoine<\/div><small><\/small><\/div><\/div><\/div><\/div><div class=\"wbc-testimonial-nav\"><a href=\"#\" class=\"wbc-arrow-buttons carousel-prev button btn-primary\"><i class=\"fa fa-angle-left\"><\/i><\/a><a href=\"#\" class=\"wbc-arrow-buttons carousel-next button btn-primary\"><i class=\"fa fa-angle-right\"><\/i><\/a><\/div><\/div>[\/vc_column][vc_column width=&#8221;1\/2&#8243; content_align=&#8221;text-left&#8221; p_top=&#8221;10rem&#8221; p_bottom=&#8221;10rem&#8221; p_left=&#8221;10%&#8221; p_right=&#8221;20%&#8221;]<div class=\"wbc-heading clearfix\"><h5 class=\"default-heading\" style=\"color:#5a5a5a;\">You already have experience in these trades, but<\/h5><\/div><div class=\"wbc-heading clearfix\"><h3 class=\"default-heading\" style=\"color:#b4b400;\">You\u2019d like to give your career a boost?<\/h3><\/div><div class=\"wbc-team-box clearfix\" style=\"color:#646464;\"><div class=\"wbc-team-content\"><div class=\"team-name\"><h5 >Jane <span class=\"wbc-color\" >Candy<\/span><\/h5><span>\"Lead Coder\"<\/span><\/div><div class=\"member-details\">At M\u00e9tal Performances we encourage your personal development by proposing training or qualification in a range of fields:<\/p>\n<ul>\n<li>Welding Qualification<\/li>\n<li>Handling and lifting vehicles<\/li>\n<li>Overhead work<\/li>\n<li>First Responder<\/li>\n<li>Chemical Risks Prevention<\/li>\n<\/ul>\n<p><\/div><div class=\"team-icons\"><\/div><\/div><\/div>[\/vc_column][\/vc_row][vc_row match_height=&#8221;yes&#8221; vertical_center=&#8221;yes&#8221;][vc_column width=&#8221;1\/2&#8243; parallax_repeat=&#8221;cover&#8221; bg_image_postions=&#8221;center center&#8221; parallax_img=&#8221;2848&#8243; el_class=&#8221;cover-position-right&#8221;][vc_raw_html][\/vc_raw_html][\/vc_column][vc_column width=&#8221;1\/2&#8243; content_align=&#8221;text-left&#8221; p_top=&#8221;10rem&#8221; p_bottom=&#8221;10rem&#8221; p_left=&#8221;10%&#8221; p_right=&#8221;20%&#8221; el_class=&#8221;text-position&#8221; m_top=&#8221;4rem&#8221;]<div class=\"wbc-heading clearfix\"><h5 class=\"default-heading\" style=\"color:#5a5a5a;\"><\/h5><\/div><div class=\"wbc-heading clearfix\"><h3 class=\"default-heading\" style=\"color:#b4b400;\">Your integration is our priority!<\/h3><\/div><div class=\"wbc-team-box clearfix\" style=\"color:#646464;\"><div class=\"wbc-team-content\"><div class=\"team-name\"><h5 >Jane <span class=\"wbc-color\" >Candy<\/span><\/h5><span>\"Lead Coder\"<\/span><\/div><div class=\"member-details\">Whether you are a beginner or a seasoned worker, we do everything we can to make you feel part of the team: induction process, team-building events, follow-up... Come and join us at M\u00e9tal Performances!<\/div><div class=\"team-icons\"><\/div><\/div><\/div>[\/vc_column][\/vc_row][vc_row row_type=&#8221;full_width&#8221; type=&#8221;container&#8221; bg_select=&#8221;bg_color_section&#8221; bg_color=&#8221;#5a5a5a&#8221; anchor=&#8221;apply-job&#8221; p_bottom=&#8221;5rem&#8221;][vc_column]<div class=\"wbc-heading clearfix\"><h3 class=\"special-heading-3\" style=\"font-size:45px;color:#ffffff;text-align:center;margin-top:4rem;\">APPLY<\/h3><\/div>[vc_single_image image=&#8221;1828&#8243; alignment=&#8221;center&#8221;]\n<div class=\"wpcf7 no-js\" id=\"wpcf7-f2717-o1\" lang=\"\" dir=\"ltr\" data-wpcf7-id=\"2717\">\n<div class=\"screen-reader-response\"><p role=\"status\" aria-live=\"polite\" aria-atomic=\"true\"><\/p> <ul><\/ul><\/div>\n<form action=\"\/en\/wp-json\/wp\/v2\/pages\/3367#wpcf7-f2717-o1\" method=\"post\" class=\"wpcf7-form init\" aria-label=\"Contact form\" enctype=\"multipart\/form-data\" novalidate=\"novalidate\" data-status=\"init\">\n<fieldset class=\"hidden-fields-container\"><input type=\"hidden\" name=\"_wpcf7\" value=\"2717\" \/><input type=\"hidden\" name=\"_wpcf7_version\" value=\"6.1.4\" \/><input type=\"hidden\" name=\"_wpcf7_locale\" value=\"\" \/><input type=\"hidden\" name=\"_wpcf7_unit_tag\" value=\"wpcf7-f2717-o1\" \/><input type=\"hidden\" name=\"_wpcf7_container_post\" value=\"0\" \/><input type=\"hidden\" name=\"_wpcf7_posted_data_hash\" value=\"\" \/><input type=\"hidden\" name=\"_wpcf7_recaptcha_response\" value=\"\" \/>\n<\/fieldset>\n<div class=\"row\">\n\t<div class=\"col-sm-6\">\n\t\t<p><br \/>\n<label> Votre pr\u00e9nom et votre nom <\/label><br \/>\n<span class=\"wpcf7-form-control-wrap\" data-name=\"your-name\"><input size=\"40\" maxlength=\"400\" class=\"wpcf7-form-control wpcf7-text wpcf7-validates-as-required\" aria-required=\"true\" aria-invalid=\"false\" value=\"\" type=\"text\" name=\"your-name\" \/><\/span>\n\t\t<\/p>\n\t<\/div>\n\t<div class=\"col-sm-6\">\n\t\t<p><br \/>\n<label> Votre e-mail <\/label><br \/>\n<span class=\"wpcf7-form-control-wrap\" data-name=\"your-email\"><input size=\"40\" maxlength=\"400\" class=\"wpcf7-form-control wpcf7-email wpcf7-validates-as-required wpcf7-text wpcf7-validates-as-email\" aria-required=\"true\" aria-invalid=\"false\" value=\"\" type=\"email\" name=\"your-email\" \/><\/span>\n\t\t<\/p>\n\t<\/div>\n\t<div class=\"col-sm-6\">\n\t\t<p><br \/>\n<label> Poste \u00e0 pourvoir <\/label><br \/>\n<span class=\"wpcf7-form-control-wrap\" data-name=\"cf7-jobs\"><select class=\"wpcf7-form-control wpcf7-select wpcf7-validates-as-required\" aria-required=\"true\" aria-invalid=\"false\" name=\"cf7-jobs\"><option value=\"\">&#8212;Please choose an option&#8212;<\/option><\/select><\/span>\n\t\t<\/p>\n\t<\/div>\n\t<div class=\"col-sm-6\">\n\t\t<p><br \/>\n<label> Votre CV <\/label><br \/>\n<span class=\"wpcf7-form-control-wrap\" data-name=\"your-files\"><input size=\"40\" class=\"wpcf7-form-control wpcf7-file wpcf7-validates-as-required\" accept=\"image\/*,.txt,application\/pdf\" aria-required=\"true\" aria-invalid=\"false\" type=\"file\" name=\"your-files\" \/><\/span>\n\t\t<\/p>\n\t<\/div>\n\t<div class=\"col-sm-12\">\n\t\t<p><br \/>\n<label> Votre message <\/label><br \/>\n<span class=\"wpcf7-form-control-wrap\" data-name=\"your-message\"><textarea cols=\"40\" rows=\"10\" maxlength=\"2000\" class=\"wpcf7-form-control wpcf7-textarea wpcf7-validates-as-required\" aria-required=\"true\" aria-invalid=\"false\" name=\"your-message\"><\/textarea><\/span>\n\t\t<\/p>\n\t<\/div>\n\t<div class=\"col-sm-12\">\n\t\t<p><input class=\"wpcf7-form-control wpcf7-submit has-spinner\" type=\"submit\" value=\"Envoyer\" \/>\n\t\t<\/p>\n\t<\/div>\n<\/div><div class=\"wpcf7-response-output\" aria-hidden=\"true\"><\/div>\n<\/form>\n<\/div>\n[\/vc_column][\/vc_row]<\/p>\n<\/div>","protected":false},"excerpt":{"rendered":"<p>[vc_row row_type=&#8221;full_width&#8221; type=&#8221;container&#8221; bg_select=&#8221;bg_parallax&#8221; parallax_speed=&#8221;4&#8243; parallax_repeat=&#8221;cover&#8221; bg_image_postions=&#8221;center bottom&#8221; parallax_img=&#8221;2895&#8243; parallax_overlay=&#8221;#404040&#8243; el_class=&#8221;bg-pages&#8221;][vc_column][vc_raw_html][\/vc_raw_html][\/vc_column][\/vc_row][vc_row row_type=&#8221;full_width&#8221; type=&#8221;container&#8221; bg_color=&#8221;#fbfbfb&#8221; el_class=&#8221;h1-pages&#8221;][vc_column el_class=&#8221;heading-pages&#8221;][vc_single_image image=&#8221;1828&#8243; img_size=&#8221;full&#8221; alignment=&#8221;center&#8221;][vc_column_text] Vacancies: workshop, worksites and support functions [\/vc_column_text][\/vc_column][\/vc_row][vc_row match_height=&#8221;yes&#8221; row_type=&#8221;full_width&#8221; type=&#8221;container&#8221; bg_select=&#8221;bg_color_section&#8221; bg_color=&#8221;#5a5a5a&#8221;][vc_column content_align=&#8221;text-right&#8221; p_top=&#8221;8rem&#8221; p_bottom=&#8221;8rem&#8221; p_left=&#8221;8rem&#8221; p_right=&#8221;8rem&#8221;][vc_single_image image=&#8221;1828&#8243; alignment=&#8221;center&#8221; css=&#8221;.vc_custom_1653731351344{padding-bottom: 5rem !important;}&#8221;][\/vc_column][\/vc_row][vc_row match_height=&#8221;yes&#8221; vertical_center=&#8221;yes&#8221;][vc_column width=&#8221;1\/2&#8243; content_align=&#8221;text-left&#8221; p_top=&#8221;10rem&#8221; p_bottom=&#8221;10rem&#8221; p_left=&#8221;10%&#8221; p_right=&#8221;20%&#8221; el_class=&#8221;text-position-right&#8221; m_top=&#8221;4rem&#8221;][\/vc_column][vc_column width=&#8221;1\/2&#8243; parallax_repeat=&#8221;cover&#8221; bg_image_postions=&#8221;center center&#8221; [&hellip;]<\/p>\n","protected":false},"author":1,"featured_media":0,"parent":0,"menu_order":0,"comment_status":"closed","ping_status":"closed","template":"template-page-full.php","meta":{"footnotes":""},"class_list":["post-3367","page","type-page","status-publish","hentry"],"_links":{"self":[{"href":"https:\/\/metalperformances.com\/en\/wp-json\/wp\/v2\/pages\/3367","targetHints":{"allow":["GET"]}}],"collection":[{"href":"https:\/\/metalperformances.com\/en\/wp-json\/wp\/v2\/pages"}],"about":[{"href":"https:\/\/metalperformances.com\/en\/wp-json\/wp\/v2\/types\/page"}],"author":[{"embeddable":true,"href":"https:\/\/metalperformances.com\/en\/wp-json\/wp\/v2\/users\/1"}],"replies":[{"embeddable":true,"href":"https:\/\/metalperformances.com\/en\/wp-json\/wp\/v2\/comments?post=3367"}],"version-history":[{"count":28,"href":"https:\/\/metalperformances.com\/en\/wp-json\/wp\/v2\/pages\/3367\/revisions"}],"predecessor-version":[{"id":4536,"href":"https:\/\/metalperformances.com\/en\/wp-json\/wp\/v2\/pages\/3367\/revisions\/4536"}],"wp:attachment":[{"href":"https:\/\/metalperformances.com\/en\/wp-json\/wp\/v2\/media?parent=3367"}],"curies":[{"name":"wp","href":"https:\/\/api.w.org\/{rel}","templated":true}]}}