{"id":3383,"date":"2022-06-30T15:19:42","date_gmt":"2022-06-30T13:19:42","guid":{"rendered":"https:\/\/metalperformances.com\/rezani-laserem\/"},"modified":"2022-10-17T09:00:41","modified_gmt":"2022-10-17T07:00:41","slug":"rezani-laserem","status":"publish","type":"page","link":"https:\/\/metalperformances.com\/cs\/rezani-laserem\/","title":{"rendered":"\u0158ez\u00e1n\u00ed laserem"},"content":{"rendered":"<div class=\"wpb-content-wrapper\"><p>[vc_row row_type=&#8221;full_width&#8221; type=&#8221;container&#8221; bg_select=&#8221;bg_parallax&#8221; parallax_speed=&#8221;4&#8243; parallax_repeat=&#8221;cover&#8221; bg_image_postions=&#8221;center bottom&#8221; parallax_img=&#8221;3304&#8243; parallax_overlay=&#8221;#404040&#8243; el_class=&#8221;bg-pages&#8221;][vc_column][vc_raw_html][\/vc_raw_html][\/vc_column][\/vc_row][vc_row row_type=&#8221;full_width&#8221; type=&#8221;container&#8221; bg_color=&#8221;#fbfbfb&#8221; el_class=&#8221;h1-pages&#8221;][vc_column el_class=&#8221;heading-pages&#8221;]<div class=\"wbc-heading clearfix\"><h1 class=\"special-heading-3 xs-responsive-text-30 sm-responsive-text-40 md-responsive-text-45\" style=\"font-size:90px;line-height:60px;text-align:center;\">\u0158EZ\u00c1N\u00cd LASEREM<\/h1><\/div><div class=\"wbc-heading clearfix\"><h3 class=\"default-heading\" style=\"font-size:30px;color:#dc3d3f;text-align:center;padding-top:5rem;\">Nov\u00fd zp\u016fsob pr\u00e1ce na va\u0161ich projektech<\/h3><\/div>[vc_single_image image=&#8221;2202&#8243; img_size=&#8221;full&#8221; alignment=&#8221;center&#8221;][vc_column_text]<\/p>\n<p style=\"font-size: 1.5rem; text-align: center;\"><strong>Podpo\u0159\u00edme v\u00e1s p\u0159i va\u0161ich projektech \u0159ez\u00e1n\u00ed plech\u016f a trubek.<br \/>\n<\/strong><\/p>\n<p>[\/vc_column_text][vc_raw_html]PGRpdiBzdHlsZT0idGV4dC1hbGlnbjogY2VudGVyOyI+PGEgc3R5bGU9Im1hcmdpbjogMnJlbTsgYmFja2dyb3VuZC1jb2xvcjogI2I0YjQwMDsgYm9yZGVyLWNvbG9yOiAjYjRiNDAwOyIgY2xhc3M9ImJ0bi1qb2JzIHdiYy1idXR0b24gYnV0dG9uIGJ0bi1wcmltYXJ5IG5vLWhvdmVyIiBocmVmPSIjcXVvdGUtcmVxdWVzdCI+UG\/FvsOhZGF0IG8gY2Vub3ZvdSBuYWLDrWRrdTwvYT48L2Rpdj4=[\/vc_raw_html][\/vc_column][\/vc_row][vc_row match_height=&#8221;yes&#8221; vertical_center=&#8221;yes&#8221;][vc_column width=&#8221;1\/2&#8243; content_align=&#8221;text-left&#8221; p_top=&#8221;10rem&#8221; p_bottom=&#8221;10rem&#8221; p_left=&#8221;10%&#8221; p_right=&#8221;20%&#8221; el_class=&#8221;text-position-right&#8221;]<div class=\"wbc-heading clearfix\"><h5 class=\"default-heading\" style=\"color:#5a5a5a;\">Reagujeme na va\u0161e projekty<\/h5><\/div><div class=\"wbc-heading clearfix\"><h3 class=\"default-heading\" style=\"color:#b4b400;\">\u0158ez\u00e1n\u00ed, grav\u00edrov\u00e1n\u00ed a zna\u010den\u00ed<\/h3><\/div><div class=\"wbc-team-box clearfix\" style=\"color:#646464;\"><div class=\"wbc-team-content\"><div class=\"team-name\"><h5 >Jane <span class=\"wbc-color\" >Candy<\/span><\/h5><span>\"Lead Coder\"<\/span><\/div><div class=\"member-details\">N\u00e1\u0161 stroj n\u00e1m umo\u017e\u0148uje splnit va\u0161e nejp\u0159esn\u011bj\u0161\u00ed po\u017eadavky a je schopen zpracov\u00e1vat n\u00e1sleduj\u00edc\u00ed materi\u00e1ly.<\/p>\n<ul>\n<li>Ocel: 20 mm<\/li>\n<li>Nerezov\u00e1 ocel: 15 mm<\/li>\n<li>Hlin\u00edk: 20 mm<\/li>\n<\/ul>\n<p>Vyr\u00e1b\u00edme jednotliv\u00e9 d\u00edly a mal\u00e9 a st\u0159edn\u00ed s\u00e9rie.<\/div><div class=\"team-icons\"><\/div><\/div><\/div>[\/vc_column][vc_column width=&#8221;1\/2&#8243; parallax_repeat=&#8221;cover&#8221; bg_image_postions=&#8221;center center&#8221; parallax_img=&#8221;4190&#8243; offset=&#8221;vc_hidden-xs&#8221; el_class=&#8221;cover-position&#8221;][vc_raw_html][\/vc_raw_html][\/vc_column][\/vc_row][vc_row match_height=&#8221;yes&#8221; vertical_center=&#8221;yes&#8221;][vc_column width=&#8221;1\/2&#8243; parallax_repeat=&#8221;cover&#8221; bg_image_postions=&#8221;center center&#8221; p_top=&#8221;10rem&#8221; p_bottom=&#8221;10rem&#8221; parallax_img=&#8221;4194&#8243; offset=&#8221;vc_hidden-xs&#8221; el_class=&#8221;cover-position-right&#8221;][vc_raw_html][\/vc_raw_html][\/vc_column][vc_column width=&#8221;1\/2&#8243; content_align=&#8221;text-right&#8221; p_top=&#8221;10rem&#8221; p_bottom=&#8221;10rem&#8221; p_left=&#8221;20%&#8221; p_right=&#8221;10%&#8221; el_class=&#8221;text-position&#8221;]<div class=\"wbc-heading clearfix\"><h5 class=\"default-heading\" style=\"color:#5a5a5a;text-align:left;\"><\/h5><\/div><div class=\"wbc-heading clearfix\"><h3 class=\"default-heading\" style=\"color:#b4b400;text-align:left;\">Na\u0161e plus ? Laserov\u00e1 trubice!<\/h3><\/div><div class=\"wbc-team-box clearfix\" ><div class=\"wbc-team-content\"><div class=\"team-name\"><h5 >Jane <span class=\"wbc-color\" >Candy<\/span><\/h5><span>\"Lead Coder\"<\/span><\/div><div class=\"member-details\">M\u016f\u017eeme v\u00e1m tak\u00e9 nab\u00eddnout \u0159ez\u00e1n\u00ed trubek pro va\u0161e projekty v oblasti potrub\u00ed a kovov\u00fdroby. N\u00e1\u0161 stroj dok\u00e1\u017ee \u0159ezat kulat\u00e9 trubky do \u00d8219 mm o d\u00e9lce p\u0159es 6 m, stejn\u011b jako \u010dtvercov\u00e9, obd\u00e9ln\u00edkov\u00e9 a \u00fahlov\u00e9 trubky. Objedn\u00e1vky na\u0161ich z\u00e1kazn\u00edk\u016f optimalizujeme t\u00edm, \u017ee pravideln\u011b aktualizujeme na\u0161e z\u00e1soby profil\u016f, co\u017e n\u00e1m umo\u017e\u0148uje velmi rychle reagovat.<\/div><div class=\"team-icons\"><\/div><\/div><\/div>[\/vc_column][\/vc_row][vc_row match_height=&#8221;yes&#8221; vertical_center=&#8221;yes&#8221;][vc_column width=&#8221;1\/2&#8243; p_top=&#8221;10rem&#8221; p_bottom=&#8221;10rem&#8221; p_left=&#8221;10%&#8221; p_right=&#8221;20%&#8221; el_class=&#8221;text-position-right&#8221;]<div class=\"wbc-heading clearfix\"><h5 class=\"default-heading\" style=\"color:#5a5a5a;\"><\/h5><\/div><div class=\"wbc-heading clearfix\"><h3 class=\"default-heading\" style=\"color:#b4b400;\">Jak \u0159\u00edd\u00edme va\u0161e projekty?<\/h3><\/div><div class=\"wbc-team-box clearfix\" ><div class=\"wbc-team-content\"><div class=\"team-name\"><h5 >Jane <span class=\"wbc-color\" >Candy<\/span><\/h5><span>\"Lead Coder\"<\/span><\/div><div class=\"member-details\">M\u016f\u017eete n\u00e1s kontaktovat a z\u00edskat informace o v\u00fdvoji va\u0161eho projektu. Pot\u00e9 v\u00e1m za\u0161leme cenovou nab\u00eddku. My<br \/>\nJsme v\u00e1m k dispozici v pr\u016fb\u011bhu cel\u00e9ho v\u00fdrobn\u00edho procesu a m\u016f\u017eeme v\u00e1m poradit s v\u00fdb\u011brem materi\u00e1lu a designu.<\/div><div class=\"team-icons\"><\/div><\/div><\/div>[\/vc_column][vc_column width=&#8221;1\/2&#8243; parallax_repeat=&#8221;cover&#8221; bg_image_postions=&#8221;center center&#8221; parallax_img=&#8221;4198&#8243; offset=&#8221;vc_hidden-xs&#8221; el_class=&#8221;cover-position&#8221;][vc_raw_html][\/vc_raw_html][\/vc_column][\/vc_row][vc_row match_height=&#8221;yes&#8221; vertical_center=&#8221;yes&#8221;][vc_column width=&#8221;1\/2&#8243; parallax_repeat=&#8221;cover&#8221; bg_image_postions=&#8221;center center&#8221; p_top=&#8221;10rem&#8221; p_bottom=&#8221;10rem&#8221; parallax_img=&#8221;4202&#8243; offset=&#8221;vc_hidden-xs&#8221; el_class=&#8221;cover-position-right&#8221;][vc_raw_html][\/vc_raw_html][\/vc_column][vc_column width=&#8221;1\/2&#8243; p_top=&#8221;10rem&#8221; p_bottom=&#8221;10rem&#8221; p_left=&#8221;20%&#8221; p_right=&#8221;10%&#8221; el_class=&#8221;text-position&#8221;]<div class=\"wbc-heading clearfix\"><h5 class=\"default-heading\" style=\"color:#5a5a5a;text-align:left;\"><\/h5><\/div><div class=\"wbc-heading clearfix\"><h3 class=\"default-heading\" style=\"color:#b4b400;text-align:left;\">O doru\u010den\u00ed<\/h3><\/div><div class=\"wbc-team-box clearfix\" ><div class=\"wbc-team-content\"><div class=\"team-name\"><h5 >Jane <span class=\"wbc-color\" >Candy<\/span><\/h5><span>\"Lead Coder\"<\/span><\/div><div class=\"member-details\">Va\u0161e d\u00edly tvarujeme v na\u0161ich d\u00edln\u00e1ch, kter\u00e9 se nach\u00e1zej\u00ed v Bretani v obci Beignon (56), 45 minut od Vannes a 30 minut od Rennes. D\u00edly si m\u016f\u017eete vyzvednout na m\u00edst\u011b nebo v\u00e1m je m\u016f\u017eeme doru\u010dit.<\/div><div class=\"team-icons\"><\/div><\/div><\/div>[\/vc_column][\/vc_row][vc_row match_height=&#8221;yes&#8221; vertical_center=&#8221;yes&#8221; p_bottom=&#8221;40&#8243;][vc_column width=&#8221;1\/2&#8243; p_top=&#8221;10rem&#8221; p_bottom=&#8221;10rem&#8221; p_left=&#8221;10%&#8221; p_right=&#8221;20%&#8221; el_class=&#8221;text-position-right&#8221;]<div class=\"wbc-heading clearfix\"><h5 class=\"default-heading\" style=\"color:#5a5a5a;\"><\/h5><\/div><div class=\"wbc-heading clearfix\"><h3 class=\"default-heading\" style=\"color:#b4b400;\">Kvalita va\u0161ich projekt\u016f je na\u0161\u00ed prioritou<\/h3><\/div><div class=\"wbc-team-box clearfix\" ><div class=\"wbc-team-content\"><div class=\"team-name\"><h5 >Jane <span class=\"wbc-color\" >Candy<\/span><\/h5><span>\"Lead Coder\"<\/span><\/div><div class=\"member-details\">Krom\u011b r\u016fzn\u00fdch nab\u00edzen\u00fdch povrchov\u00fdch \u00faprav jsou na\u0161e t\u00fdmy vy\u0161koleny a prov\u00e1d\u011bj\u00ed kontrolu kvality a odjehlov\u00e1n\u00ed va\u0161ich d\u00edl\u016f. Pro optimalizaci kvality va\u0161ich d\u00edl\u016f v\u00e1m m\u016f\u017eeme poskytnout certifik\u00e1ty kvality materi\u00e1lu (CCPU).<\/div><div class=\"team-icons\"><\/div><\/div><\/div>[\/vc_column][vc_column width=&#8221;1\/2&#8243; parallax_repeat=&#8221;cover&#8221; bg_image_postions=&#8221;center center&#8221; parallax_img=&#8221;4216&#8243; offset=&#8221;vc_hidden-xs&#8221; el_class=&#8221;cover-position&#8221;][vc_raw_html][\/vc_raw_html][\/vc_column][\/vc_row][vc_row row_type=&#8221;full_width&#8221; type=&#8221;container&#8221; bg_select=&#8221;bg_color_section&#8221; p_top=&#8221;60&#8243; border_color=&#8221;#ebebeb&#8221; el_class=&#8221;particulier&#8221;][vc_column]<div class=\"wbc-heading clearfix\"><div class=\"default-heading\" style=\"font-size:35px;color:#5a5a5a;text-align:center;\">Realizujeme va\u0161e n\u00e1pady na d\u00e1rky!<\/div><\/div><div class=\"wbc-heading clearfix\"><h3 class=\"default-heading\" style=\"font-size:15px;color:#b4b400;text-align:center;\"><\/h3><\/div>[vc_single_image image=&#8221;2202&#8243; img_size=&#8221;full&#8221; alignment=&#8221;center&#8221;][\/vc_column][vc_column width=&#8221;1\/3&#8243; content_align=&#8221;text-center&#8221; el_class=&#8221;lienlien&#8221;]<div class=\"wbc-team-box clearfix\" style=\"color:#646464;\"><img loading=\"lazy\" decoding=\"async\" width=\"267\" height=\"350\" src=\"https:\/\/metalperformances.com\/content\/uploads\/2022\/06\/illus-decoupelaser-visuel06-mp.jpg\" class=\"attachment-full size-full\" alt=\"Metalick\u00fd grafick\u00fd potisk\" srcset=\"https:\/\/metalperformances.com\/content\/uploads\/2022\/06\/illus-decoupelaser-visuel06-mp.jpg 267w, https:\/\/metalperformances.com\/content\/uploads\/2022\/06\/illus-decoupelaser-visuel06-mp-229x300.jpg 229w\" sizes=\"auto, (max-width: 267px) 100vw, 267px\" \/><div class=\"wbc-team-content\"><div class=\"team-name\"><h5 >Metalick\u00fd grafick\u00fd potisk<\/h5><span>\"Lead Coder\"<\/span><\/div><div class=\"member-details\"><\/div><div class=\"team-icons\"><\/div><\/div><\/div>[\/vc_column][vc_column width=&#8221;1\/3&#8243; content_align=&#8221;text-center&#8221; el_class=&#8221;lienlien&#8221;]<div class=\"wbc-team-box clearfix\" style=\"color:#646464;\"><img loading=\"lazy\" decoding=\"async\" width=\"267\" height=\"350\" src=\"https:\/\/metalperformances.com\/content\/uploads\/2022\/06\/illus-decoupelaser-visuel07-mp.jpg\" class=\"attachment-full size-full\" alt=\"St\u0159ih na m\u00edru\" srcset=\"https:\/\/metalperformances.com\/content\/uploads\/2022\/06\/illus-decoupelaser-visuel07-mp.jpg 267w, https:\/\/metalperformances.com\/content\/uploads\/2022\/06\/illus-decoupelaser-visuel07-mp-229x300.jpg 229w\" sizes=\"auto, (max-width: 267px) 100vw, 267px\" \/><div class=\"wbc-team-content\"><div class=\"team-name\"><h5 >St\u0159ih na m\u00edru<\/h5><span>\"Lead Coder\"<\/span><\/div><div class=\"member-details\"><\/div><div class=\"team-icons\"><\/div><\/div><\/div>[\/vc_column][vc_column width=&#8221;1\/3&#8243; content_align=&#8221;text-center&#8221; el_class=&#8221;lienlien&#8221;]<div class=\"wbc-team-box clearfix\" style=\"color:#646464;\"><img loading=\"lazy\" decoding=\"async\" width=\"267\" height=\"350\" src=\"https:\/\/metalperformances.com\/content\/uploads\/2022\/06\/illus-decoupelaser-visuel08-mp.jpg\" class=\"attachment-full size-full\" alt=\"N\u00e1pady na d\u00e1rky\" srcset=\"https:\/\/metalperformances.com\/content\/uploads\/2022\/06\/illus-decoupelaser-visuel08-mp.jpg 267w, https:\/\/metalperformances.com\/content\/uploads\/2022\/06\/illus-decoupelaser-visuel08-mp-229x300.jpg 229w\" sizes=\"auto, (max-width: 267px) 100vw, 267px\" \/><div class=\"wbc-team-content\"><div class=\"team-name\"><h5 >N\u00e1pady na d\u00e1rky<\/h5><span>\"Lead Coder\"<\/span><\/div><div class=\"member-details\"><\/div><div class=\"team-icons\"><\/div><\/div><\/div>[\/vc_column][\/vc_row][vc_row row_type=&#8221;full_width&#8221; type=&#8221;container&#8221; bg_select=&#8221;bg_color_section&#8221; bg_color=&#8221;#2b2b2b&#8221; anchor=&#8221;quote-request&#8221;][vc_column]<div class=\"wbc-heading clearfix\"><h3 class=\"special-heading-3\" style=\"font-size:45px;color:#ffffff;text-align:center;margin-top:4rem;\">\u017d\u00c1DOST O CENOVOU NAB\u00cdDKU<\/h3><\/div>[vc_single_image image=&#8221;2202&#8243; alignment=&#8221;center&#8221;]\n<div class=\"wpcf7 no-js\" id=\"wpcf7-f2715-o1\" lang=\"\" dir=\"ltr\" data-wpcf7-id=\"2715\">\n<div class=\"screen-reader-response\"><p role=\"status\" aria-live=\"polite\" aria-atomic=\"true\"><\/p> <ul><\/ul><\/div>\n<form action=\"\/cs\/wp-json\/wp\/v2\/pages\/3383#wpcf7-f2715-o1\" method=\"post\" class=\"wpcf7-form init\" aria-label=\"Contact form\" enctype=\"multipart\/form-data\" novalidate=\"novalidate\" data-status=\"init\">\n<fieldset class=\"hidden-fields-container\"><input type=\"hidden\" name=\"_wpcf7\" value=\"2715\" \/><input type=\"hidden\" name=\"_wpcf7_version\" value=\"6.1.4\" \/><input type=\"hidden\" name=\"_wpcf7_locale\" value=\"\" \/><input type=\"hidden\" name=\"_wpcf7_unit_tag\" value=\"wpcf7-f2715-o1\" \/><input type=\"hidden\" name=\"_wpcf7_container_post\" value=\"0\" \/><input type=\"hidden\" name=\"_wpcf7_posted_data_hash\" value=\"\" \/><input type=\"hidden\" name=\"_wpcf7_recaptcha_response\" value=\"\" \/>\n<\/fieldset>\n<div class=\"row\">\n\t<div class=\"col-sm-4\">\n\t\t<p><br \/>\n<label> Votre pr\u00e9nom et votre nom <\/label><br \/>\n<span class=\"wpcf7-form-control-wrap\" data-name=\"your-name\"><input size=\"40\" maxlength=\"400\" class=\"wpcf7-form-control wpcf7-text wpcf7-validates-as-required\" aria-required=\"true\" aria-invalid=\"false\" value=\"\" type=\"text\" name=\"your-name\" \/><\/span>\n\t\t<\/p>\n\t<\/div>\n\t<div class=\"col-sm-4\">\n\t\t<p><br \/>\n<label> Votre e-mail <\/label><br \/>\n<span class=\"wpcf7-form-control-wrap\" data-name=\"your-email\"><input size=\"40\" maxlength=\"400\" class=\"wpcf7-form-control wpcf7-email wpcf7-validates-as-required wpcf7-text wpcf7-validates-as-email\" aria-required=\"true\" aria-invalid=\"false\" value=\"\" type=\"email\" name=\"your-email\" \/><\/span>\n\t\t<\/p>\n\t<\/div>\n\t<div class=\"col-sm-4\">\n\t\t<p><br \/>\n<label> Votre t\u00e9l\u00e9phone<\/label><br \/>\n<span class=\"wpcf7-form-control-wrap\" data-name=\"your-phone\"><input size=\"40\" maxlength=\"400\" class=\"wpcf7-form-control wpcf7-tel wpcf7-validates-as-required wpcf7-text wpcf7-validates-as-tel\" aria-required=\"true\" aria-invalid=\"false\" value=\"\" type=\"tel\" name=\"your-phone\" \/><\/span>\n\t\t<\/p>\n\t<\/div>\n\t<div class=\"col-sm-12\">\n\t\t<p><br \/>\n<label> Pi\u00e8ces jointes <\/label><br \/>\n<span class=\"wpcf7-form-control-wrap\" data-name=\"your-files\"><input size=\"40\" class=\"wpcf7-form-control wpcf7-file wpcf7-validates-as-required\" accept=\"image\/*,.txt,application\/pdf\" aria-required=\"true\" aria-invalid=\"false\" type=\"file\" name=\"your-files\" \/><\/span>\n\t\t<\/p>\n\t<\/div>\n\t<div class=\"col-sm-12\">\n\t\t<p><br \/>\n<label> Votre message <\/label><br \/>\n<span class=\"wpcf7-form-control-wrap\" data-name=\"your-message\"><textarea cols=\"40\" rows=\"10\" maxlength=\"2000\" class=\"wpcf7-form-control wpcf7-textarea wpcf7-validates-as-required\" aria-required=\"true\" aria-invalid=\"false\" name=\"your-message\"><\/textarea><\/span>\n\t\t<\/p>\n\t<\/div>\n\t<div class=\"col-sm-12\">\n\t\t<p><input class=\"wpcf7-form-control wpcf7-submit has-spinner\" type=\"submit\" value=\"Envoyer\" \/>\n\t\t<\/p>\n\t<\/div>\n<\/div><div class=\"wpcf7-response-output\" aria-hidden=\"true\"><\/div>\n<\/form>\n<\/div>\n[\/vc_column][\/vc_row]<\/p>\n<\/div>","protected":false},"excerpt":{"rendered":"<p>[vc_row row_type=&#8221;full_width&#8221; type=&#8221;container&#8221; bg_select=&#8221;bg_parallax&#8221; parallax_speed=&#8221;4&#8243; parallax_repeat=&#8221;cover&#8221; bg_image_postions=&#8221;center bottom&#8221; parallax_img=&#8221;3304&#8243; parallax_overlay=&#8221;#404040&#8243; el_class=&#8221;bg-pages&#8221;][vc_column][vc_raw_html][\/vc_raw_html][\/vc_column][\/vc_row][vc_row row_type=&#8221;full_width&#8221; type=&#8221;container&#8221; bg_color=&#8221;#fbfbfb&#8221; el_class=&#8221;h1-pages&#8221;][vc_column el_class=&#8221;heading-pages&#8221;][vc_single_image image=&#8221;2202&#8243; img_size=&#8221;full&#8221; alignment=&#8221;center&#8221;][vc_column_text] Podpo\u0159\u00edme v\u00e1s p\u0159i va\u0161ich projektech \u0159ez\u00e1n\u00ed plech\u016f a trubek. [\/vc_column_text][vc_raw_html]PGRpdiBzdHlsZT0idGV4dC1hbGlnbjogY2VudGVyOyI+PGEgc3R5bGU9Im1hcmdpbjogMnJlbTsgYmFja2dyb3VuZC1jb2xvcjogI2I0YjQwMDsgYm9yZGVyLWNvbG9yOiAjYjRiNDAwOyIgY2xhc3M9ImJ0bi1qb2JzIHdiYy1idXR0b24gYnV0dG9uIGJ0bi1wcmltYXJ5IG5vLWhvdmVyIiBocmVmPSIjcXVvdGUtcmVxdWVzdCI+UG\/FvsOhZGF0IG8gY2Vub3ZvdSBuYWLDrWRrdTwvYT48L2Rpdj4=[\/vc_raw_html][\/vc_column][\/vc_row][vc_row match_height=&#8221;yes&#8221; vertical_center=&#8221;yes&#8221;][vc_column width=&#8221;1\/2&#8243; content_align=&#8221;text-left&#8221; p_top=&#8221;10rem&#8221; p_bottom=&#8221;10rem&#8221; p_left=&#8221;10%&#8221; p_right=&#8221;20%&#8221; el_class=&#8221;text-position-right&#8221;][\/vc_column][vc_column width=&#8221;1\/2&#8243; parallax_repeat=&#8221;cover&#8221; bg_image_postions=&#8221;center center&#8221; parallax_img=&#8221;4190&#8243; offset=&#8221;vc_hidden-xs&#8221; el_class=&#8221;cover-position&#8221;][vc_raw_html][\/vc_raw_html][\/vc_column][\/vc_row][vc_row match_height=&#8221;yes&#8221; vertical_center=&#8221;yes&#8221;][vc_column width=&#8221;1\/2&#8243; parallax_repeat=&#8221;cover&#8221; bg_image_postions=&#8221;center center&#8221; p_top=&#8221;10rem&#8221; p_bottom=&#8221;10rem&#8221; parallax_img=&#8221;4194&#8243; offset=&#8221;vc_hidden-xs&#8221; [&hellip;]<\/p>\n","protected":false},"author":1,"featured_media":0,"parent":0,"menu_order":0,"comment_status":"closed","ping_status":"closed","template":"template-page-full.php","meta":{"footnotes":""},"class_list":["post-3383","page","type-page","status-publish","hentry"],"_links":{"self":[{"href":"https:\/\/metalperformances.com\/cs\/wp-json\/wp\/v2\/pages\/3383","targetHints":{"allow":["GET"]}}],"collection":[{"href":"https:\/\/metalperformances.com\/cs\/wp-json\/wp\/v2\/pages"}],"about":[{"href":"https:\/\/metalperformances.com\/cs\/wp-json\/wp\/v2\/types\/page"}],"author":[{"embeddable":true,"href":"https:\/\/metalperformances.com\/cs\/wp-json\/wp\/v2\/users\/1"}],"replies":[{"embeddable":true,"href":"https:\/\/metalperformances.com\/cs\/wp-json\/wp\/v2\/comments?post=3383"}],"version-history":[{"count":12,"href":"https:\/\/metalperformances.com\/cs\/wp-json\/wp\/v2\/pages\/3383\/revisions"}],"predecessor-version":[{"id":4228,"href":"https:\/\/metalperformances.com\/cs\/wp-json\/wp\/v2\/pages\/3383\/revisions\/4228"}],"wp:attachment":[{"href":"https:\/\/metalperformances.com\/cs\/wp-json\/wp\/v2\/media?parent=3383"}],"curies":[{"name":"wp","href":"https:\/\/api.w.org\/{rel}","templated":true}]}}