{"id":3371,"date":"2022-06-30T15:17:13","date_gmt":"2022-06-30T13:17:13","guid":{"rendered":"https:\/\/metalperformances.com\/kariera\/"},"modified":"2025-03-10T05:11:55","modified_gmt":"2025-03-10T04:11:55","slug":"kariera","status":"publish","type":"page","link":"https:\/\/metalperformances.com\/cs\/kariera\/","title":{"rendered":"Kari\u00e9ra"},"content":{"rendered":"<div class=\"wpb-content-wrapper\"><p>[vc_row row_type=&#8221;full_width&#8221; type=&#8221;container&#8221; bg_select=&#8221;bg_parallax&#8221; parallax_speed=&#8221;4&#8243; parallax_repeat=&#8221;cover&#8221; bg_image_postions=&#8221;center bottom&#8221; parallax_img=&#8221;2895&#8243; parallax_overlay=&#8221;#404040&#8243; el_class=&#8221;bg-pages&#8221;][vc_column][vc_raw_html][\/vc_raw_html][\/vc_column][\/vc_row][vc_row row_type=&#8221;full_width&#8221; type=&#8221;container&#8221; bg_color=&#8221;#fbfbfb&#8221; el_class=&#8221;h1-pages&#8221;][vc_column el_class=&#8221;heading-pages&#8221;]<div class=\"wbc-heading clearfix\"><h1 class=\"special-heading-3 xs-responsive-text-30 sm-responsive-text-40 md-responsive-text-45\" style=\"font-size:90px;line-height:60px;text-align:center;\">KARI\u00c9RA<\/h1><\/div><div class=\"wbc-heading clearfix\"><h3 class=\"default-heading\" style=\"font-size:30px;color:#dc3d3f;text-align:center;padding-top:5rem;\">Hled\u00e1te nov\u00e9 dobrodru\u017estv\u00ed?<\/h3><\/div>[vc_single_image image=&#8221;2202&#8243; img_size=&#8221;full&#8221; alignment=&#8221;center&#8221;][vc_column_text]<\/p>\n<p style=\"font-size: 1.5rem; text-align: center;\"><strong>Voln\u00e1 m\u00edsta: d\u00edlna, pracovi\u0161t\u011b a podp\u016frn\u00e9 funkce<\/strong><\/p>\n<p>[\/vc_column_text][\/vc_column][\/vc_row][vc_row match_height=&#8221;yes&#8221; row_type=&#8221;full_width&#8221; type=&#8221;container&#8221; bg_select=&#8221;bg_color_section&#8221; bg_color=&#8221;#5a5a5a&#8221;][vc_column content_align=&#8221;text-right&#8221; p_top=&#8221;8rem&#8221; p_bottom=&#8221;8rem&#8221; p_left=&#8221;8rem&#8221; p_right=&#8221;8rem&#8221;]<div class=\"wbc-heading clearfix\"><h2 class=\"default-heading\" style=\"color:#ffffff;text-align:center;\">Na\u0161e nab\u00eddky<\/h2><\/div>[vc_single_image image=&#8221;2202&#8243; alignment=&#8221;center&#8221; css=&#8221;.vc_custom_1653731351344{padding-bottom: 5rem !important;}&#8221;]<div class=\"cat-jobs\" style=\"display: flex; justify-content: space-between;\"><p style=\"font-size: 14px; margin: 0 auto; color: #ffffff;\">V tuto chv\u00edli nejsou \u017e\u00e1dn\u00e1 pracovn\u00ed m\u00edsta. Vra\u0165te se pros\u00edm pozd\u011bji.<\/p><\/div>[\/vc_column][\/vc_row][vc_row match_height=&#8221;yes&#8221; vertical_center=&#8221;yes&#8221;][vc_column width=&#8221;1\/2&#8243; content_align=&#8221;text-left&#8221; p_top=&#8221;10rem&#8221; p_bottom=&#8221;10rem&#8221; p_left=&#8221;10%&#8221; p_right=&#8221;20%&#8221; el_class=&#8221;text-position-right&#8221; m_top=&#8221;4rem&#8221;]<div class=\"wbc-heading clearfix\"><h5 class=\"default-heading\" style=\"color:#5a5a5a;\"><\/h5><\/div><div class=\"wbc-heading clearfix\"><h3 class=\"default-heading\" style=\"color:#b4b400;\">Nem\u00e1te zku\u0161enosti? Vy\u0161kol\u00edme v\u00e1s.<\/h3><\/div><div class=\"wbc-team-box clearfix\" style=\"color:#646464;\"><div class=\"wbc-team-content\"><div class=\"team-name\"><h5 >Jane <span class=\"wbc-color\" >Candy<\/span><\/h5><span>\"Lead Coder\"<\/span><\/div><div class=\"member-details\">Cht\u011bli byste u n\u00e1s pracovat, ale nev\u00edte nic o kovozpracuj\u00edc\u00edm pr\u016fmyslu?<\/p>\n<p>D\u00edky na\u0161\u00ed intern\u00ed \u0161kole v\u00e1m m\u016f\u017eeme poskytnout odpov\u00eddaj\u00edc\u00ed vzd\u011bl\u00e1n\u00ed pro r\u016fzn\u00e1 \u0159emesla: potrub\u00e1\u0159, kotl\u00e1\u0159, sv\u00e1\u0159e\u010d, obr\u00e1b\u011b\u010d kov\u016f, sv\u00e1\u0159e\u010d-mont\u00e9r atd.<\/p>\n<p>Teorie, praxe a v\u00fduka - ud\u011bl\u00e1me v\u0161e pro to, abychom v\u00e1s vy\u0161kolili co nejl\u00e9pe.<br \/>\nPovedeme v\u00e1s ke specializaci v oborech, kter\u00e9 v\u00e1m nejv\u00edce vyhovuj\u00ed: potrub\u00e1\u0159stv\u00ed, v\u00fdroba kotl\u016f, sva\u0159ov\u00e1n\u00ed nebo t\u0159eba mont\u00e1\u017e, budeme v\u00e1s prov\u00e1zet v\u00fdvojem va\u0161\u00ed kari\u00e9ry.<\/div><div class=\"team-icons\"><\/div><\/div><\/div>[\/vc_column][vc_column width=&#8221;1\/2&#8243; parallax_repeat=&#8221;cover&#8221; bg_image_postions=&#8221;center center&#8221; parallax_img=&#8221;3579&#8243; el_class=&#8221;cover-position&#8221;][vc_raw_html][\/vc_raw_html][\/vc_column][\/vc_row][vc_row match_height=&#8221;yes&#8221; vertical_center=&#8221;yes&#8221; m_top=&#8221;10rem&#8221; m_bottom=&#8221;10rem&#8221;][vc_column width=&#8221;1\/2&#8243; parallax_repeat=&#8221;cover&#8221; bg_image_postions=&#8221;center center&#8221; offset=&#8221;vc_hidden-xs&#8221;]<div class=\"wbc-testimonial-wrap\"><div class=\"wbc-testimonail-carousel\" data-item-height=\"auto\" data-item-speed=\"7000\" ><div><div class=\"wbc-testimonial\"><span class=\"testimonial-message\">``J'ai effectu\u00e9 ma reconversion professionnelle chez M\u00e9tal Performances. J'ai eu l'occasion d\u2019\u00eatre form\u00e9e dans les deux ateliers, j'ai un r\u00e9f\u00e9rent tr\u00e8s int\u00e9ressant qui prend le temps de m'apprendre.``<\/span><img loading=\"lazy\" decoding=\"async\" width=\"150\" height=\"150\" src=\"https:\/\/metalperformances.com\/content\/uploads\/2022\/05\/audrey-150x150.jpg\" class=\"attachment-thumbnail size-thumbnail\" alt=\"audrey\" srcset=\"https:\/\/metalperformances.com\/content\/uploads\/2022\/05\/audrey-150x150.jpg 150w, https:\/\/metalperformances.com\/content\/uploads\/2022\/05\/audrey-500x500.jpg 500w\" sizes=\"auto, (max-width: 150px) 100vw, 150px\" \/><div class=\"testimonial-info\"><div class=\"testimonial-name\">Audrey<\/div><small><\/small><\/div><\/div><\/div><div><div class=\"wbc-testimonial\"><span class=\"testimonial-message\">``En 7 ans chez M\u00e9tal Performances, j'ai appris \u00e0 me servir du banc de soudage, du plasma et maintenant je suis le responsable de la machine laser.``<\/span><img loading=\"lazy\" decoding=\"async\" width=\"150\" height=\"150\" src=\"https:\/\/metalperformances.com\/content\/uploads\/2022\/05\/jonathan-1-150x150.jpg\" class=\"attachment-thumbnail size-thumbnail\" alt=\"jonathan\" srcset=\"https:\/\/metalperformances.com\/content\/uploads\/2022\/05\/jonathan-1-150x150.jpg 150w, https:\/\/metalperformances.com\/content\/uploads\/2022\/05\/jonathan-1-500x500.jpg 500w\" sizes=\"auto, (max-width: 150px) 100vw, 150px\" \/><div class=\"testimonial-info\"><div class=\"testimonial-name\">Jonathan<\/div><small><\/small><\/div><\/div><\/div><div><div class=\"wbc-testimonial\"><span class=\"testimonial-message\">``J'ai fait mon BTS NRC en alternance chez M\u00e9tal Performances, j'ai progressivement \u00e9volu\u00e9. D\u00e9sormais, je suis responsable protections.``<\/span><img loading=\"lazy\" decoding=\"async\" width=\"150\" height=\"150\" src=\"https:\/\/metalperformances.com\/content\/uploads\/2022\/05\/antoine-150x150.jpg\" class=\"attachment-thumbnail size-thumbnail\" alt=\"antoine\" srcset=\"https:\/\/metalperformances.com\/content\/uploads\/2022\/05\/antoine-150x150.jpg 150w, https:\/\/metalperformances.com\/content\/uploads\/2022\/05\/antoine-500x500.jpg 500w\" sizes=\"auto, (max-width: 150px) 100vw, 150px\" \/><div class=\"testimonial-info\"><div class=\"testimonial-name\">Antoine<\/div><small><\/small><\/div><\/div><\/div><\/div><div class=\"wbc-testimonial-nav\"><a href=\"#\" class=\"wbc-arrow-buttons carousel-prev button btn-primary\"><i class=\"fa fa-angle-left\"><\/i><\/a><a href=\"#\" class=\"wbc-arrow-buttons carousel-next button btn-primary\"><i class=\"fa fa-angle-right\"><\/i><\/a><\/div><\/div>[\/vc_column][vc_column width=&#8221;1\/2&#8243; content_align=&#8221;text-left&#8221; p_top=&#8221;10rem&#8221; p_bottom=&#8221;10rem&#8221; p_left=&#8221;10%&#8221; p_right=&#8221;20%&#8221;]<div class=\"wbc-heading clearfix\"><h5 class=\"default-heading\" style=\"color:#5a5a5a;\">V t\u011bchto oblastech ji\u017e m\u00e1te zku\u0161enosti<\/h5><\/div><div class=\"wbc-heading clearfix\"><h3 class=\"default-heading\" style=\"color:#b4b400;\">Chcete podpo\u0159it svou kari\u00e9ru?<\/h3><\/div><div class=\"wbc-team-box clearfix\" style=\"color:#646464;\"><div class=\"wbc-team-content\"><div class=\"team-name\"><h5 >Jane <span class=\"wbc-color\" >Candy<\/span><\/h5><span>\"Lead Coder\"<\/span><\/div><div class=\"member-details\">Ve spole\u010dnosti M\u00e9tal Performances v\u00e1m nab\u00edz\u00edme mo\u017enost rozv\u00edjet se po celou dobu va\u0161\u00ed kari\u00e9ry prost\u0159ednictv\u00edm r\u016fzn\u00fdch vzd\u011bl\u00e1vac\u00edch kurz\u016f nebo kvalifikac\u00ed:<\/p>\n<ul>\n<li>Sv\u00e1\u0159e\u010dsk\u00fd pr\u016fkaz<\/li>\n<li>\u0158\u00edzen\u00ed manipula\u010dn\u00edch a p\u0159\u00edstupov\u00fdch za\u0159\u00edzen\u00ed<\/li>\n<li>Pr\u00e1ce ve v\u00fd\u0161k\u00e1ch<\/li>\n<li>Prvn\u00ed pomoc p\u0159i pr\u00e1ci<\/li>\n<li>Prevence chemick\u00fdch rizik<\/li>\n<\/ul>\n<p><\/div><div class=\"team-icons\"><\/div><\/div><\/div>[\/vc_column][\/vc_row][vc_row match_height=&#8221;yes&#8221; vertical_center=&#8221;yes&#8221;][vc_column width=&#8221;1\/2&#8243; parallax_repeat=&#8221;cover&#8221; bg_image_postions=&#8221;center center&#8221; parallax_img=&#8221;2848&#8243; el_class=&#8221;cover-position-right&#8221;][vc_raw_html][\/vc_raw_html][\/vc_column][vc_column width=&#8221;1\/2&#8243; content_align=&#8221;text-left&#8221; p_top=&#8221;10rem&#8221; p_bottom=&#8221;10rem&#8221; p_left=&#8221;10%&#8221; p_right=&#8221;20%&#8221; el_class=&#8221;text-position&#8221; m_top=&#8221;4rem&#8221;]<div class=\"wbc-heading clearfix\"><h5 class=\"default-heading\" style=\"color:#5a5a5a;\"><\/h5><\/div><div class=\"wbc-heading clearfix\"><h3 class=\"default-heading\" style=\"color:#b4b400;\">V\u00e1\u0161 proces integrace je na\u0161\u00ed prioritou!<\/h3><\/div><div class=\"wbc-team-box clearfix\" style=\"color:#646464;\"><div class=\"wbc-team-content\"><div class=\"team-name\"><h5 >Jane <span class=\"wbc-color\" >Candy<\/span><\/h5><span>\"Lead Coder\"<\/span><\/div><div class=\"member-details\">A\u0165 u\u017e jste za\u010d\u00e1te\u010dn\u00edk, nebo zku\u0161en\u00fd zam\u011bstnanec, ud\u011bl\u00e1me v\u0161e pro to, abyste se u n\u00e1s c\u00edtili jako doma: uv\u00edtac\u00ed proces, intern\u00ed akce, n\u00e1sledn\u00e1 p\u00e9\u010de... P\u0159ij\u010fte si vyzkou\u0161et dobrodru\u017estv\u00ed M\u00e9tal Performances!<\/div><div class=\"team-icons\"><\/div><\/div><\/div>[\/vc_column][\/vc_row][vc_row row_type=&#8221;full_width&#8221; type=&#8221;container&#8221; bg_select=&#8221;bg_color_section&#8221; bg_color=&#8221;#5a5a5a&#8221; anchor=&#8221;apply-job&#8221; p_bottom=&#8221;5rem&#8221;][vc_column]<div class=\"wbc-heading clearfix\"><h3 class=\"special-heading-3\" style=\"font-size:45px;color:#ffffff;text-align:center;margin-top:4rem;\">P\u0158IHL\u00c1SIT SE<\/h3><\/div>[vc_single_image image=&#8221;2202&#8243; alignment=&#8221;center&#8221;]\n<div class=\"wpcf7 no-js\" id=\"wpcf7-f2717-o1\" lang=\"\" dir=\"ltr\" data-wpcf7-id=\"2717\">\n<div class=\"screen-reader-response\"><p role=\"status\" aria-live=\"polite\" aria-atomic=\"true\"><\/p> <ul><\/ul><\/div>\n<form action=\"\/cs\/wp-json\/wp\/v2\/pages\/3371#wpcf7-f2717-o1\" method=\"post\" class=\"wpcf7-form init\" aria-label=\"Contact form\" enctype=\"multipart\/form-data\" novalidate=\"novalidate\" data-status=\"init\">\n<fieldset class=\"hidden-fields-container\"><input type=\"hidden\" name=\"_wpcf7\" value=\"2717\" \/><input type=\"hidden\" name=\"_wpcf7_version\" value=\"6.1.4\" \/><input type=\"hidden\" name=\"_wpcf7_locale\" value=\"\" \/><input type=\"hidden\" name=\"_wpcf7_unit_tag\" value=\"wpcf7-f2717-o1\" \/><input type=\"hidden\" name=\"_wpcf7_container_post\" value=\"0\" \/><input type=\"hidden\" name=\"_wpcf7_posted_data_hash\" value=\"\" \/><input type=\"hidden\" name=\"_wpcf7_recaptcha_response\" value=\"\" \/>\n<\/fieldset>\n<div class=\"row\">\n\t<div class=\"col-sm-6\">\n\t\t<p><br \/>\n<label> Votre pr\u00e9nom et votre nom <\/label><br \/>\n<span class=\"wpcf7-form-control-wrap\" data-name=\"your-name\"><input size=\"40\" maxlength=\"400\" class=\"wpcf7-form-control wpcf7-text wpcf7-validates-as-required\" aria-required=\"true\" aria-invalid=\"false\" value=\"\" type=\"text\" name=\"your-name\" \/><\/span>\n\t\t<\/p>\n\t<\/div>\n\t<div class=\"col-sm-6\">\n\t\t<p><br \/>\n<label> Votre e-mail <\/label><br \/>\n<span class=\"wpcf7-form-control-wrap\" data-name=\"your-email\"><input size=\"40\" maxlength=\"400\" class=\"wpcf7-form-control wpcf7-email wpcf7-validates-as-required wpcf7-text wpcf7-validates-as-email\" aria-required=\"true\" aria-invalid=\"false\" value=\"\" type=\"email\" name=\"your-email\" \/><\/span>\n\t\t<\/p>\n\t<\/div>\n\t<div class=\"col-sm-6\">\n\t\t<p><br \/>\n<label> Poste \u00e0 pourvoir <\/label><br \/>\n<span class=\"wpcf7-form-control-wrap\" data-name=\"cf7-jobs\"><select class=\"wpcf7-form-control wpcf7-select wpcf7-validates-as-required\" aria-required=\"true\" aria-invalid=\"false\" name=\"cf7-jobs\"><option value=\"\">&#8212;Please choose an option&#8212;<\/option><\/select><\/span>\n\t\t<\/p>\n\t<\/div>\n\t<div class=\"col-sm-6\">\n\t\t<p><br \/>\n<label> Votre CV <\/label><br \/>\n<span class=\"wpcf7-form-control-wrap\" data-name=\"your-files\"><input size=\"40\" class=\"wpcf7-form-control wpcf7-file wpcf7-validates-as-required\" accept=\"image\/*,.txt,application\/pdf\" aria-required=\"true\" aria-invalid=\"false\" type=\"file\" name=\"your-files\" \/><\/span>\n\t\t<\/p>\n\t<\/div>\n\t<div class=\"col-sm-12\">\n\t\t<p><br \/>\n<label> Votre message <\/label><br \/>\n<span class=\"wpcf7-form-control-wrap\" data-name=\"your-message\"><textarea cols=\"40\" rows=\"10\" maxlength=\"2000\" class=\"wpcf7-form-control wpcf7-textarea wpcf7-validates-as-required\" aria-required=\"true\" aria-invalid=\"false\" name=\"your-message\"><\/textarea><\/span>\n\t\t<\/p>\n\t<\/div>\n\t<div class=\"col-sm-12\">\n\t\t<p><input class=\"wpcf7-form-control wpcf7-submit has-spinner\" type=\"submit\" value=\"Envoyer\" \/>\n\t\t<\/p>\n\t<\/div>\n<\/div><div class=\"wpcf7-response-output\" aria-hidden=\"true\"><\/div>\n<\/form>\n<\/div>\n[\/vc_column][\/vc_row]<\/p>\n<\/div>","protected":false},"excerpt":{"rendered":"<p>[vc_row row_type=&#8221;full_width&#8221; type=&#8221;container&#8221; bg_select=&#8221;bg_parallax&#8221; parallax_speed=&#8221;4&#8243; parallax_repeat=&#8221;cover&#8221; bg_image_postions=&#8221;center bottom&#8221; parallax_img=&#8221;2895&#8243; parallax_overlay=&#8221;#404040&#8243; el_class=&#8221;bg-pages&#8221;][vc_column][vc_raw_html][\/vc_raw_html][\/vc_column][\/vc_row][vc_row row_type=&#8221;full_width&#8221; type=&#8221;container&#8221; bg_color=&#8221;#fbfbfb&#8221; el_class=&#8221;h1-pages&#8221;][vc_column el_class=&#8221;heading-pages&#8221;][vc_single_image image=&#8221;2202&#8243; img_size=&#8221;full&#8221; alignment=&#8221;center&#8221;][vc_column_text] Voln\u00e1 m\u00edsta: d\u00edlna, pracovi\u0161t\u011b a podp\u016frn\u00e9 funkce [\/vc_column_text][\/vc_column][\/vc_row][vc_row match_height=&#8221;yes&#8221; row_type=&#8221;full_width&#8221; type=&#8221;container&#8221; bg_select=&#8221;bg_color_section&#8221; bg_color=&#8221;#5a5a5a&#8221;][vc_column content_align=&#8221;text-right&#8221; p_top=&#8221;8rem&#8221; p_bottom=&#8221;8rem&#8221; p_left=&#8221;8rem&#8221; p_right=&#8221;8rem&#8221;][vc_single_image image=&#8221;2202&#8243; alignment=&#8221;center&#8221; css=&#8221;.vc_custom_1653731351344{padding-bottom: 5rem !important;}&#8221;][\/vc_column][\/vc_row][vc_row match_height=&#8221;yes&#8221; vertical_center=&#8221;yes&#8221;][vc_column width=&#8221;1\/2&#8243; content_align=&#8221;text-left&#8221; p_top=&#8221;10rem&#8221; p_bottom=&#8221;10rem&#8221; p_left=&#8221;10%&#8221; p_right=&#8221;20%&#8221; el_class=&#8221;text-position-right&#8221; m_top=&#8221;4rem&#8221;][\/vc_column][vc_column width=&#8221;1\/2&#8243; parallax_repeat=&#8221;cover&#8221; bg_image_postions=&#8221;center [&hellip;]<\/p>\n","protected":false},"author":1,"featured_media":0,"parent":0,"menu_order":0,"comment_status":"closed","ping_status":"closed","template":"template-page-full.php","meta":{"footnotes":""},"class_list":["post-3371","page","type-page","status-publish","hentry"],"_links":{"self":[{"href":"https:\/\/metalperformances.com\/cs\/wp-json\/wp\/v2\/pages\/3371","targetHints":{"allow":["GET"]}}],"collection":[{"href":"https:\/\/metalperformances.com\/cs\/wp-json\/wp\/v2\/pages"}],"about":[{"href":"https:\/\/metalperformances.com\/cs\/wp-json\/wp\/v2\/types\/page"}],"author":[{"embeddable":true,"href":"https:\/\/metalperformances.com\/cs\/wp-json\/wp\/v2\/users\/1"}],"replies":[{"embeddable":true,"href":"https:\/\/metalperformances.com\/cs\/wp-json\/wp\/v2\/comments?post=3371"}],"version-history":[{"count":24,"href":"https:\/\/metalperformances.com\/cs\/wp-json\/wp\/v2\/pages\/3371\/revisions"}],"predecessor-version":[{"id":4535,"href":"https:\/\/metalperformances.com\/cs\/wp-json\/wp\/v2\/pages\/3371\/revisions\/4535"}],"wp:attachment":[{"href":"https:\/\/metalperformances.com\/cs\/wp-json\/wp\/v2\/media?parent=3371"}],"curies":[{"name":"wp","href":"https:\/\/api.w.org\/{rel}","templated":true}]}}