{"id":2602,"date":"2022-01-20T11:39:53","date_gmt":"2022-01-20T10:39:53","guid":{"rendered":"https:\/\/metalperformances.com\/projekcni-kancelar\/"},"modified":"2022-10-13T17:36:58","modified_gmt":"2022-10-13T15:36:58","slug":"projekcni-kancelar","status":"publish","type":"page","link":"https:\/\/metalperformances.com\/cs\/projekcni-kancelar\/","title":{"rendered":"Projek\u010dn\u00ed kancel\u00e1\u0159"},"content":{"rendered":"<div class=\"wpb-content-wrapper\"><p>[vc_row row_type=&#8221;full_width&#8221; type=&#8221;container&#8221; bg_select=&#8221;bg_parallax&#8221; parallax_speed=&#8221;4&#8243; bg_image_postions=&#8221;center bottom&#8221; parallax_img=&#8221;3986&#8243; parallax_overlay=&#8221;#404040&#8243; el_class=&#8221;bg-pages&#8221;][vc_column][vc_raw_html][\/vc_raw_html][\/vc_column][\/vc_row][vc_row row_type=&#8221;full_width&#8221; type=&#8221;container&#8221; bg_color=&#8221;#fbfbfb&#8221; el_class=&#8221;h1-pages&#8221;][vc_column el_class=&#8221;heading-pages&#8221;]<div class=\"wbc-heading clearfix\"><h1 class=\"special-heading-3 xs-responsive-text-30 sm-responsive-text-40 md-responsive-text-45\" style=\"font-size:90px;line-height:90px;text-align:center;\">PROJEKTOV\u00c1 KANCEL\u00c1\u0158<\/h1><\/div><div class=\"wbc-heading clearfix\"><h3 class=\"default-heading\" style=\"font-size:30px;color:#dc3d3f;text-align:center;padding-top:5rem;\">Proveditelnost a in\u017een\u00fdrstv\u00ed<\/h3><\/div>[vc_single_image image=&#8221;2202&#8243; img_size=&#8221;full&#8221; alignment=&#8221;center&#8221;][vc_column_text]<\/p>\n<p style=\"font-size: 1.5rem; text-align: center;\"><strong>Studijn\u00ed kapacita k dispozici v r\u00e1mci kotl\u00e1\u0159sk\u00fdch, procesn\u00edch a mont\u00e1\u017en\u00edch projekt\u016f. Od f\u00e1ze p\u0159edb\u011b\u017en\u00e9 studie a\u017e po kone\u010dnou realizaci, od n\u00e1vrhu po f\u00e1zi v\u00fdvoje a industrializace v\u00e1m na\u0161e projektov\u00e9 t\u00fdmy nab\u00edzej\u00ed inovativn\u00ed \u0159e\u0161en\u00ed.<\/strong><\/p>\n<p>[\/vc_column_text][\/vc_column][\/vc_row][vc_row disable_element=&#8221;yes&#8221; row_type=&#8221;full_width&#8221; type=&#8221;container&#8221;][vc_column width=&#8221;1\/3&#8243;][vc_raw_html]PGgzPk7DocWhIHNvZnR3YXJlIDo8L2gzPgo8dWw+CjxsaT5Tb2xpZFdvcmtzIMKpIDogM0Q8L2xpPgo8bGk+QXV0b2NhZCDCqSA6IDJEPC9saT4KPC91bD4=[\/vc_raw_html][\/vc_column][vc_column width=&#8221;1\/3&#8243;][\/vc_column][vc_column width=&#8221;1\/3&#8243;][vc_raw_html]PGgzPlbDvXBvxI10eTwvaDM+Cjx1bD4KPGxpPlRsYWs6IHNtxJtybmljZSBQRUQgMjAxNC82OC9FVTwvbGk+CjxsaT5TdHJ1a3R1cmE8L2xpPgo8bGk+RGltZW56b3bDoW7DrSBwb3RydWLDrTwvbGk+CjxsaT5UaGVybWFsPC9saT4KPC91bD4=[\/vc_raw_html][\/vc_column][\/vc_row][vc_row match_height=&#8221;yes&#8221; vertical_center=&#8221;yes&#8221;][vc_column width=&#8221;1\/2&#8243; content_align=&#8221;text-left&#8221; p_top=&#8221;10rem&#8221; p_bottom=&#8221;10rem&#8221; p_left=&#8221;10%&#8221; p_right=&#8221;20%&#8221; el_class=&#8221;text-position-right&#8221;]<div class=\"wbc-heading clearfix\"><h5 class=\"default-heading\" style=\"color:#5a5a5a;\">Funk\u010dn\u00ed anal\u00fdza<\/h5><\/div><div class=\"wbc-heading clearfix\"><h3 class=\"default-heading\" style=\"color:#b4b400;\">Definice projektu<\/h3><\/div><div class=\"wbc-team-box clearfix\" style=\"color:#646464;\"><div class=\"wbc-team-content\"><div class=\"team-name\"><h5 >Jane <span class=\"wbc-color\" >Candy<\/span><\/h5><span>\"Lead Coder\"<\/span><\/div><div class=\"member-details\">Projek\u010dn\u00ed kancel\u00e1\u0159 M\u00e9tal Performances v\u00e1s podporuje v ka\u017ed\u00e9 f\u00e1zi va\u0161eho pr\u016fmyslov\u00e9ho projektu. Abychom v\u00e1m mohli poskytnout na\u0161e nejlep\u0161\u00ed technick\u00e9 poradenstv\u00ed, n\u00e1\u0161 prodejn\u00ed t\u00fdm se s v\u00e1mi setk\u00e1 na n\u00e1v\u0161t\u011bv\u00e1ch m\u00edsta, provede prvn\u00ed studie podle pl\u00e1nu nebo z va\u0161ich p\u0159eddefinovan\u00fdch specifikac\u00ed. Na\u0161i technici pot\u00e9 pracuj\u00ed na p\u0159edstudijn\u00ed f\u00e1zi, definuj\u00ed va\u0161e pot\u0159eby prost\u0159ednictv\u00edm funk\u010dn\u00ed anal\u00fdzy, p\u0159\u00edpadn\u011b diagramu, vymezuj\u00edc\u00ed limity na\u0161\u00ed slu\u017eby. Na\u0161e t\u00fdmy jsou kone\u010dn\u011b odhodl\u00e1ny poskytovat v\u00e1m n\u00e1vrhy technick\u00fdch a komer\u010dn\u00edch \u0159e\u0161en\u00ed, zdokumentovan\u00e9 a v souladu s ov\u011b\u0159en\u00fdm harmonogramem.<\/div><div class=\"team-icons\"><\/div><\/div><\/div>[\/vc_column][vc_column width=&#8221;1\/2&#8243; parallax_repeat=&#8221;cover&#8221; bg_image_postions=&#8221;center center&#8221; parallax_img=&#8221;3439&#8243; el_class=&#8221;cover-position&#8221; offset=&#8221;vc_hidden-xs&#8221;][vc_raw_html][\/vc_raw_html][\/vc_column][\/vc_row][vc_row match_height=&#8221;yes&#8221; vertical_center=&#8221;yes&#8221;][vc_column width=&#8221;1\/2&#8243; parallax_repeat=&#8221;cover&#8221; bg_image_postions=&#8221;center center&#8221; p_top=&#8221;10rem&#8221; p_bottom=&#8221;10rem&#8221; parallax_img=&#8221;4000&#8243; el_class=&#8221;cover-position-right&#8221; offset=&#8221;vc_hidden-xs&#8221;][vc_raw_html][\/vc_raw_html][\/vc_column][vc_column width=&#8221;1\/2&#8243; content_align=&#8221;text-right&#8221; p_top=&#8221;10rem&#8221; p_bottom=&#8221;10rem&#8221; p_left=&#8221;20%&#8221; p_right=&#8221;10%&#8221; el_class=&#8221;text-position&#8221;]<div class=\"wbc-heading clearfix\"><h5 class=\"default-heading\" style=\"color:#5a5a5a;text-align:left;\">\u0158e\u0161en\u00ed na m\u00edru va\u0161im pot\u0159eb\u00e1m<\/h5><\/div><div class=\"wbc-heading clearfix\"><h3 class=\"default-heading\" style=\"color:#b4b400;text-align:left;\">Design<\/h3><\/div><div class=\"wbc-team-box clearfix\" ><div class=\"wbc-team-content\"><div class=\"team-name\"><h5 >Jane <span class=\"wbc-color\" >Candy<\/span><\/h5><span>\"Lead Coder\"<\/span><\/div><div class=\"member-details\">Posl\u00e1n\u00edm spole\u010dnosti M\u00e9tal Performances je navrhovat pr\u016fmyslov\u00e1 za\u0159\u00edzen\u00ed, kter\u00e1 spl\u0148uj\u00ed va\u0161e pl\u00e1ny nebo v\u00fdsledky spole\u010dn\u011b stanoven\u00e9 definice projektu. Na\u0161e in\u017een\u00fdrsk\u00e9 odd\u011blen\u00ed m\u00e1 schopnost vytv\u00e1\u0159et v\u00fdpo\u010dtov\u00e9 pozn\u00e1mky (konstrukce, hydraulika, tepeln\u00e9), dispozi\u010dn\u00ed pl\u00e1ny, manipula\u010dn\u00ed studie, diagramy a PID, 2D nebo 3D konstruk\u010dn\u00ed pl\u00e1ny integrac\u00ed funk\u010dn\u00edch aspekt\u016f, rozm\u011br\u016f, designu, v\u00fdb\u011bru materi\u00e1l\u016f, souladu s normami a regula\u010dn\u00edch omezen\u00ed (PED). Projek\u010dn\u00ed kancel\u00e1\u0159 je k dispozici ve v\u0161ech f\u00e1z\u00edch projektu, aby reagovala na va\u0161e po\u017eadavky na dodate\u010dn\u00e9 \u00fapravy.<\/div><div class=\"team-icons\"><\/div><\/div><\/div>[\/vc_column][\/vc_row][vc_row match_height=&#8221;yes&#8221; vertical_center=&#8221;yes&#8221; m_bottom=&#8221;10rem&#8221;][vc_column width=&#8221;1\/2&#8243; content_align=&#8221;text-left&#8221; p_top=&#8221;10rem&#8221; p_bottom=&#8221;10rem&#8221; p_left=&#8221;10%&#8221; p_right=&#8221;20%&#8221; el_class=&#8221;text-position-right&#8221;]<div class=\"wbc-heading clearfix\"><h5 class=\"default-heading\" style=\"color:#5a5a5a;\">Spr\u00e1vn\u00e9 \u0159azen\u00ed<\/h5><\/div><div class=\"wbc-heading clearfix\"><h3 class=\"default-heading\" style=\"color:#b4b400;\">Monitorov\u00e1n\u00ed projektu<\/h3><\/div><div class=\"wbc-team-box clearfix\" style=\"color:#646464;\"><div class=\"wbc-team-content\"><div class=\"team-name\"><h5 >Jane <span class=\"wbc-color\" >Candy<\/span><\/h5><span>\"Lead Coder\"<\/span><\/div><div class=\"member-details\">Na\u0161e t\u00fdmy se pod\u00edlej\u00ed na realizaci va\u0161\u00ed pr\u016fmyslov\u00e9 pr\u00e1ce s nejvy\u0161\u0161\u00edmi standardy. N\u00e1\u0161 specializovan\u00fd projektov\u00fd mana\u017eer koordinuje r\u016fzn\u00e9 partnery a zaji\u0161\u0165uje spr\u00e1vn\u00e9 pl\u00e1nov\u00e1n\u00ed ve spolupr\u00e1ci s na\u0161\u00edm v\u00fdrobn\u00edm mana\u017eerem: optimalizuje lidsk\u00e9 a materi\u00e1lov\u00e9 zdroje a n\u00e1kupy. Na va\u0161em m\u00edst\u011b n\u00e1\u0161 vedouc\u00ed z\u00e1vodu prosazuje stanoven\u00e9 harmonogramy: prov\u00e1d\u00ed tuto misi ve spolupr\u00e1ci s va\u0161\u00edm z\u00e1stupcem, p\u0159i\u010dem\u017e bere v \u00favahu omezen\u00ed m\u00edsta, v\u00fdroby a interakce s ostatn\u00edmi zapojen\u00fdmi \u0159emesly. Projekt je vypo\u0159\u00e1d\u00e1n po recepci, kter\u00e1 potvrd\u00ed pr\u00e1ci provedenou M\u00e9tal Performances.<\/div><div class=\"team-icons\"><\/div><\/div><\/div>[\/vc_column][vc_column width=&#8221;1\/2&#8243; parallax_repeat=&#8221;cover&#8221; bg_image_postions=&#8221;center center&#8221; parallax_img=&#8221;3447&#8243; el_class=&#8221;cover-position&#8221; offset=&#8221;vc_hidden-xs&#8221;][vc_raw_html][\/vc_raw_html][\/vc_column][\/vc_row][vc_row disable_element=&#8221;yes&#8221; row_type=&#8221;full_width&#8221; type=&#8221;container&#8221; bg_select=&#8221;bg_color_section&#8221;][vc_column]<div class=\"wbc-heading clearfix\"><div class=\"default-heading\" style=\"font-size:15px;color:#DC3D3F;text-align:center;\">PROVEDITELNOST A IN\u017dEN\u00ddRSTV\u00cd<\/div><\/div><div class=\"wbc-heading clearfix\"><h3 class=\"special-heading-3\" style=\"font-size:45px;color:#5a5a5a;text-align:center;\">\u0158\u00cdZEN\u00cd VA\u0160ICH PROJEKT\u016e<\/h3><\/div>[vc_single_image image=&#8221;2202&#8243; img_size=&#8221;full&#8221; alignment=&#8221;center&#8221;]<div class=\"wbc-heading clearfix\"><div class=\"default-heading\" style=\"font-size:15px;text-align:center;margin-bottom:35px;margin-right:auto;margin-top:15px;margin-left:auto;max-width:960px;\">Studijn\u00ed kapacita k dispozici v r\u00e1mci kotl\u00e1\u0159sk\u00fdch, procesn\u00edch a mont\u00e1\u017en\u00edch projekt\u016f. Od f\u00e1ze p\u0159edb\u011b\u017en\u00e9 studie a\u017e po kone\u010dnou realizaci, od n\u00e1vrhu po f\u00e1zi v\u00fdvoje a industrializace v\u00e1m na\u0161e projektov\u00e9 t\u00fdmy nab\u00edzej\u00ed inovativn\u00ed \u0159e\u0161en\u00ed.<\/div><\/div>[\/vc_column][vc_column width=&#8221;1\/3&#8243; el_class=&#8221;viewteam&#8221;]<div class=\"wbc-team-box clearfix\" style=\"color:#646464;\"><img loading=\"lazy\" decoding=\"async\" width=\"360\" height=\"429\" src=\"https:\/\/metalperformances.com\/content\/uploads\/2016\/10\/illus-bureau_etudes-gestion_projets01-mp.jpg\" class=\"attachment-full size-full\" alt=\"FUNK\u010cN\u00cd ANAL\u00ddZA&lt;br \/&gt;\nDEFINICE PROJEKTU\" srcset=\"https:\/\/metalperformances.com\/content\/uploads\/2016\/10\/illus-bureau_etudes-gestion_projets01-mp.jpg 360w, https:\/\/metalperformances.com\/content\/uploads\/2016\/10\/illus-bureau_etudes-gestion_projets01-mp-252x300.jpg 252w\" sizes=\"auto, (max-width: 360px) 100vw, 360px\" \/><div class=\"wbc-team-content\"><div class=\"team-name\"><h5 ><span class=\"wbc-color\" >FUNK\u010cN\u00cd ANAL\u00ddZA<\/span><br \/>\nDEFINICE PROJEKTU<\/h5><span>\"Lead Coder\"<\/span><\/div><div class=\"member-details\">Projek\u010dn\u00ed kancel\u00e1\u0159 M\u00e9tal Performances v\u00e1s podporuje v ka\u017ed\u00e9 f\u00e1zi va\u0161eho pr\u016fmyslov\u00e9ho projektu. Abychom v\u00e1m mohli poskytnout na\u0161e nejlep\u0161\u00ed technick\u00e9 poradenstv\u00ed, n\u00e1\u0161 prodejn\u00ed t\u00fdm se s v\u00e1mi setk\u00e1 na n\u00e1v\u0161t\u011bv\u00e1ch m\u00edsta, provede prvn\u00ed studie podle pl\u00e1nu nebo z va\u0161ich p\u0159eddefinovan\u00fdch specifikac\u00ed. Na\u0161i technici pot\u00e9 pracuj\u00ed na p\u0159edstudijn\u00ed f\u00e1zi, definuj\u00ed va\u0161e pot\u0159eby prost\u0159ednictv\u00edm funk\u010dn\u00ed anal\u00fdzy, p\u0159\u00edpadn\u011b diagramu, vymezuj\u00edc\u00ed limity na\u0161\u00ed slu\u017eby. Na\u0161e t\u00fdmy jsou kone\u010dn\u011b odhodl\u00e1ny poskytovat v\u00e1m n\u00e1vrhy technick\u00fdch a komer\u010dn\u00edch \u0159e\u0161en\u00ed, zdokumentovan\u00e9 a v souladu s ov\u011b\u0159en\u00fdm harmonogramem.<\/div><div class=\"team-icons\"><\/div><\/div><\/div>[\/vc_column][vc_column width=&#8221;1\/3&#8243; el_class=&#8221;viewteam&#8221;]<div class=\"wbc-team-box clearfix\" style=\"color:#646464;\"><img loading=\"lazy\" decoding=\"async\" width=\"360\" height=\"429\" src=\"https:\/\/metalperformances.com\/content\/uploads\/2016\/10\/illus-bureau_etudes-gestion_projets02-mp.jpg\" class=\"attachment-full size-full\" alt=\"\u0158E\u0160EN\u00cd P\u0158IZP\u016eSOBEN\u00c1 VA\u0160IM POT\u0158EB\u00c1M&lt;br \/&gt;\nDESIGN\" srcset=\"https:\/\/metalperformances.com\/content\/uploads\/2016\/10\/illus-bureau_etudes-gestion_projets02-mp.jpg 360w, https:\/\/metalperformances.com\/content\/uploads\/2016\/10\/illus-bureau_etudes-gestion_projets02-mp-252x300.jpg 252w\" sizes=\"auto, (max-width: 360px) 100vw, 360px\" \/><div class=\"wbc-team-content\"><div class=\"team-name\"><h5 ><span class=\"wbc-color\" >\u0158E\u0160EN\u00cd P\u0158IZP\u016eSOBEN\u00c1 VA\u0160IM POT\u0158EB\u00c1M<\/span><br \/>\nDESIGN<\/h5><span>\"Lead Coder\"<\/span><\/div><div class=\"member-details\">Posl\u00e1n\u00edm spole\u010dnosti M\u00e9tal Performances je navrhovat pr\u016fmyslov\u00e1 za\u0159\u00edzen\u00ed, kter\u00e1 spl\u0148uj\u00ed va\u0161e pl\u00e1ny nebo v\u00fdsledky spole\u010dn\u011b stanoven\u00e9 definice projektu. Na\u0161e in\u017een\u00fdrsk\u00e9 odd\u011blen\u00ed m\u00e1 schopnost vytv\u00e1\u0159et v\u00fdpo\u010dtov\u00e9 pozn\u00e1mky (konstrukce, hydraulika, tepeln\u00e9), dispozi\u010dn\u00ed pl\u00e1ny, manipula\u010dn\u00ed studie, diagramy a PID, 2D nebo 3D konstruk\u010dn\u00ed pl\u00e1ny integrac\u00ed funk\u010dn\u00edch aspekt\u016f, rozm\u011br\u016f, designu, v\u00fdb\u011bru materi\u00e1l\u016f, souladu s normami a regula\u010dn\u00edch omezen\u00ed (PED). Projek\u010dn\u00ed kancel\u00e1\u0159 je k dispozici ve v\u0161ech f\u00e1z\u00edch projektu, aby reagovala na va\u0161e po\u017eadavky na dodate\u010dn\u00e9 \u00fapravy.<\/div><div class=\"team-icons\"><\/div><\/div><\/div>[\/vc_column][vc_column width=&#8221;1\/3&#8243; el_class=&#8221;viewteam&#8221;]<div class=\"wbc-team-box clearfix\" style=\"color:#646464;\"><img loading=\"lazy\" decoding=\"async\" width=\"360\" height=\"429\" src=\"https:\/\/metalperformances.com\/content\/uploads\/2016\/10\/illus-bureau_etudes-gestion_projets03-mp.jpg\" class=\"attachment-full size-full\" alt=\"SPR\u00c1VN\u00c1 PO\u0158AD\u00cd&lt;br \/&gt;\nMONITOROV\u00c1N\u00cd PROJEKT\u016e\" srcset=\"https:\/\/metalperformances.com\/content\/uploads\/2016\/10\/illus-bureau_etudes-gestion_projets03-mp.jpg 360w, https:\/\/metalperformances.com\/content\/uploads\/2016\/10\/illus-bureau_etudes-gestion_projets03-mp-252x300.jpg 252w\" sizes=\"auto, (max-width: 360px) 100vw, 360px\" \/><div class=\"wbc-team-content\"><div class=\"team-name\"><h5 ><span class=\"wbc-color\" >SPR\u00c1VN\u00c1 PO\u0158AD\u00cd<\/span><br \/>\nMONITOROV\u00c1N\u00cd PROJEKT\u016e<\/h5><span>\"Lead Coder\"<\/span><\/div><div class=\"member-details\">Na\u0161e t\u00fdmy se pod\u00edlej\u00ed na realizaci va\u0161\u00ed pr\u016fmyslov\u00e9 pr\u00e1ce s nejvy\u0161\u0161\u00edmi standardy. N\u00e1\u0161 specializovan\u00fd projektov\u00fd mana\u017eer koordinuje r\u016fzn\u00e9 partnery a zaji\u0161\u0165uje spr\u00e1vn\u00e9 pl\u00e1nov\u00e1n\u00ed ve spolupr\u00e1ci s na\u0161\u00edm v\u00fdrobn\u00edm mana\u017eerem: optimalizuje lidsk\u00e9 a materi\u00e1lov\u00e9 zdroje a n\u00e1kupy. Na va\u0161em m\u00edst\u011b n\u00e1\u0161 vedouc\u00ed z\u00e1vodu prosazuje stanoven\u00e9 harmonogramy: prov\u00e1d\u00ed tuto misi ve spolupr\u00e1ci s va\u0161\u00edm z\u00e1stupcem, p\u0159i\u010dem\u017e bere v \u00favahu omezen\u00ed m\u00edsta, v\u00fdroby a interakce s ostatn\u00edmi zapojen\u00fdmi \u0159emesly. Projekt je vypo\u0159\u00e1d\u00e1n po recepci, kter\u00e1 potvrd\u00ed pr\u00e1ci provedenou M\u00e9tal Performances.<\/div><div class=\"team-icons\"><\/div><\/div><\/div>[\/vc_column][\/vc_row][vc_row row_type=&#8221;full_width&#8221; type=&#8221;container&#8221; bg_select=&#8221;bg_color_section&#8221;][vc_column]<div class=\"wbc-heading clearfix\"><div class=\"default-heading\" style=\"font-size:15px;color:#DC3D3F;text-align:center;\">INTEGRACE DO DODAVATELSK\u00c9HO \u0158ET\u011aZCE<\/div><\/div><div class=\"wbc-heading clearfix\"><h3 class=\"special-heading-3\" style=\"font-size:45px;color:#5a5a5a;text-align:center;\">DOPRAVA<\/h3><\/div>[vc_single_image image=&#8221;2202&#8243; img_size=&#8221;full&#8221; alignment=&#8221;center&#8221;]<div class=\"wbc-heading clearfix\"><div class=\"default-heading\" style=\"font-size:15px;text-align:center;margin-bottom:35px;margin-right:auto;margin-top:15px;margin-left:auto;max-width:960px;\">Abychom dokon\u010dili na\u0161e slu\u017eby, v\u00edme, jak se postarat o probl\u00e9m s p\u0159epravou z na\u0161ich breta\u0148sk\u00fdch d\u00edlen. Na\u0161e po\u010d\u00edta\u010dov\u00e9 a materi\u00e1lov\u00e9 zdroje jsou klientovi k dispozici pro \u0159\u00edzen\u00ed logistiky projektu (p\u0159\u00edprava, balen\u00ed a dod\u00e1n\u00ed na m\u00edsto). Na\u0161e t\u00fdmy zvl\u00e1daj\u00ed i realizaci v\u00fdjime\u010dn\u00e9 dopravy: p\u0159\u00edprava manipulace v d\u00edln\u011b, v\u00fdroba \u0161ablon a r\u00e1m\u016f usnad\u0148uj\u00edc\u00edch vykl\u00e1dku a manipulaci na m\u00edst\u011b.<\/div><\/div>[vc_single_image image=&#8221;2236&#8243; img_size=&#8221;full&#8221; alignment=&#8221;center&#8221; css=&#8221;.vc_custom_1481279436947{margin-bottom: 50px !important;}&#8221;][\/vc_column][\/vc_row][vc_row row_type=&#8221;full_width&#8221; type=&#8221;container&#8221;][vc_column m_bottom=&#8221;5rem&#8221; m_top=&#8221;5rem&#8221;]<div class=\"wbc-heading clearfix\"><div class=\"default-heading\" style=\"font-size:15px;color:#DC3D3F;text-align:center;\">GLOB\u00c1LN\u00cd P\u0158\u00cdSTUP K KVALIT\u011a<\/div><\/div><div class=\"wbc-heading clearfix\"><h3 class=\"special-heading-3\" style=\"font-size:45px;color:#5a5a5a;text-align:center;\">KVALITN\u00cd BEZPE\u010cNOSTN\u00cd PROST\u0158ED\u00cd<\/h3><\/div>[vc_single_image image=&#8221;2202&#8243; img_size=&#8221;full&#8221; alignment=&#8221;center&#8221;]<div class=\"wbc-heading clearfix\"><div class=\"default-heading\" style=\"font-size:15px;text-align:center;margin-bottom:35px;margin-right:auto;margin-top:15px;margin-left:auto;padding-bottom:40px;max-width:960px;\">Na\u0161e spole\u010dnost je sou\u010d\u00e1st\u00ed glob\u00e1ln\u00edho p\u0159\u00edstupu ke kvalit\u011b: sledovatelnost materi\u00e1l\u016f, kontroly prov\u00e1d\u011bn\u00e9 v ka\u017ed\u00e9 f\u00e1zi va\u0161eho projektu, dodr\u017eov\u00e1n\u00ed postup\u016f. M\u00e9tal Performances neust\u00e1le investuje do \u0161kolen\u00ed sv\u00fdch zam\u011bstnanc\u016f: sledov\u00e1n\u00ed kvalifikace na\u0161ich sv\u00e1\u0159e\u010d\u016f (DMOS, QMOS). Bezpe\u010dnost je zvl\u00e1\u0161t\u011b kontrolovan\u00e1 oblast pro v\u0161echny v\u00fdrobn\u00ed, manipula\u010dn\u00ed a mont\u00e1\u017en\u00ed operace: p\u0159izp\u016fsoben\u00e9 a optimalizovan\u00e9 prost\u0159edky, vy\u0161kolen\u00fd a kvalifikovan\u00fd person\u00e1l (CACES), pl\u00e1n prevence p\u0159izp\u016fsoben\u00fd omezen\u00edm klasifikovan\u00fdch m\u00edst (chemick\u00e1 rizika, Seveso). Spole\u010dnost je odhodl\u00e1na pokra\u010dovat ve sv\u00e9m rozvoji sni\u017eov\u00e1n\u00edm ekologick\u00fdch dopad\u016f: selektivn\u00ed t\u0159\u00edd\u011bn\u00ed a recyklace pr\u016fmyslov\u00e9ho odpadu, principy ekologick\u00e9 odpov\u011bdnosti a hospoda\u0159en\u00ed s energi\u00ed.<\/div><\/div>[\/vc_column][\/vc_row]<\/p>\n<\/div>","protected":false},"excerpt":{"rendered":"<p>[vc_row row_type=&#8221;full_width&#8221; type=&#8221;container&#8221; bg_select=&#8221;bg_parallax&#8221; parallax_speed=&#8221;4&#8243; bg_image_postions=&#8221;center bottom&#8221; parallax_img=&#8221;3986&#8243; parallax_overlay=&#8221;#404040&#8243; el_class=&#8221;bg-pages&#8221;][vc_column][vc_raw_html][\/vc_raw_html][\/vc_column][\/vc_row][vc_row row_type=&#8221;full_width&#8221; type=&#8221;container&#8221; bg_color=&#8221;#fbfbfb&#8221; el_class=&#8221;h1-pages&#8221;][vc_column el_class=&#8221;heading-pages&#8221;][vc_single_image image=&#8221;2202&#8243; img_size=&#8221;full&#8221; alignment=&#8221;center&#8221;][vc_column_text] Studijn\u00ed kapacita k dispozici v r\u00e1mci kotl\u00e1\u0159sk\u00fdch, procesn\u00edch a mont\u00e1\u017en\u00edch projekt\u016f. Od f\u00e1ze p\u0159edb\u011b\u017en\u00e9 studie a\u017e po kone\u010dnou realizaci, od n\u00e1vrhu po f\u00e1zi v\u00fdvoje a industrializace v\u00e1m na\u0161e projektov\u00e9 t\u00fdmy nab\u00edzej\u00ed inovativn\u00ed \u0159e\u0161en\u00ed. [\/vc_column_text][\/vc_column][\/vc_row][vc_row disable_element=&#8221;yes&#8221; row_type=&#8221;full_width&#8221; type=&#8221;container&#8221;][vc_column [&hellip;]<\/p>\n","protected":false},"author":1,"featured_media":0,"parent":0,"menu_order":0,"comment_status":"closed","ping_status":"closed","template":"template-page-full.php","meta":{"footnotes":""},"class_list":["post-2602","page","type-page","status-publish","hentry"],"_links":{"self":[{"href":"https:\/\/metalperformances.com\/cs\/wp-json\/wp\/v2\/pages\/2602","targetHints":{"allow":["GET"]}}],"collection":[{"href":"https:\/\/metalperformances.com\/cs\/wp-json\/wp\/v2\/pages"}],"about":[{"href":"https:\/\/metalperformances.com\/cs\/wp-json\/wp\/v2\/types\/page"}],"author":[{"embeddable":true,"href":"https:\/\/metalperformances.com\/cs\/wp-json\/wp\/v2\/users\/1"}],"replies":[{"embeddable":true,"href":"https:\/\/metalperformances.com\/cs\/wp-json\/wp\/v2\/comments?post=2602"}],"version-history":[{"count":18,"href":"https:\/\/metalperformances.com\/cs\/wp-json\/wp\/v2\/pages\/2602\/revisions"}],"predecessor-version":[{"id":4013,"href":"https:\/\/metalperformances.com\/cs\/wp-json\/wp\/v2\/pages\/2602\/revisions\/4013"}],"wp:attachment":[{"href":"https:\/\/metalperformances.com\/cs\/wp-json\/wp\/v2\/media?parent=2602"}],"curies":[{"name":"wp","href":"https:\/\/api.w.org\/{rel}","templated":true}]}}