{"id":2578,"date":"2022-01-20T11:36:08","date_gmt":"2022-01-20T10:36:08","guid":{"rendered":"https:\/\/metalperformances.com\/zakonne-oznameni\/"},"modified":"2022-10-13T12:02:28","modified_gmt":"2022-10-13T10:02:28","slug":"zakonne-oznameni","status":"publish","type":"page","link":"https:\/\/metalperformances.com\/cs\/zakonne-oznameni\/","title":{"rendered":"Z\u00e1konn\u00e9 ozn\u00e1men\u00ed"},"content":{"rendered":"<div class=\"wpb-content-wrapper\"><p>[vc_row row_type=&#8221;full_width&#8221; type=&#8221;container&#8221; bg_select=&#8221;bg_parallax&#8221; parallax_speed=&#8221;4&#8243; bg_image_postions=&#8221;center bottom&#8221; parallax_img=&#8221;1591&#8243; parallax_overlay=&#8221;#404040&#8243; el_class=&#8221;bg-pages&#8221;][vc_column][vc_raw_html][\/vc_raw_html][\/vc_column][\/vc_row][vc_row row_type=&#8221;full_width&#8221; type=&#8221;container&#8221; bg_color=&#8221;#fbfbfb&#8221; el_class=&#8221;h1-pages&#8221;][vc_column el_class=&#8221;heading-pages&#8221;]<div class=\"wbc-heading clearfix\"><h1 class=\"special-heading-3 xs-responsive-text-30 sm-responsive-text-40 md-responsive-text-45\" style=\"font-size:90px;line-height:60px;text-align:center;\">Z\u00c1KONN\u00c9 OZN\u00c1MEN\u00cd<\/h1><\/div>[vc_raw_html css=&#8221;.vc_custom_1665655062580{margin-top: 2rem !important;}&#8221;]PHA+PHN0cm9uZz48ZW0+IOKAnlYgc291bGFkdSBzIMSNbMOhbmt5IDM5IGEgbsOhc2wuIHrDoWtvbmEgxI0uIDc4LTE3IHplIGRuZSA2LiBsZWRuYSAxOTc4IG5vdmVsaXpvdmFuw6lobyB2IHJvY2UgMjAwNCBvIHpwcmFjb3bDoW7DrSDDumRhasWvLCBzb3Vib3JlY2ggYSBzdm9ib2TDoWNoIG3Fr8W+ZSBrYcW+ZMOhIG9zb2JhIHrDrXNrYXQgc2TEm2xlbsOtIGEgdiBwxZnDrXBhZMSbIHBvdMWZZWJ5IG9wcmF2dSBuZWJvIHbDvW1heiBpbmZvcm1hY8OtLiAsIGtvbnRha3RvdsOhbsOtbSBjZW50csOhbHkgbmHFocOtIGZpcm15LiDCuzwvZW0+PC9zdHJvbmc+ICA8L3A+Cgo8cD5UYXRvIHN0csOhbmthIGJ5bGEgZGVrbGFyb3bDoW5hIENOSUwgayBkYXR1IHMgxI3DrXNsZW0gPHN0cm9uZz4yMDA5NDQ0PC9zdHJvbmc+ICA8L3A+Cgo8cD48c3Ryb25nPsWYZWRpdGVsIHB1Ymxpa2FjZTwvc3Ryb25nPiA6IHBhbiA8c3Ryb25nPkRpZGllciBGYXVjaG91eDwvc3Ryb25nPiB6YSBzcG9sZcSNbm9zdCA8c3Ryb25nPk3DqXRhbCBQZXJmb3JtYW5jZXM8L3N0cm9uZz48L3A+Cgo8cD48aW1nIHNyYz0iL2NvbnRlbnQvdGhlbWVzL25pbmV6ZXJvc2V2ZW4tY2hpbGQvaW1nL2xvZ28tbWV0YWwtcnMuanBnIiBhbHQ9IlBlcmZvcm1hbmNlIE1ldGFsIExvZ28iPjwvcD4KCjxwPlNBUyBzIGthcGl0w6FsZW0gPHN0cm9uZz4yODUyNTA8L3N0cm9uZz4gZXVyPGJyPgpTSVJFVDogPHN0cm9uZz40ODUgMDIyIDAxNiAwMDAxMTwvc3Ryb25nPiDigJMgUkNTOiA8c3Ryb25nPlZlbnRpbHk8L3N0cm9uZz4g4oCTIEvDs2QgTkFGOiA8c3Ryb25nPjMzMjBBPC9zdHJvbmc+PGJyPgpTw61kbG86IDxzdHJvbmc+Wm9uZSBk4oCZQWN0aXZpdMOpIGR1IENoZW7DtHQsIHJ1ZSBkZXMgQ2jDqm5lcywgNTYzODAgQmVpZ25vbjwvc3Ryb25nPiAtIFRlbDogPHN0cm9uZz4rMzMgKDApMiA5NyA3NSA3MyA5Mzwvc3Ryb25nPjxicj4KRS1tYWlsOiBjb250YWN0QG1ldGFscGVyZm9ybWFuY2VzLmNvbTxicj4KV2ViOiA8YSBocmVmPSJtZXRhbHBlcmZvcm1hbmNlcy5jb20iPm1ldGFscGVyZm9ybWFuY2VzLmNvbTwvYT48L3A+Cgo8cD48c3Ryb25nPkF1dG9yc2vDqSB0ZXh0eTo8L3N0cm9uZz4gT2xpdmllciBUaG91YXVsdCwgSmltbXkgRmF1Y2hvdXgsIEpvw6tsIFBvdGllciBhIENocmlzdG9waGUgTGFzc2FpczwvcD4KCjxoMiBpZD0idG9jXzAiPlJlYWxpemFjZSB3ZWJ1PC9oMj4KCjxwPjxpbWcgc3JjPSIvY29udGVudC90aGVtZXMvbmluZXplcm9zZXZlbi1jaGlsZC9pbWcvbWVkaWFmYXVuZS1sb2dvLnBuZyIgYWx0PSJMb2dvIE1lZGlhZmF1bmUiPjwvcD4KCjxwPjxzdHJvbmc+QWdlbnR1cmEgTWVkaWFmYXVuZTwvc3Ryb25nPjxicj4KU2FybCBzIGthcGl0w6FsZW0gMzAwMCBldXI8YnI+ClNJUkVUOiA1MzkgNTcxIDY4NyAwMDAxOCAtIFJDUzogTmljZSAtIEvDs2QgTkFGOiA1OTExQTxicj4KU8OtZGxvOiAxOCBiaXMgcnVlIGRlcyBMaWxhcywgMDYxMDAgTmljZSAtIFRlbDogKzMzKDApNCA5MiAyOSAwNyA4ODxicj4KV2ViOiA8YSBocmVmPSJmYXVuZS5uZXQiPmZhdW5hLm5ldDwvYT4gLSA8YSBocmVmPSJtZWRpYWZhdW5lLmNvbSI+bWVkaWFmYXVuZS5jb208L2E+PC9wPgoKPGgyIGlkPSJ0b2NfMSI+VWJ5dG92w6Fuw608L2gyPgoKPHA+PHN0cm9uZz5Ow6F6ZXYgZG9tw6lueSBhIGhvc3Rpbmc6PC9zdHJvbmc+PGJyPgpPVkg8YnI+ClNBUyBzIGthcGl0w6FsZW0gMTAgMDAwIDAwMCBFVVI8YnI+ClNJUkVUOiA0MjQgNzYxIDQxOSAwMDA0NSAtIFJDUzogUm91YmFpeC9Ub3VyY29pbmcgLSBBUEUga8OzZDogNjIwMkE8YnI+CkRJxIw6IEZSIDIyIDQyNCA3NjEgNDE5PGJyPgpTw61kbG8gc3BvbGXEjW5vc3RpOiAyIHJ1ZSBLZWxsZXJtYW5uLCA1OTEwMCBSb3ViYWl4IC0gRnJhbmNpZS48YnI+CkNoY2V0ZS1saSBrb250YWt0b3ZhdCBPVkg6IDxhIGhyZWY9Imh0dHA6Ly93d3cub3ZoLmNvbS9mci9zdXBwb3J0Ij5vdmguY29tPC9hPgogPC9wPgoKPGgyIGlkPSJ0b2NfMiI+RMWvdsSbcm5vc3Qgb3NvYm7DrWNoIMO6ZGFqxa88L2gyPgoKPHA+QWJ5Y2hvbSB2w6FtIHphcnXEjWlsaSBzbHXFvmJ1LCBrdGVyw6Egc3BsbsOtIHZhxaFlIG\/EjWVrw6F2w6Fuw60sIGphc27EmyBhIHByb2Zlc2lvbsOhbG7EmyB2eXXFvsOtdsOhbWUgdsWhZWNobnkgaW5mb3JtYWNlLCBrdGVyw6kgbsOhbSB6YcWhbGV0ZS48L3A+Cgo8dWw+CjxsaT5CZXogdmHFoWVobyB2xJtkb23DrSBuZWpzb3Ugc2hyb21hxb7Ej292w6FueSDFvsOhZG7DqSBvc29ibsOtIMO6ZGFqZS48L2xpPgo8bGk+xb3DoWRuw6kgb3NvYm7DrSDDumRhamUgbmVqc291IHBvc2t5dG92w6FueSB0xZlldMOtbSBzdHJhbsOhbS48L2xpPgo8bGk+xb3DoWRuw6kgb3NvYm7DrSDDumRhamUgbmVqc291IHBvdcW+w612w6FueSBrIG5lemFtw73FoWxlbsO9bSDDusSNZWzFr20uPC9saT4KPC91bD4KCjxwPkluZm9ybWFjZSBwb8W+YWRvdmFuw6kgcMWZaSByZWdpc3RyYWNpIGpzb3UgbmV6Ynl0bsOpLiBKZWppY2ggamVkaW7DvW0gcMWZw61qZW1jZW0gamUgdmVkZW7DrSBzcG9sZcSNbm9zdGkgPHN0cm9uZz5Nw6l0YWwgUGVyZm9ybWFuY2VzPC9zdHJvbmc+ICwgdSBrdGVyw6lobyBsemUgdXBsYXTFiG92YXQgcHLDoXZhIG5hIHDFmcOtc3R1cCBhIG9wcmF2dS4gPC9wPgoKPHA+TcOhdGUgcHJvdG8gcHLDoXZvIG5hIHDFmcOtc3R1cCwgw7pwcmF2dSwgb3ByYXZ1IGEgdnltYXrDoW7DrSDDumRhasWvLCBrdGVyw6kgc2UgdsOhcyB0w71rYWrDrSAoxI1sw6FuZWsgMzQgesOha29uYSDigJ5JbmZvcm1hdGlxdWUgZXQgTGliZXJ0w6lz4oCcIHplIGRuZSA2LiBsZWRuYSAxOTc4KS4gSyB1cGxhdG7Em27DrSB0b2hvdG8gcHLDoXZhIHN0YcSNw60gemFzbGF0IGRvcGlzIG5hxaFlbXUgbWFuYcW+ZXJza8OpbXUgb2RkxJtsZW7DrSB2ZSBzcG9sZcSNbm9zdGkgPHN0cm9uZz5Nw6l0YWwgUGVyZm9ybWFuY2VzPC9zdHJvbmc+IC4KIAogPC9wPgoKPGgyIGlkPSJ0b2NfMyI+T2RrYXp5IG5hIG9iY2hvZG7DrSBwYXJ0bmVyeSBhIGRhbMWhw60gc3Ryw6Fua3k8L2gyPgoKPHA+TmEgc3Ryw6Fua8OhY2ggPHN0cm9uZz5NZXRhbCBQZXJmb3JtYW5jZXM8L3N0cm9uZz4ganNvdSByxa96bsOpIG9ka2F6eSBuYSBwYXJ0bmVyc2vDqSBzdHLDoW5reS4gTmVtxa\/FvmVtZSBuw6lzdCBvZHBvdsSbZG5vc3QgemEgesOhc2FkeSBvY2hyYW55IG9zb2Juw61jaCDDumRhasWvIHVwbGF0xYhvdmFuw6kgc3BvbGXEjW5vc3RtaSBuZWJvIHNkcnXFvmVuw61taSB0xZlldMOtY2ggc3RyYW4uIERvcG9ydcSNdWplbWUgdsOhbSBwxZllxI3DrXN0IHNpIHR5dG8gesOhc2FkeSwga3RlcsOpIHNlIG1vaG91IGxpxaFpdCBvZCBuYcWhaWNoLjwvcD4KCjxwPlBvc2t5dHVqZW1lIHRha8OpIG9ka2F6eSBuYSBqZWRub2hvIG5lYm8gdsOtY2Ugb2JjaG9kbsOtY2ggcGFydG5lcsWvLiBaw6FzYWR5IG9jaHJhbnkgb3NvYm7DrWNoIMO6ZGFqxa8gdMSbY2h0byBwYXJ0bmVyxa8gc2UgdGFrw6kgbW9ob3UgbGnFoWl0IG9kIG5hxaFpY2guCiAKIDwvcD4KCjxoMiBpZD0idG9jXzQiPkF1dG9yc2vDqSBwcsOhdm8gYSB6w6Frb24gbyBvY2hyYW5uw71jaCB6bsOhbWvDoWNoPC9oMj4KCjxwPkNlbMOhIHRhdG8gc3Ryw6Fua2EgcG9kbMOpaMOhIGZyYW5jb3V6c2vDqSBsZWdpc2xhdGl2xJsgbyBhdXRvcnNrw71jaCBwcsOhdmVjaCBhIGR1xaFldm7DrW0gdmxhc3RuaWN0dsOtLiBWxaFlY2huYSBwcsOhdmEgbmEgcmVwcm9kdWtjaSBqc291IHZ5aHJhemVuYSwgdsSNZXRuxJsgZG9rdW1lbnTFryBrZSBzdGHFvmVuw60gYSBpa29ub2dyYWZpY2vDvWNoIGEgZm90b2dyYWZpY2vDvWNoIHZ5b2JyYXplbsOtLiA8L3A+Cgo8cD5SZXByb2R1a2NlIGNlbMOpIHTDqXRvIHN0csOhbmt5IG5lYm8gamVqw60gxI3DoXN0aSBuYSBqYWvDqW1rb2xpIGVsZWt0cm9uaWNrw6ltIG3DqWRpdSBqZSBiZXogdsO9c2xvdm7DqWhvIHNvdWhsYXN1IHNwb2xlxI1ub3N0aSA8c3Ryb25nPk3DqXRhbCBQZXJmb3JtYW5jZXM8L3N0cm9uZz4gcMWZw61zbsSbIHpha8OhesOhbmEuIApKYWtvIHRha292w6kgYSB2IHNvdWxhZHUgcyB1c3Rhbm92ZW7DrW1pIEtvZGV4dSBkdcWhZXZuw61obyB2bGFzdG5pY3R2w60gamUgcG92b2xlbm8gcG91emUgcG91xb5pdMOtIHBybyBzb3Vrcm9tw6kgcG91xb5pdMOtIG5lYm8gcHJvIMSNaXN0xJsgb3NvYm7DrSBwb3XFvml0w60uIDwvcD4KCjxwPkJleiBwxZllZGNob3rDrWhvIHDDrXNlbW7DqWhvIHNvdWhsYXN1IHNwb2xlxI1ub3N0aSA8c3Ryb25nPk3DqXRhbCBQZXJmb3JtYW5jZXMgcMWZZWRzdGF2dWplPC9zdHJvbmc+IGpha8Opa29saSBqaW7DqSBwb3XFvml0w60gcGFkxJtsw6Fuw60gYSBqZSBzYW5rY2lvbm92w6FubyBLb2RleGVtIGR1xaFldm7DrWhvIHZsYXN0bmljdHbDrS4gPC9wPgoKPHA+Wm5hxI1rYSA8c3Ryb25nPk1QIE1ldGFsIFBlcmZvcm1hbmNlczwvc3Ryb25nPiBhIGplasOtIGxvZ28gamUgcmVnaXN0cm92YW7DoSBvY2hyYW5uw6Egem7DoW1rYSBhIGpha28gdGFrb3bDoSBjaHLDoW7Em25hIHpuw6Fta292w71tIHrDoWtvbmVtIHp2ZcWZZWpuxJtuw71tIHYgPHN0cm9uZz5CT1BJIDIwMTUtMjI8L3N0cm9uZz4gcG9kIG7DoXJvZG7DrW0gxI3DrXNsZW0gPHN0cm9uZz4xNSA0IDE1NCA2NTA8L3N0cm9uZz4gLiBKZSB2w71ocmFkbsOtbSBtYWpldGtlbSBzcG9sZcSNbm9zdGkgPHN0cm9uZz5Nw6l0YWwgUGVyZm9ybWFuY2VzPC9zdHJvbmc+IHMgcGFuZW0gPHN0cm9uZz5EaWRpZXJlbSBGYXVjaG91eGVtPC9zdHJvbmc+IGpha28gamVkbmF0ZWxlbS4gPC9wPgoKPHA+Wm5hxI1rYSBGQVVORSBhIGplasOtIGxvZ28gamUgcmVnaXN0cm92YW7DoSBvY2hyYW5uw6Egem7DoW1rYSBhIGpha28gdGFrb3bDoSBjaHLDoW7Em25hIHrDoWtvbmVtIG8gb2NocmFubsO9Y2ggem7DoW1rw6FjaCB6dmXFmWVqbsSbbsO9bSB2IDxzdHJvbmc+Qk9QSSAyMDA5LTUxPC9zdHJvbmc+IHBvZCBuw6Fyb2Ruw61tIMSNw61zbGVtIDxzdHJvbmc+OTk3OTA5NTE8L3N0cm9uZz4gLiBKZSB2w71ocmFkbsOtbSB2bGFzdG5pY3R2w61tIHBhbmEgT2xpdmllcmEgVGhvdWF1bHRhIGEgcHJvdm96dWplIGhvIHNwb2xlxI1ub3N0IEFnZW5jZSBNZWRpYWZhdW5lLiA8L3A+Cgo8cD5Qcm8gamFrw6lrb2xpIGRhbMWhw60gaW5mb3JtYWNlIHphxaFsZXRlIHByb3PDrW0gZG9waXMgbmEgYWRyZXN1Ojxicj4KU3BvbGXEjW5vc3QgPHN0cm9uZz5Nw6l0YWwgUGVyZm9ybWFuY2VzPC9zdHJvbmc+IC0gQ2hlbm90IEFjdGl2aXR5IFpvbmUsIHJ1ZSBkZXMgQ2jDqm5lcywgNTYzODAgQmVpZ25vbjwvcD4KCjxwPjIwMjIgLSBBZ2VudHVyYSBNZWRpYWZhdW5lIC8gTWV0YWwgUGVyZm9ybWFuY2VzPC9wPg==[\/vc_raw_html][\/vc_column][\/vc_row][vc_row disable_element=&#8221;yes&#8221; row_type=&#8221;full_width&#8221; type=&#8221;container&#8221; bg_select=&#8221;bg_color_section&#8221;][vc_column]<div class=\"wbc-heading clearfix\"><div class=\"default-heading\" style=\"font-size:15px;color:#DC3D3F;text-align:center;\">PROVEDITELNOST A IN\u017dEN\u00ddRSTV\u00cd<\/div><\/div><div class=\"wbc-heading clearfix\"><h3 class=\"special-heading-3\" style=\"font-size:45px;color:#5a5a5a;text-align:center;\">\u0158\u00cdZEN\u00cd VA\u0160ICH PROJEKT\u016e<\/h3><\/div>[vc_single_image image=&#8221;2202&#8243; img_size=&#8221;full&#8221; alignment=&#8221;center&#8221;]<div class=\"wbc-heading clearfix\"><div class=\"default-heading\" style=\"font-size:15px;text-align:center;margin-bottom:35px;margin-right:auto;margin-top:15px;margin-left:auto;max-width:960px;\">Zasahujeme do cel\u00e9ho \u017eivotn\u00edho cyklu va\u0161ich projekt\u016f mechanick\u00fdch spoj\u016f a mont\u00e1\u017e\u00ed (prvky - podsestavy a sestavy): od f\u00e1ze studie a n\u00e1vrhu a\u017e po f\u00e1ze v\u00fdvoje a industrializace. Nab\u00edz\u00edme v\u00e1m vylep\u0161en\u00ed a inovativn\u00ed \u0159e\u0161en\u00ed.<\/div><\/div>[\/vc_column][\/vc_row]<\/p>\n<\/div>","protected":false},"excerpt":{"rendered":"<p>[vc_row row_type=&#8221;full_width&#8221; type=&#8221;container&#8221; bg_select=&#8221;bg_parallax&#8221; parallax_speed=&#8221;4&#8243; bg_image_postions=&#8221;center bottom&#8221; parallax_img=&#8221;1591&#8243; parallax_overlay=&#8221;#404040&#8243; el_class=&#8221;bg-pages&#8221;][vc_column][vc_raw_html][\/vc_raw_html][\/vc_column][\/vc_row][vc_row row_type=&#8221;full_width&#8221; type=&#8221;container&#8221; bg_color=&#8221;#fbfbfb&#8221; el_class=&#8221;h1-pages&#8221;][vc_column el_class=&#8221;heading-pages&#8221;][vc_raw_html css=&#8221;.vc_custom_1665655062580{margin-top: 2rem !important;}&#8221;]PHA+PHN0cm9uZz48ZW0+IOKAnlYgc291bGFkdSBzIMSNbMOhbmt5IDM5IGEgbsOhc2wuIHrDoWtvbmEgxI0uIDc4LTE3IHplIGRuZSA2LiBsZWRuYSAxOTc4IG5vdmVsaXpvdmFuw6lobyB2IHJvY2UgMjAwNCBvIHpwcmFjb3bDoW7DrSDDumRhasWvLCBzb3Vib3JlY2ggYSBzdm9ib2TDoWNoIG3Fr8W+ZSBrYcW+ZMOhIG9zb2JhIHrDrXNrYXQgc2TEm2xlbsOtIGEgdiBwxZnDrXBhZMSbIHBvdMWZZWJ5IG9wcmF2dSBuZWJvIHbDvW1heiBpbmZvcm1hY8OtLiAsIGtvbnRha3RvdsOhbsOtbSBjZW50csOhbHkgbmHFocOtIGZpcm15LiDCuzwvZW0+PC9zdHJvbmc+ICA8L3A+Cgo8cD5UYXRvIHN0csOhbmthIGJ5bGEgZGVrbGFyb3bDoW5hIENOSUwgayBkYXR1IHMgxI3DrXNsZW0gPHN0cm9uZz4yMDA5NDQ0PC9zdHJvbmc+ICA8L3A+Cgo8cD48c3Ryb25nPsWYZWRpdGVsIHB1Ymxpa2FjZTwvc3Ryb25nPiA6IHBhbiA8c3Ryb25nPkRpZGllciBGYXVjaG91eDwvc3Ryb25nPiB6YSBzcG9sZcSNbm9zdCA8c3Ryb25nPk3DqXRhbCBQZXJmb3JtYW5jZXM8L3N0cm9uZz48L3A+Cgo8cD48aW1nIHNyYz0iL2NvbnRlbnQvdGhlbWVzL25pbmV6ZXJvc2V2ZW4tY2hpbGQvaW1nL2xvZ28tbWV0YWwtcnMuanBnIiBhbHQ9IlBlcmZvcm1hbmNlIE1ldGFsIExvZ28iPjwvcD4KCjxwPlNBUyBzIGthcGl0w6FsZW0gPHN0cm9uZz4yODUyNTA8L3N0cm9uZz4gZXVyPGJyPgpTSVJFVDogPHN0cm9uZz40ODUgMDIyIDAxNiAwMDAxMTwvc3Ryb25nPiDigJMgUkNTOiA8c3Ryb25nPlZlbnRpbHk8L3N0cm9uZz4g4oCTIEvDs2QgTkFGOiA8c3Ryb25nPjMzMjBBPC9zdHJvbmc+PGJyPgpTw61kbG86IDxzdHJvbmc+Wm9uZSBk4oCZQWN0aXZpdMOpIGR1IENoZW7DtHQsIHJ1ZSBkZXMgQ2jDqm5lcywgNTYzODAgQmVpZ25vbjwvc3Ryb25nPiAtIFRlbDogPHN0cm9uZz4rMzMgKDApMiA5NyA3NSA3MyA5Mzwvc3Ryb25nPjxicj4KRS1tYWlsOiBjb250YWN0QG1ldGFscGVyZm9ybWFuY2VzLmNvbTxicj4KV2ViOiA8YSBocmVmPSJtZXRhbHBlcmZvcm1hbmNlcy5jb20iPm1ldGFscGVyZm9ybWFuY2VzLmNvbTwvYT48L3A+Cgo8cD48c3Ryb25nPkF1dG9yc2vDqSB0ZXh0eTo8L3N0cm9uZz4gT2xpdmllciBUaG91YXVsdCwgSmltbXkgRmF1Y2hvdXgsIEpvw6tsIFBvdGllciBhIENocmlzdG9waGUgTGFzc2FpczwvcD4KCjxoMiBpZD0idG9jXzAiPlJlYWxpemFjZSB3ZWJ1PC9oMj4KCjxwPjxpbWcgc3JjPSIvY29udGVudC90aGVtZXMvbmluZXplcm9zZXZlbi1jaGlsZC9pbWcvbWVkaWFmYXVuZS1sb2dvLnBuZyIgYWx0PSJMb2dvIE1lZGlhZmF1bmUiPjwvcD4KCjxwPjxzdHJvbmc+QWdlbnR1cmEgTWVkaWFmYXVuZTwvc3Ryb25nPjxicj4KU2FybCBzIGthcGl0w6FsZW0gMzAwMCBldXI8YnI+ClNJUkVUOiA1MzkgNTcxIDY4NyAwMDAxOCAtIFJDUzogTmljZSAtIEvDs2QgTkFGOiA1OTExQTxicj4KU8OtZGxvOiAxOCBiaXMgcnVlIGRlcyBMaWxhcywgMDYxMDAgTmljZSAtIFRlbDogKzMzKDApNCA5MiAyOSAwNyA4ODxicj4KV2ViOiA8YSBocmVmPSJmYXVuZS5uZXQiPmZhdW5hLm5ldDwvYT4gLSA8YSBocmVmPSJtZWRpYWZhdW5lLmNvbSI+bWVkaWFmYXVuZS5jb208L2E+PC9wPgoKPGgyIGlkPSJ0b2NfMSI+VWJ5dG92w6Fuw608L2gyPgoKPHA+PHN0cm9uZz5Ow6F6ZXYgZG9tw6lueSBhIGhvc3Rpbmc6PC9zdHJvbmc+PGJyPgpPVkg8YnI+ClNBUyBzIGthcGl0w6FsZW0gMTAgMDAwIDAwMCBFVVI8YnI+ClNJUkVUOiA0MjQgNzYxIDQxOSAwMDA0NSAtIFJDUzogUm91YmFpeC9Ub3VyY29pbmcgLSBBUEUga8OzZDogNjIwMkE8YnI+CkRJxIw6IEZSIDIyIDQyNCA3NjEgNDE5PGJyPgpTw61kbG8gc3BvbGXEjW5vc3RpOiAyIHJ1ZSBLZWxsZXJtYW5uLCA1OTEwMCBSb3ViYWl4IC0gRnJhbmNpZS48YnI+CkNoY2V0ZS1saSBrb250YWt0b3ZhdCBPVkg6IDxhIGhyZWY9Imh0dHA6Ly93d3cub3ZoLmNvbS9mci9zdXBwb3J0Ij5vdmguY29tPC9hPgogPC9wPgoKPGgyIGlkPSJ0b2NfMiI+RMWvdsSbcm5vc3Qgb3NvYm7DrWNoIMO6ZGFqxa88L2gyPgoKPHA+QWJ5Y2hvbSB2w6FtIHphcnXEjWlsaSBzbHXFvmJ1LCBrdGVyw6Egc3BsbsOtIHZhxaFlIG\/EjWVrw6F2w6Fuw60sIGphc27EmyBhIHByb2Zlc2lvbsOhbG7EmyB2eXXFvsOtdsOhbWUgdsWhZWNobnkgaW5mb3JtYWNlLCBrdGVyw6kgbsOhbSB6YcWhbGV0ZS48L3A+Cgo8dWw+CjxsaT5CZXogdmHFoWVobyB2xJtkb23DrSBuZWpzb3Ugc2hyb21hxb7Ej292w6FueSDFvsOhZG7DqSBvc29ibsOtIMO6ZGFqZS48L2xpPgo8bGk+xb3DoWRuw6kgb3NvYm7DrSDDumRhamUgbmVqc291IHBvc2t5dG92w6FueSB0xZlldMOtbSBzdHJhbsOhbS48L2xpPgo8bGk+xb3DoWRuw6kgb3NvYm7DrSDDumRhamUgbmVqc291IHBvdcW+w612w6FueSBrIG5lemFtw73FoWxlbsO9bSDDusSNZWzFr20uPC9saT4KPC91bD4KCjxwPkluZm9ybWFjZSBwb8W+YWRvdmFuw6kgcMWZaSByZWdpc3RyYWNpIGpzb3UgbmV6Ynl0bsOpLiBKZWppY2ggamVkaW7DvW0gcMWZw61qZW1jZW0gamUgdmVkZW7DrSBzcG9sZcSNbm9zdGkgPHN0cm9uZz5Nw6l0YWwgUGVyZm9ybWFuY2VzPC9zdHJvbmc+ICwgdSBrdGVyw6lobyBsemUgdXBsYXTFiG92YXQgcHLDoXZhIG5hIHDFmcOtc3R1cCBhIG9wcmF2dS4gPC9wPgoKPHA+TcOhdGUgcHJvdG8gcHLDoXZvIG5hIHDFmcOtc3R1cCwgw7pwcmF2dSwgb3ByYXZ1IGEgdnltYXrDoW7DrSDDumRhasWvLCBrdGVyw6kgc2UgdsOhcyB0w71rYWrDrSAoxI1sw6FuZWsgMzQgesOha29uYSDigJ5JbmZvcm1hdGlxdWUgZXQgTGliZXJ0w6lz4oCcIHplIGRuZSA2LiBsZWRuYSAxOTc4KS4gSyB1cGxhdG7Em27DrSB0b2hvdG8gcHLDoXZhIHN0YcSNw60gemFzbGF0IGRvcGlzIG5hxaFlbXUgbWFuYcW+ZXJza8OpbXUgb2RkxJtsZW7DrSB2ZSBzcG9sZcSNbm9zdGkgPHN0cm9uZz5Nw6l0YWwgUGVyZm9ybWFuY2VzPC9zdHJvbmc+IC4KIAogPC9wPgoKPGgyIGlkPSJ0b2NfMyI+T2RrYXp5IG5hIG9iY2hvZG7DrSBwYXJ0bmVyeSBhIGRhbMWhw60gc3Ryw6Fua3k8L2gyPgoKPHA+TmEgc3Ryw6Fua8OhY2ggPHN0cm9uZz5NZXRhbCBQZXJmb3JtYW5jZXM8L3N0cm9uZz4ganNvdSByxa96bsOpIG9ka2F6eSBuYSBwYXJ0bmVyc2vDqSBzdHLDoW5reS4gTmVtxa\/FvmVtZSBuw6lzdCBvZHBvdsSbZG5vc3QgemEgesOhc2FkeSBvY2hyYW55IG9zb2Juw61jaCDDumRhasWvIHVwbGF0xYhvdmFuw6kgc3BvbGXEjW5vc3RtaSBuZWJvIHNkcnXFvmVuw61taSB0xZlldMOtY2ggc3RyYW4uIERvcG9ydcSNdWplbWUgdsOhbSBwxZllxI3DrXN0IHNpIHR5dG8gesOhc2FkeSwga3RlcsOpIHNlIG1vaG91IGxpxaFpdCBvZCBuYcWhaWNoLjwvcD4KCjxwPlBvc2t5dHVqZW1lIHRha8OpIG9ka2F6eSBuYSBqZWRub2hvIG5lYm8gdsOtY2Ugb2JjaG9kbsOtY2ggcGFydG5lcsWvLiBaw6FzYWR5IG9jaHJhbnkgb3NvYm7DrWNoIMO6ZGFqxa8gdMSbY2h0byBwYXJ0bmVyxa8gc2UgdGFrw6kgbW9ob3UgbGnFoWl0IG9kIG5hxaFpY2guCiAKIDwvcD4KCjxoMiBpZD0idG9jXzQiPkF1dG9yc2vDqSBwcsOhdm8gYSB6w6Frb24gbyBvY2hyYW5uw71jaCB6bsOhbWvDoWNoPC9oMj4KCjxwPkNlbMOhIHRhdG8gc3Ryw6Fua2EgcG9kbMOpaMOhIGZyYW5jb3V6c2vDqSBsZWdpc2xhdGl2xJsgbyBhdXRvcnNrw71jaCBwcsOhdmVjaCBhIGR1xaFldm7DrW0gdmxhc3RuaWN0dsOtLiBWxaFlY2huYSBwcsOhdmEgbmEgcmVwcm9kdWtjaSBqc291IHZ5aHJhemVuYSwgdsSNZXRuxJsgZG9rdW1lbnTFryBrZSBzdGHFvmVuw60gYSBpa29ub2dyYWZpY2vDvWNoIGEgZm90b2dyYWZpY2vDvWNoIHZ5b2JyYXplbsOtLiA8L3A+Cgo8cD5SZXByb2R1a2NlIGNlbMOpIHTDqXRvIHN0csOhbmt5IG5lYm8gamVqw60gxI3DoXN0aSBuYSBqYWvDqW1rb2xpIGVsZWt0cm9uaWNrw6ltIG3DqWRpdSBqZSBiZXogdsO9c2xvdm7DqWhvIHNvdWhsYXN1IHNwb2xlxI1ub3N0aSA8c3Ryb25nPk3DqXRhbCBQZXJmb3JtYW5jZXM8L3N0cm9uZz4gcMWZw61zbsSbIHpha8OhesOhbmEuIApKYWtvIHRha292w6kgYSB2IHNvdWxhZHUgcyB1c3Rhbm92ZW7DrW1pIEtvZGV4dSBkdcWhZXZuw61obyB2bGFzdG5pY3R2w60gamUgcG92b2xlbm8gcG91emUgcG91xb5pdMOtIHBybyBzb3Vrcm9tw6kgcG91xb5pdMOtIG5lYm8gcHJvIMSNaXN0xJsgb3NvYm7DrSBwb3XFvml0w60uIDwvcD4KCjxwPkJleiBwxZllZGNob3rDrWhvIHDDrXNlbW7DqWhvIHNvdWhsYXN1IHNwb2xlxI1ub3N0aSA8c3Ryb25nPk3DqXRhbCBQZXJmb3JtYW5jZXMgcMWZZWRzdGF2dWplPC9zdHJvbmc+IGpha8Opa29saSBqaW7DqSBwb3XFvml0w60gcGFkxJtsw6Fuw60gYSBqZSBzYW5rY2lvbm92w6FubyBLb2RleGVtIGR1xaFldm7DrWhvIHZsYXN0bmljdHbDrS4gPC9wPgoKPHA+Wm5hxI1rYSA8c3Ryb25nPk1QIE1ldGFsIFBlcmZvcm1hbmNlczwvc3Ryb25nPiBhIGplasOtIGxvZ28gamUgcmVnaXN0cm92YW7DoSBvY2hyYW5uw6Egem7DoW1rYSBhIGpha28gdGFrb3bDoSBjaHLDoW7Em25hIHpuw6Fta292w71tIHrDoWtvbmVtIHp2ZcWZZWpuxJtuw71tIHYgPHN0cm9uZz5CT1BJIDIwMTUtMjI8L3N0cm9uZz4gcG9kIG7DoXJvZG7DrW0gxI3DrXNsZW0gPHN0cm9uZz4xNSA0IDE1NCA2NTA8L3N0cm9uZz4gLiBKZSB2w71ocmFkbsOtbSBtYWpldGtlbSBzcG9sZcSNbm9zdGkgPHN0cm9uZz5Nw6l0YWwgUGVyZm9ybWFuY2VzPC9zdHJvbmc+IHMgcGFuZW0gPHN0cm9uZz5EaWRpZXJlbSBGYXVjaG91eGVtPC9zdHJvbmc+IGpha28gamVkbmF0ZWxlbS4gPC9wPgoKPHA+Wm5hxI1rYSBGQVVORSBhIGplasOtIGxvZ28gamUgcmVnaXN0cm92YW7DoSBvY2hyYW5uw6Egem7DoW1rYSBhIGpha28gdGFrb3bDoSBjaHLDoW7Em25hIHrDoWtvbmVtIG8gb2NocmFubsO9Y2ggem7DoW1rw6FjaCB6dmXFmWVqbsSbbsO9bSB2IDxzdHJvbmc+Qk9QSSAyMDA5LTUxPC9zdHJvbmc+IHBvZCBuw6Fyb2Ruw61tIMSNw61zbGVtIDxzdHJvbmc+OTk3OTA5NTE8L3N0cm9uZz4gLiBKZSB2w71ocmFkbsOtbSB2bGFzdG5pY3R2w61tIHBhbmEgT2xpdmllcmEgVGhvdWF1bHRhIGEgcHJvdm96dWplIGhvIHNwb2xlxI1ub3N0IEFnZW5jZSBNZWRpYWZhdW5lLiA8L3A+Cgo8cD5Qcm8gamFrw6lrb2xpIGRhbMWhw60gaW5mb3JtYWNlIHphxaFsZXRlIHByb3PDrW0gZG9waXMgbmEgYWRyZXN1Ojxicj4KU3BvbGXEjW5vc3QgPHN0cm9uZz5Nw6l0YWwgUGVyZm9ybWFuY2VzPC9zdHJvbmc+IC0gQ2hlbm90IEFjdGl2aXR5IFpvbmUsIHJ1ZSBkZXMgQ2jDqm5lcywgNTYzODAgQmVpZ25vbjwvcD4KCjxwPjIwMjIgLSBBZ2VudHVyYSBNZWRpYWZhdW5lIC8gTWV0YWwgUGVyZm9ybWFuY2VzPC9wPg==[\/vc_raw_html][\/vc_column][\/vc_row][vc_row disable_element=&#8221;yes&#8221; row_type=&#8221;full_width&#8221; type=&#8221;container&#8221; bg_select=&#8221;bg_color_section&#8221;][vc_column][vc_single_image image=&#8221;2202&#8243; img_size=&#8221;full&#8221; alignment=&#8221;center&#8221;][\/vc_column][\/vc_row]<\/p>\n","protected":false},"author":1,"featured_media":0,"parent":0,"menu_order":0,"comment_status":"closed","ping_status":"closed","template":"template-page-full.php","meta":{"footnotes":""},"class_list":["post-2578","page","type-page","status-publish","hentry"],"_links":{"self":[{"href":"https:\/\/metalperformances.com\/cs\/wp-json\/wp\/v2\/pages\/2578","targetHints":{"allow":["GET"]}}],"collection":[{"href":"https:\/\/metalperformances.com\/cs\/wp-json\/wp\/v2\/pages"}],"about":[{"href":"https:\/\/metalperformances.com\/cs\/wp-json\/wp\/v2\/types\/page"}],"author":[{"embeddable":true,"href":"https:\/\/metalperformances.com\/cs\/wp-json\/wp\/v2\/users\/1"}],"replies":[{"embeddable":true,"href":"https:\/\/metalperformances.com\/cs\/wp-json\/wp\/v2\/comments?post=2578"}],"version-history":[{"count":10,"href":"https:\/\/metalperformances.com\/cs\/wp-json\/wp\/v2\/pages\/2578\/revisions"}],"predecessor-version":[{"id":3982,"href":"https:\/\/metalperformances.com\/cs\/wp-json\/wp\/v2\/pages\/2578\/revisions\/3982"}],"wp:attachment":[{"href":"https:\/\/metalperformances.com\/cs\/wp-json\/wp\/v2\/media?parent=2578"}],"curies":[{"name":"wp","href":"https:\/\/api.w.org\/{rel}","templated":true}]}}