{"id":2563,"date":"2022-01-20T11:34:15","date_gmt":"2022-01-20T10:34:15","guid":{"rendered":"https:\/\/metalperformances.com\/shromazdeni\/"},"modified":"2022-10-17T08:44:58","modified_gmt":"2022-10-17T06:44:58","slug":"shromazdeni","status":"publish","type":"page","link":"https:\/\/metalperformances.com\/cs\/shromazdeni\/","title":{"rendered":"Shrom\u00e1\u017ed\u011bn\u00ed"},"content":{"rendered":"<div class=\"wpb-content-wrapper\"><p>[vc_row row_type=&#8221;full_width&#8221; type=&#8221;container&#8221; bg_select=&#8221;bg_parallax&#8221; parallax_speed=&#8221;4&#8243; parallax_repeat=&#8221;cover&#8221; bg_image_postions=&#8221;center bottom&#8221; parallax_img=&#8221;4066&#8243; parallax_overlay=&#8221;#404040&#8243; el_class=&#8221;bg-pages&#8221;][vc_column][vc_raw_html][\/vc_raw_html][\/vc_column][\/vc_row][vc_row row_type=&#8221;full_width&#8221; type=&#8221;container&#8221; bg_color=&#8221;#fbfbfb&#8221; el_class=&#8221;h1-pages&#8221;][vc_column el_class=&#8221;heading-pages&#8221;]<div class=\"wbc-heading clearfix\"><h1 class=\"special-heading-3 xs-responsive-text-30 sm-responsive-text-40 md-responsive-text-45\" style=\"font-size:90px;line-height:60px;text-align:center;\">SHROM\u00c1\u017dD\u011aN\u00cd<\/h1><\/div><div class=\"wbc-heading clearfix\"><h3 class=\"default-heading\" style=\"font-size:30px;color:#dc3d3f;text-align:center;padding-top:5rem;\">Projekty na m\u00edru<\/h3><\/div>[vc_single_image image=&#8221;2202&#8243; img_size=&#8221;full&#8221; alignment=&#8221;center&#8221;][vc_column_text]<\/p>\n<p style=\"font-size: 1.5rem; text-align: center;\">[\/vc_column_text][\/vc_column][\/vc_row][vc_row match_height=&#8221;yes&#8221; vertical_center=&#8221;yes&#8221;][vc_column width=&#8221;1\/2&#8243; parallax_repeat=&#8221;cover&#8221; bg_image_postions=&#8221;center center&#8221; parallax_img=&#8221;3473&#8243; offset=&#8221;vc_hidden-xs&#8221; el_class=&#8221;cover-position-right&#8221;][vc_raw_html][\/vc_raw_html][\/vc_column][vc_column width=&#8221;1\/2&#8243; content_align=&#8221;text-left&#8221; p_top=&#8221;10rem&#8221; p_bottom=&#8221;10rem&#8221; p_left=&#8221;10%&#8221; p_right=&#8221;20%&#8221; el_class=&#8221;text-position&#8221;]<div class=\"wbc-heading clearfix\"><h5 class=\"default-heading\" style=\"color:#5a5a5a;\">Manipulace s je\u0159\u00e1bem<\/h5><\/div><div class=\"wbc-heading clearfix\"><h3 class=\"default-heading\" style=\"color:#b4b400;\">Mont\u00e1\u017e t\u011b\u017ek\u00fdch a rozm\u011brn\u00fdch d\u00edl\u016f<\/h3><\/div><div class=\"wbc-team-box clearfix\" style=\"color:#646464;\"><div class=\"wbc-team-content\"><div class=\"team-name\"><h5 >Jane <span class=\"wbc-color\" >Candy<\/span><\/h5><span>\"Lead Coder\"<\/span><\/div><div class=\"member-details\">Na\u0161e mont\u00e1\u017en\u00ed t\u00fdmy jsou vy\u0161koleny v manipulaci s t\u011b\u017ek\u00fdmi a objemn\u00fdmi d\u00edly. M\u00e1me zku\u0161en\u00fd person\u00e1l a vhodn\u00e9 materi\u00e1ln\u00ed zdroje pro z\u00e1sahy v podm\u00ednk\u00e1ch sn\u00ed\u017een\u00e9 dostupnosti a omezen\u00e9 doby z\u00e1sahu. P\u0159\u00edstupov\u00e9 a zdvihac\u00ed prost\u0159edky spravujeme v souladu s bezpe\u010dnostn\u00edmi pravidly, p\u0159\u00edpadn\u011b ve spolupr\u00e1ci s kvalifikovan\u00fdmi firmami. Na tyto operace, kter\u00e9 p\u0159ipravuj\u00ed a pl\u00e1nuj\u00ed na\u0161i projektov\u00ed mana\u017ee\u0159i, v ter\u00e9nu dohl\u00ed\u017e\u00ed spr\u00e1vce stavby, kter\u00fd je v kontaktu s va\u0161imi z\u00e1stupci i s ostatn\u00edmi zapojen\u00fdmi spole\u010dnostmi.<\/div><div class=\"team-icons\"><\/div><\/div><\/div>[\/vc_column][\/vc_row][vc_row match_height=&#8221;yes&#8221; vertical_center=&#8221;yes&#8221;][vc_column width=&#8221;1\/2&#8243; content_align=&#8221;text-right&#8221; p_top=&#8221;10rem&#8221; p_bottom=&#8221;10rem&#8221; p_left=&#8221;20%&#8221; p_right=&#8221;10%&#8221; el_class=&#8221;text-position-right&#8221;]<div class=\"wbc-heading clearfix\"><h5 class=\"default-heading\" style=\"color:#5a5a5a;text-align:left;\">V\u00fdroba na m\u00edst\u011b<\/h5><\/div><div class=\"wbc-heading clearfix\"><h3 class=\"default-heading\" style=\"color:#b4b400;text-align:left;\">Mont\u00e1\u017e na m\u00edst\u011b: konkr\u00e9tn\u00ed organizace<\/h3><\/div><div class=\"wbc-team-box clearfix\" ><div class=\"wbc-team-content\"><div class=\"team-name\"><h5 >Jane <span class=\"wbc-color\" >Candy<\/span><\/h5><span>\"Lead Coder\"<\/span><\/div><div class=\"member-details\">V p\u0159\u00edpad\u011b objemn\u00fdch d\u00edl\u016f, s omezen\u00fdm p\u0159\u00edstupem a s ohledem na omezen\u00ed p\u0159epravn\u00edch n\u00e1klad\u016f, m\u00e1me mo\u017enost vyrobit prvky v na\u0161ich d\u00edln\u00e1ch a n\u00e1sledn\u011b je smontovat p\u0159\u00edmo na m\u00edst\u011b p\u0159em\u00edst\u011bn\u00edm na\u0161ich t\u00fdm\u016f kotl\u00e1\u0159\u016f. Na\u0161e manipula\u010dn\u00ed a v\u00fdrobn\u00ed zdroje p\u0159izp\u016fsobujeme prost\u0159ed\u00ed dan\u00e9ho m\u00edsta. Dod\u00e1vce jednotliv\u00fdch d\u00edl\u016f m\u016f\u017ee p\u0159edch\u00e1zet zku\u0161ebn\u00ed mont\u00e1\u017e pro prvn\u00ed p\u0159\u00edjem. Tato pracovn\u00ed metoda tak\u00e9 umo\u017e\u0148uje ka\u017edodenn\u00ed pohled na postup pr\u00e1ce, na techniku a kvalitu kone\u010dn\u00e9 mont\u00e1\u017ee.<\/div><div class=\"team-icons\"><\/div><\/div><\/div>[\/vc_column][vc_column width=&#8221;1\/2&#8243; parallax_repeat=&#8221;cover&#8221; bg_image_postions=&#8221;center center&#8221; p_top=&#8221;10rem&#8221; p_bottom=&#8221;10rem&#8221; parallax_img=&#8221;4071&#8243; offset=&#8221;vc_hidden-xs&#8221; el_class=&#8221;cover-position&#8221;][vc_raw_html][\/vc_raw_html][\/vc_column][\/vc_row][vc_row match_height=&#8221;yes&#8221; vertical_center=&#8221;yes&#8221;][vc_column width=&#8221;1\/2&#8243; parallax_repeat=&#8221;cover&#8221; bg_image_postions=&#8221;center center&#8221; parallax_img=&#8221;1401&#8243; offset=&#8221;vc_hidden-xs&#8221; el_class=&#8221;cover-position-right&#8221;][vc_raw_html][\/vc_raw_html][\/vc_column][vc_column width=&#8221;1\/2&#8243; p_top=&#8221;10rem&#8221; p_bottom=&#8221;10rem&#8221; p_left=&#8221;10%&#8221; p_right=&#8221;20%&#8221; el_class=&#8221;text-position&#8221;]<div class=\"wbc-heading clearfix\"><h5 class=\"default-heading\" style=\"color:#5a5a5a;\">Z\u00e1sah a opravy<\/h5><\/div><div class=\"wbc-heading clearfix\"><h3 class=\"default-heading\" style=\"color:#b4b400;\">Udr\u017eujte sv\u00e9 v\u00fdrobn\u00ed n\u00e1stroje<\/h3><\/div><div class=\"wbc-team-box clearfix\" ><div class=\"wbc-team-content\"><div class=\"team-name\"><h5 >Jane <span class=\"wbc-color\" >Candy<\/span><\/h5><span>\"Lead Coder\"<\/span><\/div><div class=\"member-details\">Nab\u00edz\u00edme na\u0161e odborn\u00e9 znalosti v ot\u00e1zk\u00e1ch \u00fadr\u017eby va\u0161ich v\u00fdrobn\u00edch n\u00e1stroj\u016f. Zaznamen\u00e1v\u00e1me z\u00e1vady a analyzujeme p\u0159\u00ed\u010diny, abychom stanovili celkovou diagn\u00f3zu, abychom v\u00e1m nab\u00eddli co nejhospod\u00e1rn\u011bj\u0161\u00ed trvalou opravu. \u010c\u00e1ste\u010dn\u00e1 renovace, dopln\u011bn\u00ed komponent\u016f: v\u00fdm\u011bna \u010d\u00e1st\u00ed n\u00e1dr\u017e\u00ed, \u00faprava m\u00edch\u00e1n\u00ed, v\u00fdm\u011bna \u0161roubu nebo p\u0159evodov\u00e9ho motoru atd. f\u00e1ze z\u00e1sahu lze \u0159\u00eddit v \u010dase mobilizac\u00ed dostate\u010dn\u011b velk\u00fdch t\u00fdm\u016f a materi\u00e1ln\u00edch zdroj\u016f p\u0159i respektov\u00e1n\u00ed p\u0159esn\u011b napl\u00e1novan\u00fdch provozn\u00edch postup\u016f ve spolupr\u00e1ci s va\u0161\u00edm person\u00e1lem.<\/div><div class=\"team-icons\"><\/div><\/div><\/div>[\/vc_column][\/vc_row][vc_row match_height=&#8221;yes&#8221; vertical_center=&#8221;yes&#8221;][vc_column width=&#8221;1\/2&#8243; p_top=&#8221;10rem&#8221; p_bottom=&#8221;10rem&#8221; p_left=&#8221;10%&#8221; p_right=&#8221;20%&#8221; el_class=&#8221;text-position-right&#8221;]<div class=\"wbc-heading clearfix\"><h5 class=\"default-heading\" style=\"color:#5a5a5a;\">\u00dadr\u017eba a odstra\u0148ov\u00e1n\u00ed probl\u00e9m\u016f<\/h5><\/div><div class=\"wbc-heading clearfix\"><h3 class=\"default-heading\" style=\"color:#b4b400;\">Responzivn\u00ed m\u00edstn\u00ed partner<\/h3><\/div><div class=\"wbc-team-box clearfix\" ><div class=\"wbc-team-content\"><div class=\"team-name\"><h5 >Jane <span class=\"wbc-color\" >Candy<\/span><\/h5><span>\"Lead Coder\"<\/span><\/div><div class=\"member-details\">V kr\u00e1tk\u00fdch term\u00ednech zasahujeme do urgentn\u00edch oprav, \u00fadr\u017eby, oprav, maz\u00e1n\u00ed, se\u0159izov\u00e1n\u00ed a uv\u00e1d\u011bn\u00ed do provozu. Poskytujeme va\u0161im odd\u011blen\u00edm \u00fadr\u017eby sv\u00e1\u0159e\u010de, kotl\u00e1\u0159e a mechaniky, kte\u0159\u00ed mohou doplnit va\u0161e zam\u011bstnance b\u011bhem pl\u00e1novan\u00fdch odst\u00e1vek v\u00fdroby. Na\u0161i technici k v\u00e1m p\u0159ijedou s p\u0159\u00edslu\u0161n\u00fdm n\u00e1\u0159ad\u00edm a v p\u0159\u00edpad\u011b pot\u0159eby i s komponenty p\u0159ipraven\u00fdmi v na\u0161ich d\u00edln\u00e1ch. Nab\u00edz\u00edme tak\u00e9 pomoc p\u0159i sestavov\u00e1n\u00ed pl\u00e1n\u016f preventivn\u00ed \u00fadr\u017eby, v\u017edy s c\u00edlem sn\u00ed\u017eit va\u0161e provozn\u00ed n\u00e1klady.<\/div><div class=\"team-icons\"><\/div><\/div><\/div>[\/vc_column][vc_column width=&#8221;1\/2&#8243; parallax_repeat=&#8221;cover&#8221; bg_image_postions=&#8221;center center&#8221; parallax_img=&#8221;3620&#8243; offset=&#8221;vc_hidden-xs&#8221; el_class=&#8221;cover-position&#8221;][vc_raw_html][\/vc_raw_html][\/vc_column][\/vc_row][vc_row match_height=&#8221;yes&#8221; vertical_center=&#8221;yes&#8221;][vc_column width=&#8221;1\/2&#8243; parallax_repeat=&#8221;cover&#8221; bg_image_postions=&#8221;center center&#8221; parallax_img=&#8221;3489&#8243; offset=&#8221;vc_hidden-xs&#8221; el_class=&#8221;cover-position-right&#8221;][vc_raw_html][\/vc_raw_html][\/vc_column][vc_column width=&#8221;1\/2&#8243; p_top=&#8221;10rem&#8221; p_bottom=&#8221;10rem&#8221; p_left=&#8221;10%&#8221; p_right=&#8221;20%&#8221; el_class=&#8221;text-position&#8221;]<div class=\"wbc-heading clearfix\"><h5 class=\"default-heading\" style=\"color:#5a5a5a;\">Kvalitn\u00ed bezpe\u010dnostn\u00ed prost\u0159ed\u00ed<\/h5><\/div><div class=\"wbc-heading clearfix\"><h3 class=\"default-heading\" style=\"color:#b4b400;\">Glob\u00e1ln\u00ed kvalitativn\u00ed p\u0159\u00edstup<\/h3><\/div><div class=\"wbc-team-box clearfix\" ><div class=\"wbc-team-content\"><div class=\"team-name\"><h5 >Jane <span class=\"wbc-color\" >Candy<\/span><\/h5><span>\"Lead Coder\"<\/span><\/div><div class=\"member-details\">Aby spole\u010dnost M\u00e9tal Performances splnila po\u017eadavky na kvalitu kladen\u00e9 sv\u00fdmi z\u00e1kazn\u00edky, zav\u00e1d\u00ed pravideln\u00e9 kontroly (vizu\u00e1ln\u00ed kontrola, penetra\u010dn\u00ed zkou\u0161ka, test) vedouc\u00edm stavby a z\u00e1v\u011bre\u010dnou kontrolu prov\u00e1d\u00ed projektov\u00fd mana\u017eer v p\u0159\u00edtomnosti z\u00e1kazn\u00edka, aby se ov\u011b\u0159il p\u0159\u00ednos. . Bezpe\u010dnostn\u00ed pokyny jsou stanoveny preventivn\u00edm pl\u00e1nem p\u0159ipraven\u00fdm a definovan\u00fdm s klientem p\u0159ed ka\u017ed\u00fdm z\u00e1sahem. Manipulaci prov\u00e1d\u00ed pracovn\u00edci vy\u0161kolen\u00ed k obsluze stroj\u016f (CACES). Investice do nov\u00e9ho vozov\u00e9ho parku je d\u016fkazem na\u0161eho \u00fasil\u00ed o sn\u00ed\u017een\u00ed dopadu na \u017eivotn\u00ed prost\u0159ed\u00ed.<\/div><div class=\"team-icons\"><\/div><\/div><\/div>[\/vc_column][\/vc_row]<\/p>\n<\/div>","protected":false},"excerpt":{"rendered":"<p>[vc_row row_type=&#8221;full_width&#8221; type=&#8221;container&#8221; bg_select=&#8221;bg_parallax&#8221; parallax_speed=&#8221;4&#8243; parallax_repeat=&#8221;cover&#8221; bg_image_postions=&#8221;center bottom&#8221; parallax_img=&#8221;4066&#8243; parallax_overlay=&#8221;#404040&#8243; el_class=&#8221;bg-pages&#8221;][vc_column][vc_raw_html][\/vc_raw_html][\/vc_column][\/vc_row][vc_row row_type=&#8221;full_width&#8221; type=&#8221;container&#8221; bg_color=&#8221;#fbfbfb&#8221; el_class=&#8221;h1-pages&#8221;][vc_column el_class=&#8221;heading-pages&#8221;][vc_single_image image=&#8221;2202&#8243; img_size=&#8221;full&#8221; alignment=&#8221;center&#8221;][vc_column_text] [\/vc_column_text][\/vc_column][\/vc_row][vc_row match_height=&#8221;yes&#8221; vertical_center=&#8221;yes&#8221;][vc_column width=&#8221;1\/2&#8243; parallax_repeat=&#8221;cover&#8221; bg_image_postions=&#8221;center center&#8221; parallax_img=&#8221;3473&#8243; offset=&#8221;vc_hidden-xs&#8221; el_class=&#8221;cover-position-right&#8221;][vc_raw_html][\/vc_raw_html][\/vc_column][vc_column width=&#8221;1\/2&#8243; content_align=&#8221;text-left&#8221; p_top=&#8221;10rem&#8221; p_bottom=&#8221;10rem&#8221; p_left=&#8221;10%&#8221; p_right=&#8221;20%&#8221; el_class=&#8221;text-position&#8221;][\/vc_column][\/vc_row][vc_row match_height=&#8221;yes&#8221; vertical_center=&#8221;yes&#8221;][vc_column width=&#8221;1\/2&#8243; content_align=&#8221;text-right&#8221; p_top=&#8221;10rem&#8221; p_bottom=&#8221;10rem&#8221; p_left=&#8221;20%&#8221; p_right=&#8221;10%&#8221; el_class=&#8221;text-position-right&#8221;][\/vc_column][vc_column width=&#8221;1\/2&#8243; parallax_repeat=&#8221;cover&#8221; bg_image_postions=&#8221;center center&#8221; p_top=&#8221;10rem&#8221; p_bottom=&#8221;10rem&#8221; parallax_img=&#8221;4071&#8243; offset=&#8221;vc_hidden-xs&#8221; el_class=&#8221;cover-position&#8221;][vc_raw_html][\/vc_raw_html][\/vc_column][\/vc_row][vc_row match_height=&#8221;yes&#8221; [&hellip;]<\/p>\n","protected":false},"author":1,"featured_media":0,"parent":0,"menu_order":0,"comment_status":"closed","ping_status":"closed","template":"template-page-full.php","meta":{"footnotes":""},"class_list":["post-2563","page","type-page","status-publish","hentry"],"_links":{"self":[{"href":"https:\/\/metalperformances.com\/cs\/wp-json\/wp\/v2\/pages\/2563","targetHints":{"allow":["GET"]}}],"collection":[{"href":"https:\/\/metalperformances.com\/cs\/wp-json\/wp\/v2\/pages"}],"about":[{"href":"https:\/\/metalperformances.com\/cs\/wp-json\/wp\/v2\/types\/page"}],"author":[{"embeddable":true,"href":"https:\/\/metalperformances.com\/cs\/wp-json\/wp\/v2\/users\/1"}],"replies":[{"embeddable":true,"href":"https:\/\/metalperformances.com\/cs\/wp-json\/wp\/v2\/comments?post=2563"}],"version-history":[{"count":16,"href":"https:\/\/metalperformances.com\/cs\/wp-json\/wp\/v2\/pages\/2563\/revisions"}],"predecessor-version":[{"id":4146,"href":"https:\/\/metalperformances.com\/cs\/wp-json\/wp\/v2\/pages\/2563\/revisions\/4146"}],"wp:attachment":[{"href":"https:\/\/metalperformances.com\/cs\/wp-json\/wp\/v2\/media?parent=2563"}],"curies":[{"name":"wp","href":"https:\/\/api.w.org\/{rel}","templated":true}]}}