{"id":2556,"date":"2022-01-20T11:33:23","date_gmt":"2022-01-20T10:33:23","guid":{"rendered":"https:\/\/metalperformances.com\/potrubi\/"},"modified":"2022-10-17T08:28:44","modified_gmt":"2022-10-17T06:28:44","slug":"potrubi","status":"publish","type":"page","link":"https:\/\/metalperformances.com\/cs\/potrubi\/","title":{"rendered":"Potrub\u00ed"},"content":{"rendered":"<div class=\"wpb-content-wrapper\"><p>[vc_row row_type=&#8221;full_width&#8221; type=&#8221;container&#8221; bg_select=&#8221;bg_parallax&#8221; parallax_speed=&#8221;4&#8243; bg_image_postions=&#8221;center bottom&#8221; parallax_img=&#8221;4077&#8243; parallax_overlay=&#8221;#404040&#8243; el_class=&#8221;bg-pages&#8221;][vc_column][vc_raw_html][\/vc_raw_html][\/vc_column][\/vc_row][vc_row row_type=&#8221;full_width&#8221; type=&#8221;container&#8221; bg_color=&#8221;#fbfbfb&#8221; el_class=&#8221;h1-pages&#8221;][vc_column el_class=&#8221;heading-pages&#8221;]<div class=\"wbc-heading clearfix\"><h1 class=\"special-heading-3 xs-responsive-text-30 sm-responsive-text-40 md-responsive-text-45\" style=\"font-size:90px;line-height:60px;text-align:center;\">POTRUB\u00cd<\/h1><\/div><div class=\"wbc-heading clearfix\"><h3 class=\"default-heading\" style=\"font-size:30px;color:#dc3d3f;text-align:center;padding-top:5rem;\"><\/h3><\/div>[vc_single_image image=&#8221;2202&#8243; img_size=&#8221;full&#8221; alignment=&#8221;center&#8221;][vc_column_text]<\/p>\n<p style=\"font-size: 1.5rem; text-align: center;\">[\/vc_column_text][\/vc_column][\/vc_row][vc_row match_height=&#8221;yes&#8221; vertical_center=&#8221;yes&#8221;][vc_column width=&#8221;1\/2&#8243; parallax_repeat=&#8221;cover&#8221; bg_image_postions=&#8221;center center&#8221; parallax_img=&#8221;4081&#8243; offset=&#8221;vc_hidden-xs&#8221; el_class=&#8221;cover-position-right&#8221;][vc_raw_html][\/vc_raw_html][\/vc_column][vc_column width=&#8221;1\/2&#8243; content_align=&#8221;text-left&#8221; p_top=&#8221;10rem&#8221; p_bottom=&#8221;10rem&#8221; p_left=&#8221;10%&#8221; p_right=&#8221;20%&#8221; el_class=&#8221;text-position&#8221;]<div class=\"wbc-heading clearfix\"><h5 class=\"default-heading\" style=\"color:#5a5a5a;\">Procesn\u00ed potrub\u00ed<\/h5><\/div><div class=\"wbc-heading clearfix\"><h3 class=\"default-heading\" style=\"color:#b4b400;\">Implementace va\u0161eho procesu<\/h3><\/div><div class=\"wbc-team-box clearfix\" style=\"color:#646464;\"><div class=\"wbc-team-content\"><div class=\"team-name\"><h5 >Jane <span class=\"wbc-color\" >Candy<\/span><\/h5><span>\"Lead Coder\"<\/span><\/div><div class=\"member-details\">Na\u0161e t\u00fdmy potrub\u00e1\u0159\u016f pracuj\u00ed na z\u00e1klad\u011b pl\u00e1n\u016f a sch\u00e9mat, kter\u00e9 vytv\u00e1\u0159\u00ed na\u0161e projek\u010dn\u00ed kancel\u00e1\u0159 nebo kter\u00e9 n\u00e1m dod\u00e1vaj\u00ed p\u0159\u00edmo na\u0161i z\u00e1kazn\u00edci. Respektujeme specifika vy\u017eadovan\u00e1 pro vytvo\u0159en\u00e9 procesy, inertn\u00ed svary, kvalifikaci zpracov\u00e1n\u00ed potravin, \u010di\u0161t\u011bn\u00ed na m\u00edst\u011b. Na\u0161i potrub\u00e1\u0159i jsou vy\u0161koleni v technik\u00e1ch instalace ve\u0161ker\u00e9ho za\u0159\u00edzen\u00ed v procesu, \u010derpadel, p\u0159\u00edstroj\u016f, ventil\u016f a armatur. Zab\u00fdv\u00e1me se tak\u00e9 pr\u00e1\u0161kov\u00fdmi procesy a zaji\u0161\u0165ujeme mont\u00e1\u017e pneumatick\u00fdch dopravn\u00edch linek. N\u00e1\u0161 potrub\u00e1\u0159sk\u00fd t\u00fdm tak dopl\u0148uje nab\u00eddku kotl\u00e1\u0159sk\u00fdch prac\u00ed.<\/div><div class=\"team-icons\"><\/div><\/div><\/div>[\/vc_column][\/vc_row][vc_row match_height=&#8221;yes&#8221; vertical_center=&#8221;yes&#8221;][vc_column width=&#8221;1\/2&#8243; content_align=&#8221;text-right&#8221; p_top=&#8221;10rem&#8221; p_bottom=&#8221;10rem&#8221; p_left=&#8221;20%&#8221; p_right=&#8221;10%&#8221; el_class=&#8221;text-position-right&#8221;]<div class=\"wbc-heading clearfix\"><h5 class=\"default-heading\" style=\"color:#5a5a5a;text-align:left;\">In\u017een\u00fdrsk\u00e9 potrub\u00ed<\/h5><\/div><div class=\"wbc-heading clearfix\"><h3 class=\"default-heading\" style=\"color:#b4b400;text-align:left;\">Propojen\u00ed va\u0161ich za\u0159\u00edzen\u00ed<\/h3><\/div><div class=\"wbc-team-box clearfix\" ><div class=\"wbc-team-content\"><div class=\"team-name\"><h5 >Jane <span class=\"wbc-color\" >Candy<\/span><\/h5><span>\"Lead Coder\"<\/span><\/div><div class=\"member-details\">Na\u0161e t\u00fdmy potrub\u00ed prov\u00e1d\u011bj\u00ed mont\u00e1\u017ee rozvod\u016f u\u017eitkov\u00fdch kapalin, tepl\u00e9 vody, studen\u00e9 vody, vzduchu, plynu, p\u00e1ry. Definuj\u00ed nejvhodn\u011bj\u0161\u00ed trasu pro \u017eivotn\u00ed prost\u0159ed\u00ed v souladu s normami platn\u00fdmi pro distribuovanou kapalinu. Zvl\u00e1daj\u00ed v\u00fdrobu v\u0161ech pot\u0159ebn\u00fdch prim\u00e1rn\u00edch a sekund\u00e1rn\u00edch podp\u011br. Pro realizaci va\u0161eho projektu poskytujeme kvalifikovan\u00fd person\u00e1l s p\u0159\u00edslu\u0161n\u00fdmi licencemi. M\u016f\u017eeme v\u00e1m tak\u00e9 pomoci p\u0159i prov\u00e1d\u011bn\u00ed zkou\u0161ek nebo regula\u010dn\u00edch kontrol a pomoci v\u00e1m s uveden\u00edm za\u0159\u00edzen\u00ed do provozu.<\/div><div class=\"team-icons\"><\/div><\/div><\/div>[\/vc_column][vc_column width=&#8221;1\/2&#8243; parallax_repeat=&#8221;cover&#8221; bg_image_postions=&#8221;center center&#8221; p_top=&#8221;10rem&#8221; p_bottom=&#8221;10rem&#8221; parallax_img=&#8221;4085&#8243; offset=&#8221;vc_hidden-xs&#8221; el_class=&#8221;cover-position&#8221;][vc_raw_html][\/vc_raw_html][\/vc_column][\/vc_row][vc_row match_height=&#8221;yes&#8221; vertical_center=&#8221;yes&#8221;][vc_column width=&#8221;1\/2&#8243; parallax_repeat=&#8221;cover&#8221; bg_image_postions=&#8221;center center&#8221; parallax_img=&#8221;4089&#8243; offset=&#8221;vc_hidden-xs&#8221; el_class=&#8221;cover-position-right&#8221;][vc_raw_html][\/vc_raw_html][\/vc_column][vc_column width=&#8221;1\/2&#8243; p_top=&#8221;10rem&#8221; p_bottom=&#8221;10rem&#8221; p_left=&#8221;10%&#8221; p_right=&#8221;20%&#8221; el_class=&#8221;text-position&#8221;]<div class=\"wbc-heading clearfix\"><h5 class=\"default-heading\" style=\"color:#5a5a5a;\">Smyk a prefabrikace<\/h5><\/div><div class=\"wbc-heading clearfix\"><h3 class=\"default-heading\" style=\"color:#b4b400;\">V\u00fdroba ly\u017ein v d\u00edln\u011b<\/h3><\/div><div class=\"wbc-team-box clearfix\" ><div class=\"wbc-team-content\"><div class=\"team-name\"><h5 >Jane <span class=\"wbc-color\" >Candy<\/span><\/h5><span>\"Lead Coder\"<\/span><\/div><div class=\"member-details\">Li\u017einy vyr\u00e1b\u00edme v d\u00edln\u011b podle pl\u00e1n\u016f, kter\u00e9 n\u00e1m dod\u00e1te, nebo podle studi\u00ed na\u0161\u00ed projek\u010dn\u00ed kancel\u00e1\u0159e.<\/p>\n<ul>\n<li>Smyky na v\u00fdrobu hork\u00e9 vody a p\u00e1ry<\/li>\n<li>Spou\u0161t\u011bc\u00ed stanice (n\u00e1dr\u017ee + \u010derpadla)<\/li>\n<li>Tepeln\u00e1 \u00faprava skluznice<\/li>\n<li>posilovac\u00ed stanice<\/li>\n<li>Push-up stanice<\/li>\n<li>Smyk na v\u00fdrobu stla\u010den\u00e9ho vzduchu<\/li>\n<li>Rozd\u011blova\u010d<\/li>\n<\/ul>\n<p>P\u0159i prov\u00e1d\u011bn\u00ed elektroinstalace v na\u0161ich d\u00edln\u00e1ch spolupracujeme s elektroenergetick\u00fdmi a automatiza\u010dn\u00edmi spole\u010dnostmi a umo\u017e\u0148ujeme proveden\u00ed zkou\u0161ek a p\u0159\u00edpadn\u00e9 p\u0159ej\u00edmky p\u0159ed dod\u00e1n\u00edm.<\/div><div class=\"team-icons\"><\/div><\/div><\/div>[\/vc_column][\/vc_row][vc_row match_height=&#8221;yes&#8221; vertical_center=&#8221;yes&#8221;][vc_column width=&#8221;1\/2&#8243; p_top=&#8221;10rem&#8221; p_bottom=&#8221;10rem&#8221; p_left=&#8221;20%&#8221; p_right=&#8221;10%&#8221; el_class=&#8221;text-position-right&#8221;]<div class=\"wbc-heading clearfix\"><h5 class=\"default-heading\" style=\"color:#5a5a5a;text-align:left;\">\u00dadr\u017eba a odstra\u0148ov\u00e1n\u00ed probl\u00e9m\u016f<\/h5><\/div><div class=\"wbc-heading clearfix\"><h3 class=\"default-heading\" style=\"color:#b4b400;text-align:left;\">Responzivn\u00ed m\u00edstn\u00ed partner<\/h3><\/div><div class=\"wbc-team-box clearfix\" ><div class=\"wbc-team-content\"><div class=\"team-name\"><h5 >Jane <span class=\"wbc-color\" >Candy<\/span><\/h5><span>\"Lead Coder\"<\/span><\/div><div class=\"member-details\">P\u0159i oprav\u00e1ch zas\u00e1hneme co nejd\u0159\u00edve t\u00edm, \u017ee v\u00e1m poskytneme servisn\u00ed slu\u017eby sv\u00e1\u0159e\u010d\u016f a mont\u00e9r\u016f trubek. Na\u0161i technici k v\u00e1m p\u0159ijedou s vhodn\u00fdm n\u00e1\u0159ad\u00edm a v p\u0159\u00edpad\u011b pot\u0159eby s komponenty p\u0159ipraven\u00fdmi v na\u0161ich d\u00edln\u00e1ch nebo dostupn\u00fdmi v na\u0161em skladu materi\u00e1l\u016f.<br \/>\nM\u016f\u017eeme v\u00e1m tak\u00e9 nab\u00eddnout na\u0161e odborn\u00e9 znalosti pro probl\u00e9my s hydraulick\u00fdmi, pneumatick\u00fdmi nebo tepeln\u00fdmi poruchami. Dok\u00e1\u017eeme se p\u0159izp\u016fsobit va\u0161im v\u00fdrobn\u00edm omezen\u00edm a zasahovat b\u011bhem kr\u00e1tk\u00fdch pl\u00e1novan\u00fdch obdob\u00ed, b\u011bhem pl\u00e1novan\u00fdch odst\u00e1vek nebo v rozlo\u017een\u00fdch term\u00ednech.<\/div><div class=\"team-icons\"><\/div><\/div><\/div>[\/vc_column][vc_column width=&#8221;1\/2&#8243; parallax_repeat=&#8221;cover&#8221; bg_image_postions=&#8221;center center&#8221; p_top=&#8221;10rem&#8221; p_bottom=&#8221;10rem&#8221; parallax_img=&#8221;4093&#8243; offset=&#8221;vc_hidden-xs&#8221; el_class=&#8221;cover-position&#8221;][vc_raw_html][\/vc_raw_html][\/vc_column][\/vc_row][vc_row match_height=&#8221;yes&#8221; vertical_center=&#8221;yes&#8221;][vc_column width=&#8221;1\/2&#8243; parallax_repeat=&#8221;cover&#8221; bg_image_postions=&#8221;center center&#8221; parallax_img=&#8221;4097&#8243; offset=&#8221;vc_hidden-xs&#8221; el_class=&#8221;cover-position-right&#8221;][vc_raw_html][\/vc_raw_html][\/vc_column][vc_column width=&#8221;1\/2&#8243; p_top=&#8221;10rem&#8221; p_bottom=&#8221;10rem&#8221; p_left=&#8221;10%&#8221; p_right=&#8221;20%&#8221; el_class=&#8221;text-position&#8221;]<div class=\"wbc-heading clearfix\"><h5 class=\"default-heading\" style=\"color:#5a5a5a;\">Kvalitn\u00ed bezpe\u010dnostn\u00ed prost\u0159ed\u00ed<\/h5><\/div><div class=\"wbc-heading clearfix\"><h3 class=\"default-heading\" style=\"color:#b4b400;\">Glob\u00e1ln\u00ed kvalitativn\u00ed p\u0159\u00edstup<\/h3><\/div><div class=\"wbc-team-box clearfix\" ><div class=\"wbc-team-content\"><div class=\"team-name\"><h5 >Jane <span class=\"wbc-color\" >Candy<\/span><\/h5><span>\"Lead Coder\"<\/span><\/div><div class=\"member-details\">M\u00e9tal Performances poskytuje pro va\u0161e potrubn\u00ed projekty technick\u00e9, materi\u00e1lov\u00e9 a lidsk\u00e9 zdroje, kter\u00e9 spl\u0148uj\u00ed po\u017eadavky na kvalitu t\u011bch nejtechni\u010dt\u011bj\u0161\u00edch odv\u011btv\u00ed. Poskytujeme pracovn\u00ed v\u00fdkazy, sv\u00e1\u0159e\u010dsk\u00e9 protokoly, certifik\u00e1ty o sledovatelnosti materi\u00e1lu a p\u0159\u00edpadn\u00e9 zku\u0161ebn\u00ed certifik\u00e1ty. P\u0159i na\u0161ich z\u00e1saz\u00edch je prioritou bezpe\u010dnost, zavazujeme se respektovat pravidla specifick\u00e1 pro ka\u017edou spole\u010dnost. Klademe velk\u00fd d\u016fraz na sni\u017eov\u00e1n\u00ed spot\u0159eby energie, spot\u0159eby sva\u0159ovac\u00edch a inertn\u00edch plyn\u016f a emis\u00ed odpad\u016f na staveni\u0161ti.<\/div><div class=\"team-icons\"><\/div><\/div><\/div>[\/vc_column][\/vc_row]<\/p>\n<\/div>","protected":false},"excerpt":{"rendered":"<p>[vc_row row_type=&#8221;full_width&#8221; type=&#8221;container&#8221; bg_select=&#8221;bg_parallax&#8221; parallax_speed=&#8221;4&#8243; bg_image_postions=&#8221;center bottom&#8221; parallax_img=&#8221;4077&#8243; parallax_overlay=&#8221;#404040&#8243; el_class=&#8221;bg-pages&#8221;][vc_column][vc_raw_html][\/vc_raw_html][\/vc_column][\/vc_row][vc_row row_type=&#8221;full_width&#8221; type=&#8221;container&#8221; bg_color=&#8221;#fbfbfb&#8221; el_class=&#8221;h1-pages&#8221;][vc_column el_class=&#8221;heading-pages&#8221;][vc_single_image image=&#8221;2202&#8243; img_size=&#8221;full&#8221; alignment=&#8221;center&#8221;][vc_column_text] [\/vc_column_text][\/vc_column][\/vc_row][vc_row match_height=&#8221;yes&#8221; vertical_center=&#8221;yes&#8221;][vc_column width=&#8221;1\/2&#8243; parallax_repeat=&#8221;cover&#8221; bg_image_postions=&#8221;center center&#8221; parallax_img=&#8221;4081&#8243; offset=&#8221;vc_hidden-xs&#8221; el_class=&#8221;cover-position-right&#8221;][vc_raw_html][\/vc_raw_html][\/vc_column][vc_column width=&#8221;1\/2&#8243; content_align=&#8221;text-left&#8221; p_top=&#8221;10rem&#8221; p_bottom=&#8221;10rem&#8221; p_left=&#8221;10%&#8221; p_right=&#8221;20%&#8221; el_class=&#8221;text-position&#8221;][\/vc_column][\/vc_row][vc_row match_height=&#8221;yes&#8221; vertical_center=&#8221;yes&#8221;][vc_column width=&#8221;1\/2&#8243; content_align=&#8221;text-right&#8221; p_top=&#8221;10rem&#8221; p_bottom=&#8221;10rem&#8221; p_left=&#8221;20%&#8221; p_right=&#8221;10%&#8221; el_class=&#8221;text-position-right&#8221;][\/vc_column][vc_column width=&#8221;1\/2&#8243; parallax_repeat=&#8221;cover&#8221; bg_image_postions=&#8221;center center&#8221; p_top=&#8221;10rem&#8221; p_bottom=&#8221;10rem&#8221; parallax_img=&#8221;4085&#8243; offset=&#8221;vc_hidden-xs&#8221; el_class=&#8221;cover-position&#8221;][vc_raw_html][\/vc_raw_html][\/vc_column][\/vc_row][vc_row match_height=&#8221;yes&#8221; vertical_center=&#8221;yes&#8221;][vc_column [&hellip;]<\/p>\n","protected":false},"author":1,"featured_media":0,"parent":0,"menu_order":0,"comment_status":"closed","ping_status":"closed","template":"template-page-full.php","meta":{"footnotes":""},"class_list":["post-2556","page","type-page","status-publish","hentry"],"_links":{"self":[{"href":"https:\/\/metalperformances.com\/cs\/wp-json\/wp\/v2\/pages\/2556","targetHints":{"allow":["GET"]}}],"collection":[{"href":"https:\/\/metalperformances.com\/cs\/wp-json\/wp\/v2\/pages"}],"about":[{"href":"https:\/\/metalperformances.com\/cs\/wp-json\/wp\/v2\/types\/page"}],"author":[{"embeddable":true,"href":"https:\/\/metalperformances.com\/cs\/wp-json\/wp\/v2\/users\/1"}],"replies":[{"embeddable":true,"href":"https:\/\/metalperformances.com\/cs\/wp-json\/wp\/v2\/comments?post=2556"}],"version-history":[{"count":12,"href":"https:\/\/metalperformances.com\/cs\/wp-json\/wp\/v2\/pages\/2556\/revisions"}],"predecessor-version":[{"id":4110,"href":"https:\/\/metalperformances.com\/cs\/wp-json\/wp\/v2\/pages\/2556\/revisions\/4110"}],"wp:attachment":[{"href":"https:\/\/metalperformances.com\/cs\/wp-json\/wp\/v2\/media?parent=2556"}],"curies":[{"name":"wp","href":"https:\/\/api.w.org\/{rel}","templated":true}]}}